{"id":3756,"date":"2026-04-14T15:25:10","date_gmt":"2026-04-14T13:25:10","guid":{"rendered":"https:\/\/elm-formaction.fr\/?post_type=product&#038;p=3756"},"modified":"2026-04-14T18:49:30","modified_gmt":"2026-04-14T16:49:30","slug":"alarme-incendie-type-4-autonome","status":"publish","type":"product","link":"https:\/\/elm-formaction.fr\/index.php\/produit\/alarme-incendie-type-4-autonome\/","title":{"rendered":"Alarme type 4 autonome"},"content":{"rendered":"<p data-start=\"219\" data-end=\"406\">Assurez la s\u00e9curit\u00e9 de vos locaux avec cette alarme incendie type 4 autonome, con\u00e7ue pour offrir une solution simple, fiable et conforme aux exigences de s\u00e9curit\u00e9 incendie en vigueur.<\/p>\n<p data-start=\"408\" data-end=\"614\">Indispensable dans de nombreux \u00e9tablissements recevant du public (ERP), cette alarme permet de signaler rapidement tout d\u00e9part de feu afin de faciliter l\u2019\u00e9vacuation des occupants et limiter les risques.<\/p>\n<p data-start=\"616\" data-end=\"921\">Facile \u00e0 installer, elle ne n\u00e9cessite aucune configuration complexe : son fonctionnement autonome la rend imm\u00e9diatement op\u00e9rationnelle d\u00e8s sa mise en service. C\u2019est la solution id\u00e9ale pour les commerces, bureaux, \u00e9coles, associations ou petits \u00e9tablissements souhaitant se mettre en conformit\u00e9 rapidement.<\/p>\n<p data-start=\"923\" data-end=\"1052\">Compacte et efficace, elle garantit une alarme sonore puissante et clairement audible, m\u00eame dans des environnements bruyants.<\/p>\n<p data-start=\"923\" data-end=\"1052\">L&rsquo;alarme incendie autonome de type 4, int\u00e8gre un d\u00e9clencheur manuel et un diffuseur sonore. L&rsquo;action du d\u00e9clencheur manuel engendre le d\u00e9clenchement imm\u00e9diat de l&rsquo;avertisseur sonore. C&rsquo;est un syst\u00e8me de s\u00e9curit\u00e9 incendie de cat\u00e9gorie E, destin\u00e9 \u00e0 \u00eatre utilis\u00e9 dans les \u00e9tablissements recevant du public selon la r\u00e9glementation en vigueur.<\/p>\n<p data-start=\"923\" data-end=\"1052\">Les plus produit :<\/p>\n<ul>\n<li data-start=\"923\" data-end=\"1052\">4 ans d&rsquo;autonomie en veille.<\/li>\n<li data-start=\"923\" data-end=\"1052\">Peux se raccorder \u00e0 un d\u00e9clenchement manuel ou une deuxi\u00e8me alarme.<\/li>\n<li data-start=\"923\" data-end=\"1052\">Mise en place facile et rapide.<\/li>\n<li data-start=\"923\" data-end=\"1052\">Mat\u00e9riel haute qualit\u00e9.<\/li>\n<\/ul>\n","protected":false},"excerpt":{"rendered":"<p data-start=\"219\" data-end=\"406\">Assurez la s\u00e9curit\u00e9 de vos locaux avec cette alarme incendie type 4 autonome, con\u00e7ue pour offrir une solution simple, fiable et conforme aux exigences de s\u00e9curit\u00e9 incendie en vigueur.<\/p>\n<p data-start=\"408\" data-end=\"614\">Indispensable dans de nombreux \u00e9tablissements recevant du public (ERP), cette alarme permet de signaler rapidement tout d\u00e9part de feu afin de faciliter l\u2019\u00e9vacuation des occupants et limiter les risques.<\/p>\n","protected":false},"featured_media":3759,"comment_status":"closed","ping_status":"closed","template":"","meta":[],"product_brand":[],"product_cat":[46],"product_tag":[],"class_list":{"0":"post-3756","1":"product","2":"type-product","3":"status-publish","4":"has-post-thumbnail","6":"product_cat-non-classe","8":"first","9":"instock","10":"shipping-taxable","11":"purchasable","12":"product-type-simple"},"yoast_head":"<!-- This site is optimized with the Yoast SEO plugin v27.4 - https:\/\/yoast.com\/product\/yoast-seo-wordpress\/ -->\n<title>Alarme incendie type 4 autonome \u2013 Conforme ERP<\/title>\n<meta name=\"description\" content=\"Alarme incendie type 4 autonome id\u00e9ale pour ERP et petits \u00e9tablissements. Installation rapide, conforme aux normes de s\u00e9curit\u00e9 incendie. Livraison rapide.\" \/>\n<meta name=\"robots\" content=\"index, follow, max-snippet:-1, max-image-preview:large, max-video-preview:-1\" \/>\n<link rel=\"canonical\" href=\"https:\/\/elm-formaction.fr\/index.php\/produit\/alarme-incendie-type-4-autonome\/\" \/>\n<meta property=\"og:locale\" content=\"fr_FR\" \/>\n<meta property=\"og:type\" content=\"article\" \/>\n<meta property=\"og:title\" content=\"Alarme incendie type 4 autonome \u2013 Conforme ERP\" \/>\n<meta property=\"og:description\" content=\"Alarme incendie type 4 autonome id\u00e9ale pour ERP et petits \u00e9tablissements. Installation rapide, conforme aux normes de s\u00e9curit\u00e9 incendie. Livraison rapide.\" \/>\n<meta property=\"og:url\" content=\"https:\/\/elm-formaction.fr\/index.php\/produit\/alarme-incendie-type-4-autonome\/\" \/>\n<meta property=\"og:site_name\" content=\"ELM-FORMACTION\" \/>\n<meta property=\"article:publisher\" content=\"https:\/\/www.facebook.com\/people\/ELM-FormAction\/61573750692677\/\" \/>\n<meta property=\"article:modified_time\" content=\"2026-04-14T16:49:30+00:00\" \/>\n<meta property=\"og:image\" content=\"https:\/\/elm-formaction.fr\/wp-content\/uploads\/2026\/04\/IMG_5859-scaled-e1776185323696.jpeg\" \/>\n\t<meta property=\"og:image:width\" content=\"1036\" \/>\n\t<meta property=\"og:image:height\" content=\"1821\" \/>\n\t<meta property=\"og:image:type\" content=\"image\/jpeg\" \/>\n<meta name=\"twitter:card\" content=\"summary_large_image\" \/>\n<meta name=\"twitter:label1\" content=\"Dur\u00e9e de lecture estim\u00e9e\" \/>\n\t<meta name=\"twitter:data1\" content=\"2 minutes\" \/>\n<script type=\"application\/ld+json\" class=\"yoast-schema-graph\">{\"@context\":\"https:\\\/\\\/schema.org\",\"@graph\":[{\"@type\":\"WebPage\",\"@id\":\"https:\\\/\\\/elm-formaction.fr\\\/index.php\\\/produit\\\/alarme-incendie-type-4-autonome\\\/\",\"url\":\"https:\\\/\\\/elm-formaction.fr\\\/index.php\\\/produit\\\/alarme-incendie-type-4-autonome\\\/\",\"name\":\"Alarme incendie type 4 autonome \u2013 Conforme ERP\",\"isPartOf\":{\"@id\":\"https:\\\/\\\/elm-formaction.fr\\\/#website\"},\"primaryImageOfPage\":{\"@id\":\"https:\\\/\\\/elm-formaction.fr\\\/index.php\\\/produit\\\/alarme-incendie-type-4-autonome\\\/#primaryimage\"},\"image\":{\"@id\":\"https:\\\/\\\/elm-formaction.fr\\\/index.php\\\/produit\\\/alarme-incendie-type-4-autonome\\\/#primaryimage\"},\"thumbnailUrl\":\"https:\\\/\\\/elm-formaction.fr\\\/wp-content\\\/uploads\\\/2026\\\/04\\\/IMG_5859-scaled-e1776185421671.jpeg\",\"datePublished\":\"2026-04-14T13:25:10+00:00\",\"dateModified\":\"2026-04-14T16:49:30+00:00\",\"description\":\"Alarme incendie type 4 autonome id\u00e9ale pour ERP et petits \u00e9tablissements. Installation rapide, conforme aux normes de s\u00e9curit\u00e9 incendie. Livraison rapide.\",\"breadcrumb\":{\"@id\":\"https:\\\/\\\/elm-formaction.fr\\\/index.php\\\/produit\\\/alarme-incendie-type-4-autonome\\\/#breadcrumb\"},\"inLanguage\":\"fr-FR\",\"potentialAction\":[{\"@type\":\"ReadAction\",\"target\":[\"https:\\\/\\\/elm-formaction.fr\\\/index.php\\\/produit\\\/alarme-incendie-type-4-autonome\\\/\"]}]},{\"@type\":\"ImageObject\",\"inLanguage\":\"fr-FR\",\"@id\":\"https:\\\/\\\/elm-formaction.fr\\\/index.php\\\/produit\\\/alarme-incendie-type-4-autonome\\\/#primaryimage\",\"url\":\"https:\\\/\\\/elm-formaction.fr\\\/wp-content\\\/uploads\\\/2026\\\/04\\\/IMG_5859-scaled-e1776185421671.jpeg\",\"contentUrl\":\"https:\\\/\\\/elm-formaction.fr\\\/wp-content\\\/uploads\\\/2026\\\/04\\\/IMG_5859-scaled-e1776185421671.jpeg\",\"width\":500,\"height\":879},{\"@type\":\"BreadcrumbList\",\"@id\":\"https:\\\/\\\/elm-formaction.fr\\\/index.php\\\/produit\\\/alarme-incendie-type-4-autonome\\\/#breadcrumb\",\"itemListElement\":[{\"@type\":\"ListItem\",\"position\":1,\"name\":\"Accueil\",\"item\":\"https:\\\/\\\/elm-formaction.fr\\\/\"},{\"@type\":\"ListItem\",\"position\":2,\"name\":\"Boutique\",\"item\":\"https:\\\/\\\/elm-formaction.fr\\\/index.php\\\/boutique\\\/\"},{\"@type\":\"ListItem\",\"position\":3,\"name\":\"Alarme type 4 autonome\"}]},{\"@type\":\"WebSite\",\"@id\":\"https:\\\/\\\/elm-formaction.fr\\\/#website\",\"url\":\"https:\\\/\\\/elm-formaction.fr\\\/\",\"name\":\"ELM-FORMACTION\",\"description\":\"Formez vous aujourd&#039;hui, agissez demain\",\"publisher\":{\"@id\":\"https:\\\/\\\/elm-formaction.fr\\\/#organization\"},\"potentialAction\":[{\"@type\":\"SearchAction\",\"target\":{\"@type\":\"EntryPoint\",\"urlTemplate\":\"https:\\\/\\\/elm-formaction.fr\\\/?s={search_term_string}\"},\"query-input\":{\"@type\":\"PropertyValueSpecification\",\"valueRequired\":true,\"valueName\":\"search_term_string\"}}],\"inLanguage\":\"fr-FR\"},{\"@type\":\"Organization\",\"@id\":\"https:\\\/\\\/elm-formaction.fr\\\/#organization\",\"name\":\"ELM-FORMACTION\",\"url\":\"https:\\\/\\\/elm-formaction.fr\\\/\",\"logo\":{\"@type\":\"ImageObject\",\"inLanguage\":\"fr-FR\",\"@id\":\"https:\\\/\\\/elm-formaction.fr\\\/#\\\/schema\\\/logo\\\/image\\\/\",\"url\":\"https:\\\/\\\/elm-formaction.fr\\\/wp-content\\\/uploads\\\/2025\\\/06\\\/Logo-pour-fond-blanc-2.svg\",\"contentUrl\":\"https:\\\/\\\/elm-formaction.fr\\\/wp-content\\\/uploads\\\/2025\\\/06\\\/Logo-pour-fond-blanc-2.svg\",\"width\":493,\"height\":158,\"caption\":\"ELM-FORMACTION\"},\"image\":{\"@id\":\"https:\\\/\\\/elm-formaction.fr\\\/#\\\/schema\\\/logo\\\/image\\\/\"},\"sameAs\":[\"https:\\\/\\\/www.facebook.com\\\/people\\\/ELM-FormAction\\\/61573750692677\\\/\",\"https:\\\/\\\/www.instagram.com\\\/elm_formaction\\\/\"]}]}<\/script>\n<!-- \/ Yoast SEO plugin. -->","yoast_head_json":{"title":"Alarme incendie type 4 autonome \u2013 Conforme ERP","description":"Alarme incendie type 4 autonome id\u00e9ale pour ERP et petits \u00e9tablissements. Installation rapide, conforme aux normes de s\u00e9curit\u00e9 incendie. Livraison rapide.","robots":{"index":"index","follow":"follow","max-snippet":"max-snippet:-1","max-image-preview":"max-image-preview:large","max-video-preview":"max-video-preview:-1"},"canonical":"https:\/\/elm-formaction.fr\/index.php\/produit\/alarme-incendie-type-4-autonome\/","og_locale":"fr_FR","og_type":"article","og_title":"Alarme incendie type 4 autonome \u2013 Conforme ERP","og_description":"Alarme incendie type 4 autonome id\u00e9ale pour ERP et petits \u00e9tablissements. Installation rapide, conforme aux normes de s\u00e9curit\u00e9 incendie. Livraison rapide.","og_url":"https:\/\/elm-formaction.fr\/index.php\/produit\/alarme-incendie-type-4-autonome\/","og_site_name":"ELM-FORMACTION","article_publisher":"https:\/\/www.facebook.com\/people\/ELM-FormAction\/61573750692677\/","article_modified_time":"2026-04-14T16:49:30+00:00","og_image":[{"width":1036,"height":1821,"url":"https:\/\/elm-formaction.fr\/wp-content\/uploads\/2026\/04\/IMG_5859-scaled-e1776185323696.jpeg","type":"image\/jpeg"}],"twitter_card":"summary_large_image","twitter_misc":{"Dur\u00e9e de lecture estim\u00e9e":"2 minutes"},"schema":{"@context":"https:\/\/schema.org","@graph":[{"@type":"WebPage","@id":"https:\/\/elm-formaction.fr\/index.php\/produit\/alarme-incendie-type-4-autonome\/","url":"https:\/\/elm-formaction.fr\/index.php\/produit\/alarme-incendie-type-4-autonome\/","name":"Alarme incendie type 4 autonome \u2013 Conforme ERP","isPartOf":{"@id":"https:\/\/elm-formaction.fr\/#website"},"primaryImageOfPage":{"@id":"https:\/\/elm-formaction.fr\/index.php\/produit\/alarme-incendie-type-4-autonome\/#primaryimage"},"image":{"@id":"https:\/\/elm-formaction.fr\/index.php\/produit\/alarme-incendie-type-4-autonome\/#primaryimage"},"thumbnailUrl":"https:\/\/elm-formaction.fr\/wp-content\/uploads\/2026\/04\/IMG_5859-scaled-e1776185421671.jpeg","datePublished":"2026-04-14T13:25:10+00:00","dateModified":"2026-04-14T16:49:30+00:00","description":"Alarme incendie type 4 autonome id\u00e9ale pour ERP et petits \u00e9tablissements. Installation rapide, conforme aux normes de s\u00e9curit\u00e9 incendie. Livraison rapide.","breadcrumb":{"@id":"https:\/\/elm-formaction.fr\/index.php\/produit\/alarme-incendie-type-4-autonome\/#breadcrumb"},"inLanguage":"fr-FR","potentialAction":[{"@type":"ReadAction","target":["https:\/\/elm-formaction.fr\/index.php\/produit\/alarme-incendie-type-4-autonome\/"]}]},{"@type":"ImageObject","inLanguage":"fr-FR","@id":"https:\/\/elm-formaction.fr\/index.php\/produit\/alarme-incendie-type-4-autonome\/#primaryimage","url":"https:\/\/elm-formaction.fr\/wp-content\/uploads\/2026\/04\/IMG_5859-scaled-e1776185421671.jpeg","contentUrl":"https:\/\/elm-formaction.fr\/wp-content\/uploads\/2026\/04\/IMG_5859-scaled-e1776185421671.jpeg","width":500,"height":879},{"@type":"BreadcrumbList","@id":"https:\/\/elm-formaction.fr\/index.php\/produit\/alarme-incendie-type-4-autonome\/#breadcrumb","itemListElement":[{"@type":"ListItem","position":1,"name":"Accueil","item":"https:\/\/elm-formaction.fr\/"},{"@type":"ListItem","position":2,"name":"Boutique","item":"https:\/\/elm-formaction.fr\/index.php\/boutique\/"},{"@type":"ListItem","position":3,"name":"Alarme type 4 autonome"}]},{"@type":"WebSite","@id":"https:\/\/elm-formaction.fr\/#website","url":"https:\/\/elm-formaction.fr\/","name":"ELM-FORMACTION","description":"Formez vous aujourd&#039;hui, agissez demain","publisher":{"@id":"https:\/\/elm-formaction.fr\/#organization"},"potentialAction":[{"@type":"SearchAction","target":{"@type":"EntryPoint","urlTemplate":"https:\/\/elm-formaction.fr\/?s={search_term_string}"},"query-input":{"@type":"PropertyValueSpecification","valueRequired":true,"valueName":"search_term_string"}}],"inLanguage":"fr-FR"},{"@type":"Organization","@id":"https:\/\/elm-formaction.fr\/#organization","name":"ELM-FORMACTION","url":"https:\/\/elm-formaction.fr\/","logo":{"@type":"ImageObject","inLanguage":"fr-FR","@id":"https:\/\/elm-formaction.fr\/#\/schema\/logo\/image\/","url":"https:\/\/elm-formaction.fr\/wp-content\/uploads\/2025\/06\/Logo-pour-fond-blanc-2.svg","contentUrl":"https:\/\/elm-formaction.fr\/wp-content\/uploads\/2025\/06\/Logo-pour-fond-blanc-2.svg","width":493,"height":158,"caption":"ELM-FORMACTION"},"image":{"@id":"https:\/\/elm-formaction.fr\/#\/schema\/logo\/image\/"},"sameAs":["https:\/\/www.facebook.com\/people\/ELM-FormAction\/61573750692677\/","https:\/\/www.instagram.com\/elm_formaction\/"]}]}},"_links":{"self":[{"href":"https:\/\/elm-formaction.fr\/index.php\/wp-json\/wp\/v2\/product\/3756","targetHints":{"allow":["GET"]}}],"collection":[{"href":"https:\/\/elm-formaction.fr\/index.php\/wp-json\/wp\/v2\/product"}],"about":[{"href":"https:\/\/elm-formaction.fr\/index.php\/wp-json\/wp\/v2\/types\/product"}],"replies":[{"embeddable":true,"href":"https:\/\/elm-formaction.fr\/index.php\/wp-json\/wp\/v2\/comments?post=3756"}],"wp:featuredmedia":[{"embeddable":true,"href":"https:\/\/elm-formaction.fr\/index.php\/wp-json\/wp\/v2\/media\/3759"}],"wp:attachment":[{"href":"https:\/\/elm-formaction.fr\/index.php\/wp-json\/wp\/v2\/media?parent=3756"}],"wp:term":[{"taxonomy":"product_brand","embeddable":true,"href":"https:\/\/elm-formaction.fr\/index.php\/wp-json\/wp\/v2\/product_brand?post=3756"},{"taxonomy":"product_cat","embeddable":true,"href":"https:\/\/elm-formaction.fr\/index.php\/wp-json\/wp\/v2\/product_cat?post=3756"},{"taxonomy":"product_tag","embeddable":true,"href":"https:\/\/elm-formaction.fr\/index.php\/wp-json\/wp\/v2\/product_tag?post=3756"}],"curies":[{"name":"wp","href":"https:\/\/api.w.org\/{rel}","templated":true}]}}