{"id":3754,"date":"2026-04-14T15:24:27","date_gmt":"2026-04-14T13:24:27","guid":{"rendered":"https:\/\/elm-formaction.fr\/?post_type=product&#038;p=3754"},"modified":"2026-04-14T15:24:34","modified_gmt":"2026-04-14T13:24:34","slug":"registre-securite-incendie-obligatoire","status":"publish","type":"product","link":"https:\/\/elm-formaction.fr\/index.php\/produit\/registre-securite-incendie-obligatoire\/","title":{"rendered":"Registre de s\u00e9curit\u00e9"},"content":{"rendered":"<p>Le registre de s\u00e9curit\u00e9 est un document indispensable pour toute entreprise ou \u00e9tablissement recevant du public. Il regroupe l\u2019ensemble des informations relatives \u00e0 la s\u00e9curit\u00e9 incendie, aux contr\u00f4les r\u00e9glementaires et aux dispositifs de pr\u00e9vention. Il constitue une preuve de conformit\u00e9 en cas de contr\u00f4le ou d\u2019incident.<\/p>\n<div dir=\"auto\">Structur\u00e9 de fa\u00e7on claire, il offre des rubriques d\u00e9di\u00e9es \u00e0 l\u2019organisation des secours, aux v\u00e9rifications p\u00e9riodiques et aux observations de l\u2019\u00e9quipe de s\u00e9curit\u00e9. Son format pratique permet une consultation rapide en cas de besoin. Outil de tra\u00e7abilit\u00e9 incontournable, il participe \u00e0 une d\u00e9marche proactive de gestion des risques.<\/div>\n","protected":false},"excerpt":{"rendered":"<p>Le registre de s\u00e9curit\u00e9 est un document indispensable pour toute entreprise ou \u00e9tablissement recevant du public. Il regroupe l\u2019ensemble des informations relatives \u00e0 la s\u00e9curit\u00e9 incendie, aux contr\u00f4les r\u00e9glementaires et aux dispositifs de pr\u00e9vention. Il constitue une preuve de conformit\u00e9 en cas de contr\u00f4le ou d\u2019incident.<\/p>\n<div dir=\"auto\">Structur\u00e9 de fa\u00e7on claire, il offre des rubriques d\u00e9di\u00e9es \u00e0 l\u2019organisation des secours, aux v\u00e9rifications p\u00e9riodiques et aux observations de l\u2019\u00e9quipe de s\u00e9curit\u00e9. Son format pratique permet une consultation rapide en cas de besoin. Outil de tra\u00e7abilit\u00e9 incontournable, il participe \u00e0 une d\u00e9marche proactive de gestion des risques.<\/div>\n","protected":false},"featured_media":3758,"comment_status":"closed","ping_status":"closed","template":"","meta":[],"product_brand":[],"product_cat":[62],"product_tag":[],"class_list":{"0":"post-3754","1":"product","2":"type-product","3":"status-publish","4":"has-post-thumbnail","6":"product_cat-equipements-securite-professionnels","8":"first","9":"instock","10":"shipping-taxable","11":"purchasable","12":"product-type-simple"},"yoast_head":"<!-- This site is optimized with the Yoast SEO plugin v27.4 - https:\/\/yoast.com\/product\/yoast-seo-wordpress\/ -->\n<title>Registre de s\u00e9curit\u00e9 incendie obligatoire \u2013 Conforme ERP<\/title>\n<meta name=\"description\" content=\"Registre de s\u00e9curit\u00e9 incendie obligatoire pour ERP et entreprises. Assurez votre conformit\u00e9 r\u00e9glementaire avec un document clair et pr\u00eat \u00e0 l\u2019emploi.\" \/>\n<meta name=\"robots\" content=\"index, follow, max-snippet:-1, max-image-preview:large, max-video-preview:-1\" \/>\n<link rel=\"canonical\" href=\"https:\/\/elm-formaction.fr\/index.php\/produit\/registre-securite-incendie-obligatoire\/\" \/>\n<meta property=\"og:locale\" content=\"fr_FR\" \/>\n<meta property=\"og:type\" content=\"article\" \/>\n<meta property=\"og:title\" content=\"Registre de s\u00e9curit\u00e9 incendie obligatoire \u2013 Conforme ERP\" \/>\n<meta property=\"og:description\" content=\"Registre de s\u00e9curit\u00e9 incendie obligatoire pour ERP et entreprises. Assurez votre conformit\u00e9 r\u00e9glementaire avec un document clair et pr\u00eat \u00e0 l\u2019emploi.\" \/>\n<meta property=\"og:url\" content=\"https:\/\/elm-formaction.fr\/index.php\/produit\/registre-securite-incendie-obligatoire\/\" \/>\n<meta property=\"og:site_name\" content=\"ELM-FORMACTION\" \/>\n<meta property=\"article:publisher\" content=\"https:\/\/www.facebook.com\/people\/ELM-FormAction\/61573750692677\/\" \/>\n<meta property=\"article:modified_time\" content=\"2026-04-14T13:24:34+00:00\" \/>\n<meta property=\"og:image\" content=\"https:\/\/elm-formaction.fr\/wp-content\/uploads\/2026\/04\/IMG_5857-scaled.jpeg\" \/>\n\t<meta property=\"og:image:width\" content=\"2560\" \/>\n\t<meta property=\"og:image:height\" content=\"1920\" \/>\n\t<meta property=\"og:image:type\" content=\"image\/jpeg\" \/>\n<meta name=\"twitter:card\" content=\"summary_large_image\" \/>\n<meta name=\"twitter:label1\" content=\"Dur\u00e9e de lecture estim\u00e9e\" \/>\n\t<meta name=\"twitter:data1\" content=\"1 minute\" \/>\n<script type=\"application\/ld+json\" class=\"yoast-schema-graph\">{\"@context\":\"https:\\\/\\\/schema.org\",\"@graph\":[{\"@type\":\"WebPage\",\"@id\":\"https:\\\/\\\/elm-formaction.fr\\\/index.php\\\/produit\\\/registre-securite-incendie-obligatoire\\\/\",\"url\":\"https:\\\/\\\/elm-formaction.fr\\\/index.php\\\/produit\\\/registre-securite-incendie-obligatoire\\\/\",\"name\":\"Registre de s\u00e9curit\u00e9 incendie obligatoire \u2013 Conforme ERP\",\"isPartOf\":{\"@id\":\"https:\\\/\\\/elm-formaction.fr\\\/#website\"},\"primaryImageOfPage\":{\"@id\":\"https:\\\/\\\/elm-formaction.fr\\\/index.php\\\/produit\\\/registre-securite-incendie-obligatoire\\\/#primaryimage\"},\"image\":{\"@id\":\"https:\\\/\\\/elm-formaction.fr\\\/index.php\\\/produit\\\/registre-securite-incendie-obligatoire\\\/#primaryimage\"},\"thumbnailUrl\":\"https:\\\/\\\/elm-formaction.fr\\\/wp-content\\\/uploads\\\/2026\\\/04\\\/IMG_5857-scaled.jpeg\",\"datePublished\":\"2026-04-14T13:24:27+00:00\",\"dateModified\":\"2026-04-14T13:24:34+00:00\",\"description\":\"Registre de s\u00e9curit\u00e9 incendie obligatoire pour ERP et entreprises. Assurez votre conformit\u00e9 r\u00e9glementaire avec un document clair et pr\u00eat \u00e0 l\u2019emploi.\",\"breadcrumb\":{\"@id\":\"https:\\\/\\\/elm-formaction.fr\\\/index.php\\\/produit\\\/registre-securite-incendie-obligatoire\\\/#breadcrumb\"},\"inLanguage\":\"fr-FR\",\"potentialAction\":[{\"@type\":\"ReadAction\",\"target\":[\"https:\\\/\\\/elm-formaction.fr\\\/index.php\\\/produit\\\/registre-securite-incendie-obligatoire\\\/\"]}]},{\"@type\":\"ImageObject\",\"inLanguage\":\"fr-FR\",\"@id\":\"https:\\\/\\\/elm-formaction.fr\\\/index.php\\\/produit\\\/registre-securite-incendie-obligatoire\\\/#primaryimage\",\"url\":\"https:\\\/\\\/elm-formaction.fr\\\/wp-content\\\/uploads\\\/2026\\\/04\\\/IMG_5857-scaled.jpeg\",\"contentUrl\":\"https:\\\/\\\/elm-formaction.fr\\\/wp-content\\\/uploads\\\/2026\\\/04\\\/IMG_5857-scaled.jpeg\",\"width\":2560,\"height\":1920},{\"@type\":\"BreadcrumbList\",\"@id\":\"https:\\\/\\\/elm-formaction.fr\\\/index.php\\\/produit\\\/registre-securite-incendie-obligatoire\\\/#breadcrumb\",\"itemListElement\":[{\"@type\":\"ListItem\",\"position\":1,\"name\":\"Accueil\",\"item\":\"https:\\\/\\\/elm-formaction.fr\\\/\"},{\"@type\":\"ListItem\",\"position\":2,\"name\":\"Boutique\",\"item\":\"https:\\\/\\\/elm-formaction.fr\\\/index.php\\\/boutique\\\/\"},{\"@type\":\"ListItem\",\"position\":3,\"name\":\"Registre de s\u00e9curit\u00e9\"}]},{\"@type\":\"WebSite\",\"@id\":\"https:\\\/\\\/elm-formaction.fr\\\/#website\",\"url\":\"https:\\\/\\\/elm-formaction.fr\\\/\",\"name\":\"ELM-FORMACTION\",\"description\":\"Formez vous aujourd&#039;hui, agissez demain\",\"publisher\":{\"@id\":\"https:\\\/\\\/elm-formaction.fr\\\/#organization\"},\"potentialAction\":[{\"@type\":\"SearchAction\",\"target\":{\"@type\":\"EntryPoint\",\"urlTemplate\":\"https:\\\/\\\/elm-formaction.fr\\\/?s={search_term_string}\"},\"query-input\":{\"@type\":\"PropertyValueSpecification\",\"valueRequired\":true,\"valueName\":\"search_term_string\"}}],\"inLanguage\":\"fr-FR\"},{\"@type\":\"Organization\",\"@id\":\"https:\\\/\\\/elm-formaction.fr\\\/#organization\",\"name\":\"ELM-FORMACTION\",\"url\":\"https:\\\/\\\/elm-formaction.fr\\\/\",\"logo\":{\"@type\":\"ImageObject\",\"inLanguage\":\"fr-FR\",\"@id\":\"https:\\\/\\\/elm-formaction.fr\\\/#\\\/schema\\\/logo\\\/image\\\/\",\"url\":\"https:\\\/\\\/elm-formaction.fr\\\/wp-content\\\/uploads\\\/2025\\\/06\\\/Logo-pour-fond-blanc-2.svg\",\"contentUrl\":\"https:\\\/\\\/elm-formaction.fr\\\/wp-content\\\/uploads\\\/2025\\\/06\\\/Logo-pour-fond-blanc-2.svg\",\"width\":493,\"height\":158,\"caption\":\"ELM-FORMACTION\"},\"image\":{\"@id\":\"https:\\\/\\\/elm-formaction.fr\\\/#\\\/schema\\\/logo\\\/image\\\/\"},\"sameAs\":[\"https:\\\/\\\/www.facebook.com\\\/people\\\/ELM-FormAction\\\/61573750692677\\\/\",\"https:\\\/\\\/www.instagram.com\\\/elm_formaction\\\/\"]}]}<\/script>\n<!-- \/ Yoast SEO plugin. -->","yoast_head_json":{"title":"Registre de s\u00e9curit\u00e9 incendie obligatoire \u2013 Conforme ERP","description":"Registre de s\u00e9curit\u00e9 incendie obligatoire pour ERP et entreprises. Assurez votre conformit\u00e9 r\u00e9glementaire avec un document clair et pr\u00eat \u00e0 l\u2019emploi.","robots":{"index":"index","follow":"follow","max-snippet":"max-snippet:-1","max-image-preview":"max-image-preview:large","max-video-preview":"max-video-preview:-1"},"canonical":"https:\/\/elm-formaction.fr\/index.php\/produit\/registre-securite-incendie-obligatoire\/","og_locale":"fr_FR","og_type":"article","og_title":"Registre de s\u00e9curit\u00e9 incendie obligatoire \u2013 Conforme ERP","og_description":"Registre de s\u00e9curit\u00e9 incendie obligatoire pour ERP et entreprises. Assurez votre conformit\u00e9 r\u00e9glementaire avec un document clair et pr\u00eat \u00e0 l\u2019emploi.","og_url":"https:\/\/elm-formaction.fr\/index.php\/produit\/registre-securite-incendie-obligatoire\/","og_site_name":"ELM-FORMACTION","article_publisher":"https:\/\/www.facebook.com\/people\/ELM-FormAction\/61573750692677\/","article_modified_time":"2026-04-14T13:24:34+00:00","og_image":[{"width":2560,"height":1920,"url":"https:\/\/elm-formaction.fr\/wp-content\/uploads\/2026\/04\/IMG_5857-scaled.jpeg","type":"image\/jpeg"}],"twitter_card":"summary_large_image","twitter_misc":{"Dur\u00e9e de lecture estim\u00e9e":"1 minute"},"schema":{"@context":"https:\/\/schema.org","@graph":[{"@type":"WebPage","@id":"https:\/\/elm-formaction.fr\/index.php\/produit\/registre-securite-incendie-obligatoire\/","url":"https:\/\/elm-formaction.fr\/index.php\/produit\/registre-securite-incendie-obligatoire\/","name":"Registre de s\u00e9curit\u00e9 incendie obligatoire \u2013 Conforme ERP","isPartOf":{"@id":"https:\/\/elm-formaction.fr\/#website"},"primaryImageOfPage":{"@id":"https:\/\/elm-formaction.fr\/index.php\/produit\/registre-securite-incendie-obligatoire\/#primaryimage"},"image":{"@id":"https:\/\/elm-formaction.fr\/index.php\/produit\/registre-securite-incendie-obligatoire\/#primaryimage"},"thumbnailUrl":"https:\/\/elm-formaction.fr\/wp-content\/uploads\/2026\/04\/IMG_5857-scaled.jpeg","datePublished":"2026-04-14T13:24:27+00:00","dateModified":"2026-04-14T13:24:34+00:00","description":"Registre de s\u00e9curit\u00e9 incendie obligatoire pour ERP et entreprises. Assurez votre conformit\u00e9 r\u00e9glementaire avec un document clair et pr\u00eat \u00e0 l\u2019emploi.","breadcrumb":{"@id":"https:\/\/elm-formaction.fr\/index.php\/produit\/registre-securite-incendie-obligatoire\/#breadcrumb"},"inLanguage":"fr-FR","potentialAction":[{"@type":"ReadAction","target":["https:\/\/elm-formaction.fr\/index.php\/produit\/registre-securite-incendie-obligatoire\/"]}]},{"@type":"ImageObject","inLanguage":"fr-FR","@id":"https:\/\/elm-formaction.fr\/index.php\/produit\/registre-securite-incendie-obligatoire\/#primaryimage","url":"https:\/\/elm-formaction.fr\/wp-content\/uploads\/2026\/04\/IMG_5857-scaled.jpeg","contentUrl":"https:\/\/elm-formaction.fr\/wp-content\/uploads\/2026\/04\/IMG_5857-scaled.jpeg","width":2560,"height":1920},{"@type":"BreadcrumbList","@id":"https:\/\/elm-formaction.fr\/index.php\/produit\/registre-securite-incendie-obligatoire\/#breadcrumb","itemListElement":[{"@type":"ListItem","position":1,"name":"Accueil","item":"https:\/\/elm-formaction.fr\/"},{"@type":"ListItem","position":2,"name":"Boutique","item":"https:\/\/elm-formaction.fr\/index.php\/boutique\/"},{"@type":"ListItem","position":3,"name":"Registre de s\u00e9curit\u00e9"}]},{"@type":"WebSite","@id":"https:\/\/elm-formaction.fr\/#website","url":"https:\/\/elm-formaction.fr\/","name":"ELM-FORMACTION","description":"Formez vous aujourd&#039;hui, agissez demain","publisher":{"@id":"https:\/\/elm-formaction.fr\/#organization"},"potentialAction":[{"@type":"SearchAction","target":{"@type":"EntryPoint","urlTemplate":"https:\/\/elm-formaction.fr\/?s={search_term_string}"},"query-input":{"@type":"PropertyValueSpecification","valueRequired":true,"valueName":"search_term_string"}}],"inLanguage":"fr-FR"},{"@type":"Organization","@id":"https:\/\/elm-formaction.fr\/#organization","name":"ELM-FORMACTION","url":"https:\/\/elm-formaction.fr\/","logo":{"@type":"ImageObject","inLanguage":"fr-FR","@id":"https:\/\/elm-formaction.fr\/#\/schema\/logo\/image\/","url":"https:\/\/elm-formaction.fr\/wp-content\/uploads\/2025\/06\/Logo-pour-fond-blanc-2.svg","contentUrl":"https:\/\/elm-formaction.fr\/wp-content\/uploads\/2025\/06\/Logo-pour-fond-blanc-2.svg","width":493,"height":158,"caption":"ELM-FORMACTION"},"image":{"@id":"https:\/\/elm-formaction.fr\/#\/schema\/logo\/image\/"},"sameAs":["https:\/\/www.facebook.com\/people\/ELM-FormAction\/61573750692677\/","https:\/\/www.instagram.com\/elm_formaction\/"]}]}},"_links":{"self":[{"href":"https:\/\/elm-formaction.fr\/index.php\/wp-json\/wp\/v2\/product\/3754","targetHints":{"allow":["GET"]}}],"collection":[{"href":"https:\/\/elm-formaction.fr\/index.php\/wp-json\/wp\/v2\/product"}],"about":[{"href":"https:\/\/elm-formaction.fr\/index.php\/wp-json\/wp\/v2\/types\/product"}],"replies":[{"embeddable":true,"href":"https:\/\/elm-formaction.fr\/index.php\/wp-json\/wp\/v2\/comments?post=3754"}],"wp:featuredmedia":[{"embeddable":true,"href":"https:\/\/elm-formaction.fr\/index.php\/wp-json\/wp\/v2\/media\/3758"}],"wp:attachment":[{"href":"https:\/\/elm-formaction.fr\/index.php\/wp-json\/wp\/v2\/media?parent=3754"}],"wp:term":[{"taxonomy":"product_brand","embeddable":true,"href":"https:\/\/elm-formaction.fr\/index.php\/wp-json\/wp\/v2\/product_brand?post=3754"},{"taxonomy":"product_cat","embeddable":true,"href":"https:\/\/elm-formaction.fr\/index.php\/wp-json\/wp\/v2\/product_cat?post=3754"},{"taxonomy":"product_tag","embeddable":true,"href":"https:\/\/elm-formaction.fr\/index.php\/wp-json\/wp\/v2\/product_tag?post=3754"}],"curies":[{"name":"wp","href":"https:\/\/api.w.org\/{rel}","templated":true}]}}