{"id":3568,"date":"2026-04-13T16:39:57","date_gmt":"2026-04-13T14:39:57","guid":{"rendered":"https:\/\/elm-formaction.fr\/?post_type=product&#038;p=3568"},"modified":"2026-04-13T16:40:22","modified_gmt":"2026-04-13T14:40:22","slug":"spray-extincteur-control-fire-home","status":"publish","type":"product","link":"https:\/\/elm-formaction.fr\/index.php\/produit\/spray-extincteur-control-fire-home\/","title":{"rendered":"Spray Extincteur ControlFire"},"content":{"rendered":"<h3 data-section-id=\"1i7stzv\" data-start=\"1505\" data-end=\"1549\">Une r\u00e9action imm\u00e9diate face au danger<\/h3>\n<p data-start=\"1551\" data-end=\"1669\">Le spray ControlFire est une solution d\u2019extinction portable con\u00e7ue pour agir instantan\u00e9ment sur les d\u00e9buts d\u2019incendie.<\/p>\n<p data-start=\"1671\" data-end=\"1773\">Facile \u00e0 utiliser, il permet d\u2019intervenir sans formation particuli\u00e8re et peut \u00eatre transport\u00e9 partout.<\/p>\n<h3 data-section-id=\"vbgtds\" data-start=\"1780\" data-end=\"1827\">Une s\u00e9curit\u00e9 d\u2019appoint toujours \u00e0 port\u00e9e<\/h3>\n<p data-start=\"1829\" data-end=\"1946\">Id\u00e9al pour la maison, la voiture, le camping ou le bureau, il offre une r\u00e9ponse rapide lorsque chaque seconde compte.<\/p>\n<h3 data-section-id=\"18bfvx4\" data-start=\"1953\" data-end=\"1988\">Les avantages du ControlFire<\/h3>\n<ul data-start=\"1990\" data-end=\"2207\">\n<li data-section-id=\"joh23f\" data-start=\"1990\" data-end=\"2020\">Format spray ultra compact<\/li>\n<li data-section-id=\"280rlh\" data-start=\"2021\" data-end=\"2056\">Utilisation simple et intuitive<\/li>\n<li data-section-id=\"1f3doer\" data-start=\"2057\" data-end=\"2096\">Intervention rapide sur petits feux<\/li>\n<li data-section-id=\"1700z0s\" data-start=\"2097\" data-end=\"2147\">Transport facile (bo\u00eete \u00e0 gants, sac, cuisine)<\/li>\n<li data-section-id=\"1rml0i3\" data-start=\"2148\" data-end=\"2207\">Solution id\u00e9ale en compl\u00e9ment d\u2019un extincteur classique<\/li>\n<li data-section-id=\"1rml0i3\" data-start=\"2148\" data-end=\"2207\">Valable durant 3 ans pour augmenter son efficacit\u00e9 quelque soit la dur\u00e9e<\/li>\n<\/ul>\n<h3 data-section-id=\"32r15b\" data-start=\"2214\" data-end=\"2236\">O\u00f9 l\u2019utiliser ?<\/h3>\n<ul data-start=\"2238\" data-end=\"2363\">\n<li data-section-id=\"ug848o\" data-start=\"2238\" data-end=\"2281\">Cuisine (huile, plaques, d\u00e9part de feu)<\/li>\n<li data-section-id=\"rn023b\" data-start=\"2282\" data-end=\"2307\">Appareils \u00e9lectriques<\/li>\n<li data-section-id=\"r6k8hm\" data-start=\"2308\" data-end=\"2321\">V\u00e9hicules<\/li>\n<li data-section-id=\"j8rp2l\" data-start=\"2322\" data-end=\"2363\">Petits d\u00e9parts de flammes domestiques<\/li>\n<\/ul>\n<h3 data-section-id=\"qz99wh\" data-start=\"2370\" data-end=\"2387\">L\u2019id\u00e9e cl\u00e9<\/h3>\n<p data-start=\"2389\" data-end=\"2426\">Un geste simple peut \u00e9viter un drame.<\/p>\n","protected":false},"excerpt":{"rendered":"<h3 data-section-id=\"1i7stzv\" data-start=\"1505\" data-end=\"1549\">Une r\u00e9action imm\u00e9diate face au danger<\/h3>\n<p data-start=\"1551\" data-end=\"1669\">Le spray ControlFire est une solution d\u2019extinction portable con\u00e7ue pour agir instantan\u00e9ment sur les d\u00e9buts d\u2019incendie.<\/p>\n<p data-start=\"1671\" data-end=\"1773\">Facile \u00e0 utiliser, il permet d\u2019intervenir sans formation particuli\u00e8re et peut \u00eatre transport\u00e9 partout.<\/p>\n","protected":false},"featured_media":3728,"comment_status":"closed","ping_status":"closed","template":"","meta":[],"product_brand":[],"product_cat":[62],"product_tag":[],"class_list":{"0":"post-3568","1":"product","2":"type-product","3":"status-publish","4":"has-post-thumbnail","6":"product_cat-equipements-securite-professionnels","7":"product_shipping_class-colis-classique","9":"first","10":"instock","11":"shipping-taxable","12":"purchasable","13":"product-type-simple"},"yoast_head":"<!-- This site is optimized with the Yoast SEO plugin v27.4 - https:\/\/yoast.com\/product\/yoast-seo-wordpress\/ -->\n<title>Spray extincteur ControlFire Home \u2013 Protection incendie<\/title>\n<meta name=\"description\" content=\"Spray extincteur Control Fire Home, solution simple et rapide pour \u00e9teindre les d\u00e9buts d\u2019incendie \u00e0 la maison. L\u00e9ger, pratique et pr\u00eat \u00e0 l\u2019emploi.\" \/>\n<meta name=\"robots\" content=\"index, follow, max-snippet:-1, max-image-preview:large, max-video-preview:-1\" \/>\n<link rel=\"canonical\" href=\"https:\/\/elm-formaction.fr\/index.php\/produit\/spray-extincteur-control-fire-home\/\" \/>\n<meta property=\"og:locale\" content=\"fr_FR\" \/>\n<meta property=\"og:type\" content=\"article\" \/>\n<meta property=\"og:title\" content=\"Spray extincteur ControlFire Home \u2013 Protection incendie\" \/>\n<meta property=\"og:description\" content=\"Spray extincteur Control Fire Home, solution simple et rapide pour \u00e9teindre les d\u00e9buts d\u2019incendie \u00e0 la maison. L\u00e9ger, pratique et pr\u00eat \u00e0 l\u2019emploi.\" \/>\n<meta property=\"og:url\" content=\"https:\/\/elm-formaction.fr\/index.php\/produit\/spray-extincteur-control-fire-home\/\" \/>\n<meta property=\"og:site_name\" content=\"ELM-FORMACTION\" \/>\n<meta property=\"article:publisher\" content=\"https:\/\/www.facebook.com\/people\/ELM-FormAction\/61573750692677\/\" \/>\n<meta property=\"article:modified_time\" content=\"2026-04-13T14:40:22+00:00\" \/>\n<meta property=\"og:image\" content=\"https:\/\/elm-formaction.fr\/wp-content\/uploads\/2026\/04\/IMG_5834-scaled.jpeg\" \/>\n\t<meta property=\"og:image:width\" content=\"1920\" \/>\n\t<meta property=\"og:image:height\" content=\"2560\" \/>\n\t<meta property=\"og:image:type\" content=\"image\/jpeg\" \/>\n<meta name=\"twitter:card\" content=\"summary_large_image\" \/>\n<meta name=\"twitter:label1\" content=\"Dur\u00e9e de lecture estim\u00e9e\" \/>\n\t<meta name=\"twitter:data1\" content=\"1 minute\" \/>\n<script type=\"application\/ld+json\" class=\"yoast-schema-graph\">{\"@context\":\"https:\\\/\\\/schema.org\",\"@graph\":[{\"@type\":\"WebPage\",\"@id\":\"https:\\\/\\\/elm-formaction.fr\\\/index.php\\\/produit\\\/spray-extincteur-control-fire-home\\\/\",\"url\":\"https:\\\/\\\/elm-formaction.fr\\\/index.php\\\/produit\\\/spray-extincteur-control-fire-home\\\/\",\"name\":\"Spray extincteur ControlFire Home \u2013 Protection incendie\",\"isPartOf\":{\"@id\":\"https:\\\/\\\/elm-formaction.fr\\\/#website\"},\"primaryImageOfPage\":{\"@id\":\"https:\\\/\\\/elm-formaction.fr\\\/index.php\\\/produit\\\/spray-extincteur-control-fire-home\\\/#primaryimage\"},\"image\":{\"@id\":\"https:\\\/\\\/elm-formaction.fr\\\/index.php\\\/produit\\\/spray-extincteur-control-fire-home\\\/#primaryimage\"},\"thumbnailUrl\":\"https:\\\/\\\/elm-formaction.fr\\\/wp-content\\\/uploads\\\/2026\\\/04\\\/IMG_5834-scaled.jpeg\",\"datePublished\":\"2026-04-13T14:39:57+00:00\",\"dateModified\":\"2026-04-13T14:40:22+00:00\",\"description\":\"Spray extincteur Control Fire Home, solution simple et rapide pour \u00e9teindre les d\u00e9buts d\u2019incendie \u00e0 la maison. L\u00e9ger, pratique et pr\u00eat \u00e0 l\u2019emploi.\",\"breadcrumb\":{\"@id\":\"https:\\\/\\\/elm-formaction.fr\\\/index.php\\\/produit\\\/spray-extincteur-control-fire-home\\\/#breadcrumb\"},\"inLanguage\":\"fr-FR\",\"potentialAction\":[{\"@type\":\"ReadAction\",\"target\":[\"https:\\\/\\\/elm-formaction.fr\\\/index.php\\\/produit\\\/spray-extincteur-control-fire-home\\\/\"]}]},{\"@type\":\"ImageObject\",\"inLanguage\":\"fr-FR\",\"@id\":\"https:\\\/\\\/elm-formaction.fr\\\/index.php\\\/produit\\\/spray-extincteur-control-fire-home\\\/#primaryimage\",\"url\":\"https:\\\/\\\/elm-formaction.fr\\\/wp-content\\\/uploads\\\/2026\\\/04\\\/IMG_5834-scaled.jpeg\",\"contentUrl\":\"https:\\\/\\\/elm-formaction.fr\\\/wp-content\\\/uploads\\\/2026\\\/04\\\/IMG_5834-scaled.jpeg\",\"width\":1920,\"height\":2560},{\"@type\":\"BreadcrumbList\",\"@id\":\"https:\\\/\\\/elm-formaction.fr\\\/index.php\\\/produit\\\/spray-extincteur-control-fire-home\\\/#breadcrumb\",\"itemListElement\":[{\"@type\":\"ListItem\",\"position\":1,\"name\":\"Accueil\",\"item\":\"https:\\\/\\\/elm-formaction.fr\\\/\"},{\"@type\":\"ListItem\",\"position\":2,\"name\":\"Boutique\",\"item\":\"https:\\\/\\\/elm-formaction.fr\\\/index.php\\\/boutique\\\/\"},{\"@type\":\"ListItem\",\"position\":3,\"name\":\"Spray Extincteur ControlFire\"}]},{\"@type\":\"WebSite\",\"@id\":\"https:\\\/\\\/elm-formaction.fr\\\/#website\",\"url\":\"https:\\\/\\\/elm-formaction.fr\\\/\",\"name\":\"ELM-FORMACTION\",\"description\":\"Formez vous aujourd&#039;hui, agissez demain\",\"publisher\":{\"@id\":\"https:\\\/\\\/elm-formaction.fr\\\/#organization\"},\"potentialAction\":[{\"@type\":\"SearchAction\",\"target\":{\"@type\":\"EntryPoint\",\"urlTemplate\":\"https:\\\/\\\/elm-formaction.fr\\\/?s={search_term_string}\"},\"query-input\":{\"@type\":\"PropertyValueSpecification\",\"valueRequired\":true,\"valueName\":\"search_term_string\"}}],\"inLanguage\":\"fr-FR\"},{\"@type\":\"Organization\",\"@id\":\"https:\\\/\\\/elm-formaction.fr\\\/#organization\",\"name\":\"ELM-FORMACTION\",\"url\":\"https:\\\/\\\/elm-formaction.fr\\\/\",\"logo\":{\"@type\":\"ImageObject\",\"inLanguage\":\"fr-FR\",\"@id\":\"https:\\\/\\\/elm-formaction.fr\\\/#\\\/schema\\\/logo\\\/image\\\/\",\"url\":\"https:\\\/\\\/elm-formaction.fr\\\/wp-content\\\/uploads\\\/2025\\\/06\\\/Logo-pour-fond-blanc-2.svg\",\"contentUrl\":\"https:\\\/\\\/elm-formaction.fr\\\/wp-content\\\/uploads\\\/2025\\\/06\\\/Logo-pour-fond-blanc-2.svg\",\"width\":493,\"height\":158,\"caption\":\"ELM-FORMACTION\"},\"image\":{\"@id\":\"https:\\\/\\\/elm-formaction.fr\\\/#\\\/schema\\\/logo\\\/image\\\/\"},\"sameAs\":[\"https:\\\/\\\/www.facebook.com\\\/people\\\/ELM-FormAction\\\/61573750692677\\\/\",\"https:\\\/\\\/www.instagram.com\\\/elm_formaction\\\/\"]}]}<\/script>\n<!-- \/ Yoast SEO plugin. -->","yoast_head_json":{"title":"Spray extincteur ControlFire Home \u2013 Protection incendie","description":"Spray extincteur Control Fire Home, solution simple et rapide pour \u00e9teindre les d\u00e9buts d\u2019incendie \u00e0 la maison. L\u00e9ger, pratique et pr\u00eat \u00e0 l\u2019emploi.","robots":{"index":"index","follow":"follow","max-snippet":"max-snippet:-1","max-image-preview":"max-image-preview:large","max-video-preview":"max-video-preview:-1"},"canonical":"https:\/\/elm-formaction.fr\/index.php\/produit\/spray-extincteur-control-fire-home\/","og_locale":"fr_FR","og_type":"article","og_title":"Spray extincteur ControlFire Home \u2013 Protection incendie","og_description":"Spray extincteur Control Fire Home, solution simple et rapide pour \u00e9teindre les d\u00e9buts d\u2019incendie \u00e0 la maison. L\u00e9ger, pratique et pr\u00eat \u00e0 l\u2019emploi.","og_url":"https:\/\/elm-formaction.fr\/index.php\/produit\/spray-extincteur-control-fire-home\/","og_site_name":"ELM-FORMACTION","article_publisher":"https:\/\/www.facebook.com\/people\/ELM-FormAction\/61573750692677\/","article_modified_time":"2026-04-13T14:40:22+00:00","og_image":[{"width":1920,"height":2560,"url":"https:\/\/elm-formaction.fr\/wp-content\/uploads\/2026\/04\/IMG_5834-scaled.jpeg","type":"image\/jpeg"}],"twitter_card":"summary_large_image","twitter_misc":{"Dur\u00e9e de lecture estim\u00e9e":"1 minute"},"schema":{"@context":"https:\/\/schema.org","@graph":[{"@type":"WebPage","@id":"https:\/\/elm-formaction.fr\/index.php\/produit\/spray-extincteur-control-fire-home\/","url":"https:\/\/elm-formaction.fr\/index.php\/produit\/spray-extincteur-control-fire-home\/","name":"Spray extincteur ControlFire Home \u2013 Protection incendie","isPartOf":{"@id":"https:\/\/elm-formaction.fr\/#website"},"primaryImageOfPage":{"@id":"https:\/\/elm-formaction.fr\/index.php\/produit\/spray-extincteur-control-fire-home\/#primaryimage"},"image":{"@id":"https:\/\/elm-formaction.fr\/index.php\/produit\/spray-extincteur-control-fire-home\/#primaryimage"},"thumbnailUrl":"https:\/\/elm-formaction.fr\/wp-content\/uploads\/2026\/04\/IMG_5834-scaled.jpeg","datePublished":"2026-04-13T14:39:57+00:00","dateModified":"2026-04-13T14:40:22+00:00","description":"Spray extincteur Control Fire Home, solution simple et rapide pour \u00e9teindre les d\u00e9buts d\u2019incendie \u00e0 la maison. L\u00e9ger, pratique et pr\u00eat \u00e0 l\u2019emploi.","breadcrumb":{"@id":"https:\/\/elm-formaction.fr\/index.php\/produit\/spray-extincteur-control-fire-home\/#breadcrumb"},"inLanguage":"fr-FR","potentialAction":[{"@type":"ReadAction","target":["https:\/\/elm-formaction.fr\/index.php\/produit\/spray-extincteur-control-fire-home\/"]}]},{"@type":"ImageObject","inLanguage":"fr-FR","@id":"https:\/\/elm-formaction.fr\/index.php\/produit\/spray-extincteur-control-fire-home\/#primaryimage","url":"https:\/\/elm-formaction.fr\/wp-content\/uploads\/2026\/04\/IMG_5834-scaled.jpeg","contentUrl":"https:\/\/elm-formaction.fr\/wp-content\/uploads\/2026\/04\/IMG_5834-scaled.jpeg","width":1920,"height":2560},{"@type":"BreadcrumbList","@id":"https:\/\/elm-formaction.fr\/index.php\/produit\/spray-extincteur-control-fire-home\/#breadcrumb","itemListElement":[{"@type":"ListItem","position":1,"name":"Accueil","item":"https:\/\/elm-formaction.fr\/"},{"@type":"ListItem","position":2,"name":"Boutique","item":"https:\/\/elm-formaction.fr\/index.php\/boutique\/"},{"@type":"ListItem","position":3,"name":"Spray Extincteur ControlFire"}]},{"@type":"WebSite","@id":"https:\/\/elm-formaction.fr\/#website","url":"https:\/\/elm-formaction.fr\/","name":"ELM-FORMACTION","description":"Formez vous aujourd&#039;hui, agissez demain","publisher":{"@id":"https:\/\/elm-formaction.fr\/#organization"},"potentialAction":[{"@type":"SearchAction","target":{"@type":"EntryPoint","urlTemplate":"https:\/\/elm-formaction.fr\/?s={search_term_string}"},"query-input":{"@type":"PropertyValueSpecification","valueRequired":true,"valueName":"search_term_string"}}],"inLanguage":"fr-FR"},{"@type":"Organization","@id":"https:\/\/elm-formaction.fr\/#organization","name":"ELM-FORMACTION","url":"https:\/\/elm-formaction.fr\/","logo":{"@type":"ImageObject","inLanguage":"fr-FR","@id":"https:\/\/elm-formaction.fr\/#\/schema\/logo\/image\/","url":"https:\/\/elm-formaction.fr\/wp-content\/uploads\/2025\/06\/Logo-pour-fond-blanc-2.svg","contentUrl":"https:\/\/elm-formaction.fr\/wp-content\/uploads\/2025\/06\/Logo-pour-fond-blanc-2.svg","width":493,"height":158,"caption":"ELM-FORMACTION"},"image":{"@id":"https:\/\/elm-formaction.fr\/#\/schema\/logo\/image\/"},"sameAs":["https:\/\/www.facebook.com\/people\/ELM-FormAction\/61573750692677\/","https:\/\/www.instagram.com\/elm_formaction\/"]}]}},"_links":{"self":[{"href":"https:\/\/elm-formaction.fr\/index.php\/wp-json\/wp\/v2\/product\/3568","targetHints":{"allow":["GET"]}}],"collection":[{"href":"https:\/\/elm-formaction.fr\/index.php\/wp-json\/wp\/v2\/product"}],"about":[{"href":"https:\/\/elm-formaction.fr\/index.php\/wp-json\/wp\/v2\/types\/product"}],"replies":[{"embeddable":true,"href":"https:\/\/elm-formaction.fr\/index.php\/wp-json\/wp\/v2\/comments?post=3568"}],"wp:featuredmedia":[{"embeddable":true,"href":"https:\/\/elm-formaction.fr\/index.php\/wp-json\/wp\/v2\/media\/3728"}],"wp:attachment":[{"href":"https:\/\/elm-formaction.fr\/index.php\/wp-json\/wp\/v2\/media?parent=3568"}],"wp:term":[{"taxonomy":"product_brand","embeddable":true,"href":"https:\/\/elm-formaction.fr\/index.php\/wp-json\/wp\/v2\/product_brand?post=3568"},{"taxonomy":"product_cat","embeddable":true,"href":"https:\/\/elm-formaction.fr\/index.php\/wp-json\/wp\/v2\/product_cat?post=3568"},{"taxonomy":"product_tag","embeddable":true,"href":"https:\/\/elm-formaction.fr\/index.php\/wp-json\/wp\/v2\/product_tag?post=3568"}],"curies":[{"name":"wp","href":"https:\/\/api.w.org\/{rel}","templated":true}]}}