{"id":2634,"date":"2026-02-25T17:41:55","date_gmt":"2026-02-25T16:41:55","guid":{"rendered":"https:\/\/elm-formaction.fr\/?post_type=product&#038;p=2634"},"modified":"2026-03-02T09:33:32","modified_gmt":"2026-03-02T08:33:32","slug":"trousse-tactique-premiers-secours","status":"publish","type":"product","link":"https:\/\/elm-formaction.fr\/index.php\/produit\/trousse-tactique-premiers-secours\/","title":{"rendered":"Trousse Tactique \u2013 Kit de Premiers Secours d&rsquo;Urgence"},"content":{"rendered":"<p style=\"text-align: left;\" data-start=\"584\" data-end=\"767\">La Trousse Tactique est con\u00e7ue pour r\u00e9pondre aux besoins des professionnels et particuliers recherchant un kit de premiers secours compact, pratique et imm\u00e9diatement op\u00e9rationnel.<\/p>\n<p style=\"text-align: left;\" data-start=\"769\" data-end=\"852\">Gr\u00e2ce \u00e0 son format r\u00e9duit et sa conception souple, elle se glisse facilement dans :<\/p>\n<ul style=\"text-align: left;\" data-start=\"854\" data-end=\"945\">\n<li data-section-id=\"oj95i0\" data-start=\"854\" data-end=\"872\">\n<p data-start=\"856\" data-end=\"872\">un v\u00e9hicule<\/p>\n<\/li>\n<li data-section-id=\"pugn84\" data-start=\"873\" data-end=\"901\">\n<p data-start=\"875\" data-end=\"901\">un sac d\u2019intervention<\/p>\n<\/li>\n<li data-section-id=\"1pn2y2h\" data-start=\"902\" data-end=\"928\">\n<p data-start=\"904\" data-end=\"928\">un chantier mobile<\/p>\n<\/li>\n<li data-section-id=\"vlo8nt\" data-start=\"929\" data-end=\"945\">\n<p data-start=\"931\" data-end=\"945\">un bureau<\/p>\n<\/li>\n<\/ul>\n<p style=\"text-align: left;\" data-start=\"947\" data-end=\"1109\">Sa fermeture \u00e9clair robuste permet un acc\u00e8s rapide au contenu, tandis que son syst\u00e8me velcro assure un maintien s\u00e9curis\u00e9 et une organisation efficace du mat\u00e9riel.<\/p>\n<p style=\"text-align: left;\" data-start=\"1111\" data-end=\"1221\">Livr\u00e9e avec mat\u00e9riel inclus, cette trousse constitue une solution fiable et pr\u00eate \u00e0 l\u2019emploi en cas d\u2019urgence.<\/p>\n<hr data-start=\"1223\" data-end=\"1226\" \/>\n<h2 style=\"text-align: left;\" data-section-id=\"45ej9f\" data-start=\"1228\" data-end=\"1245\">Points forts<\/h2>\n<ul data-start=\"1247\" data-end=\"1455\">\n<li style=\"text-align: left;\" data-section-id=\"mtwpgo\" data-start=\"1247\" data-end=\"1274\">\n<p data-start=\"1249\" data-end=\"1274\">Format compact et l\u00e9ger<\/p>\n<\/li>\n<li style=\"text-align: left;\" data-section-id=\"1ovq8qw\" data-start=\"1275\" data-end=\"1307\">\n<p data-start=\"1277\" data-end=\"1307\">Trousse souple et r\u00e9sistante<\/p>\n<\/li>\n<li style=\"text-align: left;\" data-section-id=\"1cpbk3n\" data-start=\"1308\" data-end=\"1335\">\n<p data-start=\"1310\" data-end=\"1335\">Fermeture \u00e9clair solide<\/p>\n<\/li>\n<li style=\"text-align: left;\" data-section-id=\"8f9ybf\" data-start=\"1336\" data-end=\"1363\">\n<p data-start=\"1338\" data-end=\"1363\">Syst\u00e8me velcro pratique<\/p>\n<\/li>\n<li style=\"text-align: left;\" data-section-id=\"1ukgyod\" data-start=\"1364\" data-end=\"1403\">\n<p data-start=\"1366\" data-end=\"1403\">Mat\u00e9riel de premiers secours inclus<\/p>\n<\/li>\n<li data-section-id=\"1c4veyo\" data-start=\"1404\" data-end=\"1455\">\n<p style=\"text-align: left;\" data-start=\"1406\" data-end=\"1455\">Id\u00e9ale en compl\u00e9ment d\u2019une trousse multirisques<\/p>\n<\/li>\n<\/ul>\n<hr \/>\n<h2 style=\"text-align: left;\">Contenu de la Trousse Tactique:<\/h2>\n<ul>\n<li style=\"text-align: left;\">1 Pansement Compressif type isra\u00e9lien<\/li>\n<li style=\"text-align: left;\">1 Garrot tourniquet et le stylo de marquage<\/li>\n<li style=\"text-align: left;\">5 Compresses st\u00e9riles<\/li>\n<li style=\"text-align: left;\">1 Couverture de survie<\/li>\n<li style=\"text-align: left;\">2 paires de gants<\/li>\n<li style=\"text-align: left;\">1 paire de ciseaux Jesco<\/li>\n<li style=\"text-align: left;\">5 flacons de s\u00e9rum physiologiques<\/li>\n<li style=\"text-align: left;\">3 bandes 4m X 7<\/li>\n<li style=\"text-align: left;\">1 gaze h\u00e9mostatique<\/li>\n<li style=\"text-align: left;\">5 serviettes st\u00e9riles compress\u00e9es<\/li>\n<li style=\"text-align: left;\">1 sifflet de s\u00e9curit\u00e9<\/li>\n<li style=\"text-align: left;\">1 masque d&rsquo;insufflation<\/li>\n<\/ul>\n","protected":false},"excerpt":{"rendered":"<p>Trousse de secours tactique compacte et fonctionnelle, id\u00e9ale pour v\u00e9hicule, sac d\u2019intervention ou d\u00e9placements professionnels.<br data-start=\"452\" data-end=\"455\" \/>Souple, r\u00e9sistante et enti\u00e8rement \u00e9quip\u00e9e, elle permet une intervention rapide en cas d\u2019urgence.<\/p>\n","protected":false},"featured_media":2618,"comment_status":"closed","ping_status":"closed","template":"","meta":[],"product_brand":[],"product_cat":[47],"product_tag":[],"class_list":{"0":"post-2634","1":"product","2":"type-product","3":"status-publish","4":"has-post-thumbnail","6":"product_cat-trousse-de-secours-complete","7":"product_shipping_class-colis-classique","9":"first","10":"outofstock","11":"shipping-taxable","12":"purchasable","13":"product-type-simple"},"yoast_head":"<!-- This site is optimized with the Yoast SEO plugin v27.3 - https:\/\/yoast.com\/product\/yoast-seo-wordpress\/ -->\n<title>Trousse Tactique \u2013 Kit de Premiers Secours Compact<\/title>\n<meta name=\"description\" content=\"Trousse tactique souple. Format compact, fermeture \u00e9clair et velcro. Id\u00e9ale pour v\u00e9hicule, intervention mobile ou compl\u00e9ment entreprise.\" \/>\n<meta name=\"robots\" content=\"index, follow, max-snippet:-1, max-image-preview:large, max-video-preview:-1\" \/>\n<link rel=\"canonical\" href=\"https:\/\/elm-formaction.fr\/index.php\/produit\/trousse-tactique-premiers-secours\/\" \/>\n<meta property=\"og:locale\" content=\"fr_FR\" \/>\n<meta property=\"og:type\" content=\"article\" \/>\n<meta property=\"og:title\" content=\"Trousse Tactique \u2013 Kit de Premiers Secours Compact\" \/>\n<meta property=\"og:description\" content=\"Trousse tactique souple. Format compact, fermeture \u00e9clair et velcro. Id\u00e9ale pour v\u00e9hicule, intervention mobile ou compl\u00e9ment entreprise.\" \/>\n<meta property=\"og:url\" content=\"https:\/\/elm-formaction.fr\/index.php\/produit\/trousse-tactique-premiers-secours\/\" \/>\n<meta property=\"og:site_name\" content=\"ELM-FORMACTION\" \/>\n<meta property=\"article:publisher\" content=\"https:\/\/www.facebook.com\/people\/ELM-FormAction\/61573750692677\/\" \/>\n<meta property=\"article:modified_time\" content=\"2026-03-02T08:33:32+00:00\" \/>\n<meta property=\"og:image\" content=\"https:\/\/elm-formaction.fr\/wp-content\/uploads\/2026\/02\/IMG_3683-scaled.jpeg\" \/>\n\t<meta property=\"og:image:width\" content=\"1920\" \/>\n\t<meta property=\"og:image:height\" content=\"2560\" \/>\n\t<meta property=\"og:image:type\" content=\"image\/jpeg\" \/>\n<meta name=\"twitter:card\" content=\"summary_large_image\" \/>\n<meta name=\"twitter:label1\" content=\"Dur\u00e9e de lecture estim\u00e9e\" \/>\n\t<meta name=\"twitter:data1\" content=\"2 minutes\" \/>\n<script type=\"application\/ld+json\" class=\"yoast-schema-graph\">{\"@context\":\"https:\\\/\\\/schema.org\",\"@graph\":[{\"@type\":\"WebPage\",\"@id\":\"https:\\\/\\\/elm-formaction.fr\\\/index.php\\\/produit\\\/trousse-tactique-premiers-secours\\\/\",\"url\":\"https:\\\/\\\/elm-formaction.fr\\\/index.php\\\/produit\\\/trousse-tactique-premiers-secours\\\/\",\"name\":\"Trousse Tactique \u2013 Kit de Premiers Secours Compact\",\"isPartOf\":{\"@id\":\"https:\\\/\\\/elm-formaction.fr\\\/#website\"},\"primaryImageOfPage\":{\"@id\":\"https:\\\/\\\/elm-formaction.fr\\\/index.php\\\/produit\\\/trousse-tactique-premiers-secours\\\/#primaryimage\"},\"image\":{\"@id\":\"https:\\\/\\\/elm-formaction.fr\\\/index.php\\\/produit\\\/trousse-tactique-premiers-secours\\\/#primaryimage\"},\"thumbnailUrl\":\"https:\\\/\\\/elm-formaction.fr\\\/wp-content\\\/uploads\\\/2026\\\/02\\\/IMG_3683-scaled.jpeg\",\"datePublished\":\"2026-02-25T16:41:55+00:00\",\"dateModified\":\"2026-03-02T08:33:32+00:00\",\"description\":\"Trousse tactique souple. Format compact, fermeture \u00e9clair et velcro. Id\u00e9ale pour v\u00e9hicule, intervention mobile ou compl\u00e9ment entreprise.\",\"breadcrumb\":{\"@id\":\"https:\\\/\\\/elm-formaction.fr\\\/index.php\\\/produit\\\/trousse-tactique-premiers-secours\\\/#breadcrumb\"},\"inLanguage\":\"fr-FR\",\"potentialAction\":[{\"@type\":\"ReadAction\",\"target\":[\"https:\\\/\\\/elm-formaction.fr\\\/index.php\\\/produit\\\/trousse-tactique-premiers-secours\\\/\"]}]},{\"@type\":\"ImageObject\",\"inLanguage\":\"fr-FR\",\"@id\":\"https:\\\/\\\/elm-formaction.fr\\\/index.php\\\/produit\\\/trousse-tactique-premiers-secours\\\/#primaryimage\",\"url\":\"https:\\\/\\\/elm-formaction.fr\\\/wp-content\\\/uploads\\\/2026\\\/02\\\/IMG_3683-scaled.jpeg\",\"contentUrl\":\"https:\\\/\\\/elm-formaction.fr\\\/wp-content\\\/uploads\\\/2026\\\/02\\\/IMG_3683-scaled.jpeg\",\"width\":1920,\"height\":2560,\"caption\":\"Trousse de secours Tactique vue devant et profil\"},{\"@type\":\"BreadcrumbList\",\"@id\":\"https:\\\/\\\/elm-formaction.fr\\\/index.php\\\/produit\\\/trousse-tactique-premiers-secours\\\/#breadcrumb\",\"itemListElement\":[{\"@type\":\"ListItem\",\"position\":1,\"name\":\"Accueil\",\"item\":\"https:\\\/\\\/elm-formaction.fr\\\/\"},{\"@type\":\"ListItem\",\"position\":2,\"name\":\"Boutique\",\"item\":\"https:\\\/\\\/elm-formaction.fr\\\/index.php\\\/boutique\\\/\"},{\"@type\":\"ListItem\",\"position\":3,\"name\":\"Trousse Tactique \u2013 Kit de Premiers Secours d&rsquo;Urgence\"}]},{\"@type\":\"WebSite\",\"@id\":\"https:\\\/\\\/elm-formaction.fr\\\/#website\",\"url\":\"https:\\\/\\\/elm-formaction.fr\\\/\",\"name\":\"ELM-FORMACTION\",\"description\":\"Formez vous aujourd&#039;hui, agissez demain\",\"publisher\":{\"@id\":\"https:\\\/\\\/elm-formaction.fr\\\/#organization\"},\"potentialAction\":[{\"@type\":\"SearchAction\",\"target\":{\"@type\":\"EntryPoint\",\"urlTemplate\":\"https:\\\/\\\/elm-formaction.fr\\\/?s={search_term_string}\"},\"query-input\":{\"@type\":\"PropertyValueSpecification\",\"valueRequired\":true,\"valueName\":\"search_term_string\"}}],\"inLanguage\":\"fr-FR\"},{\"@type\":\"Organization\",\"@id\":\"https:\\\/\\\/elm-formaction.fr\\\/#organization\",\"name\":\"ELM-FORMACTION\",\"url\":\"https:\\\/\\\/elm-formaction.fr\\\/\",\"logo\":{\"@type\":\"ImageObject\",\"inLanguage\":\"fr-FR\",\"@id\":\"https:\\\/\\\/elm-formaction.fr\\\/#\\\/schema\\\/logo\\\/image\\\/\",\"url\":\"https:\\\/\\\/elm-formaction.fr\\\/wp-content\\\/uploads\\\/2025\\\/06\\\/Logo-pour-fond-blanc-2.svg\",\"contentUrl\":\"https:\\\/\\\/elm-formaction.fr\\\/wp-content\\\/uploads\\\/2025\\\/06\\\/Logo-pour-fond-blanc-2.svg\",\"width\":493,\"height\":158,\"caption\":\"ELM-FORMACTION\"},\"image\":{\"@id\":\"https:\\\/\\\/elm-formaction.fr\\\/#\\\/schema\\\/logo\\\/image\\\/\"},\"sameAs\":[\"https:\\\/\\\/www.facebook.com\\\/people\\\/ELM-FormAction\\\/61573750692677\\\/\",\"https:\\\/\\\/www.instagram.com\\\/elm_formaction\\\/\"]}]}<\/script>\n<!-- \/ Yoast SEO plugin. -->","yoast_head_json":{"title":"Trousse Tactique \u2013 Kit de Premiers Secours Compact","description":"Trousse tactique souple. Format compact, fermeture \u00e9clair et velcro. Id\u00e9ale pour v\u00e9hicule, intervention mobile ou compl\u00e9ment entreprise.","robots":{"index":"index","follow":"follow","max-snippet":"max-snippet:-1","max-image-preview":"max-image-preview:large","max-video-preview":"max-video-preview:-1"},"canonical":"https:\/\/elm-formaction.fr\/index.php\/produit\/trousse-tactique-premiers-secours\/","og_locale":"fr_FR","og_type":"article","og_title":"Trousse Tactique \u2013 Kit de Premiers Secours Compact","og_description":"Trousse tactique souple. Format compact, fermeture \u00e9clair et velcro. Id\u00e9ale pour v\u00e9hicule, intervention mobile ou compl\u00e9ment entreprise.","og_url":"https:\/\/elm-formaction.fr\/index.php\/produit\/trousse-tactique-premiers-secours\/","og_site_name":"ELM-FORMACTION","article_publisher":"https:\/\/www.facebook.com\/people\/ELM-FormAction\/61573750692677\/","article_modified_time":"2026-03-02T08:33:32+00:00","og_image":[{"width":1920,"height":2560,"url":"https:\/\/elm-formaction.fr\/wp-content\/uploads\/2026\/02\/IMG_3683-scaled.jpeg","type":"image\/jpeg"}],"twitter_card":"summary_large_image","twitter_misc":{"Dur\u00e9e de lecture estim\u00e9e":"2 minutes"},"schema":{"@context":"https:\/\/schema.org","@graph":[{"@type":"WebPage","@id":"https:\/\/elm-formaction.fr\/index.php\/produit\/trousse-tactique-premiers-secours\/","url":"https:\/\/elm-formaction.fr\/index.php\/produit\/trousse-tactique-premiers-secours\/","name":"Trousse Tactique \u2013 Kit de Premiers Secours Compact","isPartOf":{"@id":"https:\/\/elm-formaction.fr\/#website"},"primaryImageOfPage":{"@id":"https:\/\/elm-formaction.fr\/index.php\/produit\/trousse-tactique-premiers-secours\/#primaryimage"},"image":{"@id":"https:\/\/elm-formaction.fr\/index.php\/produit\/trousse-tactique-premiers-secours\/#primaryimage"},"thumbnailUrl":"https:\/\/elm-formaction.fr\/wp-content\/uploads\/2026\/02\/IMG_3683-scaled.jpeg","datePublished":"2026-02-25T16:41:55+00:00","dateModified":"2026-03-02T08:33:32+00:00","description":"Trousse tactique souple. Format compact, fermeture \u00e9clair et velcro. Id\u00e9ale pour v\u00e9hicule, intervention mobile ou compl\u00e9ment entreprise.","breadcrumb":{"@id":"https:\/\/elm-formaction.fr\/index.php\/produit\/trousse-tactique-premiers-secours\/#breadcrumb"},"inLanguage":"fr-FR","potentialAction":[{"@type":"ReadAction","target":["https:\/\/elm-formaction.fr\/index.php\/produit\/trousse-tactique-premiers-secours\/"]}]},{"@type":"ImageObject","inLanguage":"fr-FR","@id":"https:\/\/elm-formaction.fr\/index.php\/produit\/trousse-tactique-premiers-secours\/#primaryimage","url":"https:\/\/elm-formaction.fr\/wp-content\/uploads\/2026\/02\/IMG_3683-scaled.jpeg","contentUrl":"https:\/\/elm-formaction.fr\/wp-content\/uploads\/2026\/02\/IMG_3683-scaled.jpeg","width":1920,"height":2560,"caption":"Trousse de secours Tactique vue devant et profil"},{"@type":"BreadcrumbList","@id":"https:\/\/elm-formaction.fr\/index.php\/produit\/trousse-tactique-premiers-secours\/#breadcrumb","itemListElement":[{"@type":"ListItem","position":1,"name":"Accueil","item":"https:\/\/elm-formaction.fr\/"},{"@type":"ListItem","position":2,"name":"Boutique","item":"https:\/\/elm-formaction.fr\/index.php\/boutique\/"},{"@type":"ListItem","position":3,"name":"Trousse Tactique \u2013 Kit de Premiers Secours d&rsquo;Urgence"}]},{"@type":"WebSite","@id":"https:\/\/elm-formaction.fr\/#website","url":"https:\/\/elm-formaction.fr\/","name":"ELM-FORMACTION","description":"Formez vous aujourd&#039;hui, agissez demain","publisher":{"@id":"https:\/\/elm-formaction.fr\/#organization"},"potentialAction":[{"@type":"SearchAction","target":{"@type":"EntryPoint","urlTemplate":"https:\/\/elm-formaction.fr\/?s={search_term_string}"},"query-input":{"@type":"PropertyValueSpecification","valueRequired":true,"valueName":"search_term_string"}}],"inLanguage":"fr-FR"},{"@type":"Organization","@id":"https:\/\/elm-formaction.fr\/#organization","name":"ELM-FORMACTION","url":"https:\/\/elm-formaction.fr\/","logo":{"@type":"ImageObject","inLanguage":"fr-FR","@id":"https:\/\/elm-formaction.fr\/#\/schema\/logo\/image\/","url":"https:\/\/elm-formaction.fr\/wp-content\/uploads\/2025\/06\/Logo-pour-fond-blanc-2.svg","contentUrl":"https:\/\/elm-formaction.fr\/wp-content\/uploads\/2025\/06\/Logo-pour-fond-blanc-2.svg","width":493,"height":158,"caption":"ELM-FORMACTION"},"image":{"@id":"https:\/\/elm-formaction.fr\/#\/schema\/logo\/image\/"},"sameAs":["https:\/\/www.facebook.com\/people\/ELM-FormAction\/61573750692677\/","https:\/\/www.instagram.com\/elm_formaction\/"]}]}},"_links":{"self":[{"href":"https:\/\/elm-formaction.fr\/index.php\/wp-json\/wp\/v2\/product\/2634","targetHints":{"allow":["GET"]}}],"collection":[{"href":"https:\/\/elm-formaction.fr\/index.php\/wp-json\/wp\/v2\/product"}],"about":[{"href":"https:\/\/elm-formaction.fr\/index.php\/wp-json\/wp\/v2\/types\/product"}],"replies":[{"embeddable":true,"href":"https:\/\/elm-formaction.fr\/index.php\/wp-json\/wp\/v2\/comments?post=2634"}],"wp:featuredmedia":[{"embeddable":true,"href":"https:\/\/elm-formaction.fr\/index.php\/wp-json\/wp\/v2\/media\/2618"}],"wp:attachment":[{"href":"https:\/\/elm-formaction.fr\/index.php\/wp-json\/wp\/v2\/media?parent=2634"}],"wp:term":[{"taxonomy":"product_brand","embeddable":true,"href":"https:\/\/elm-formaction.fr\/index.php\/wp-json\/wp\/v2\/product_brand?post=2634"},{"taxonomy":"product_cat","embeddable":true,"href":"https:\/\/elm-formaction.fr\/index.php\/wp-json\/wp\/v2\/product_cat?post=2634"},{"taxonomy":"product_tag","embeddable":true,"href":"https:\/\/elm-formaction.fr\/index.php\/wp-json\/wp\/v2\/product_tag?post=2634"}],"curies":[{"name":"wp","href":"https:\/\/api.w.org\/{rel}","templated":true}]}}