{"id":1795,"date":"2026-02-01T22:49:30","date_gmt":"2026-02-01T21:49:30","guid":{"rendered":"https:\/\/elm-formaction.fr\/?post_type=product&#038;p=1795"},"modified":"2026-02-13T10:30:07","modified_gmt":"2026-02-13T09:30:07","slug":"porte-cles-masque-insufflation","status":"publish","type":"product","link":"https:\/\/elm-formaction.fr\/index.php\/produit\/porte-cles-masque-insufflation\/","title":{"rendered":"Porte-cl\u00e9s avec masque d&rsquo;insufflation lot de 5"},"content":{"rendered":"<p data-start=\"835\" data-end=\"1044\">Le porte-cl\u00e9s avec masque d\u2019insufflation est un accessoire de premiers secours indispensable, con\u00e7u pour permettre une intervention rapide, s\u00fbre et hygi\u00e9nique lors d\u2019un arr\u00eat respiratoire ou cardiaque.<\/p>\n<p data-start=\"1046\" data-end=\"1351\">Compact et l\u00e9ger, il se transporte facilement sur un trousseau de cl\u00e9s, un sac ou une ceinture, garantissant une disponibilit\u00e9 imm\u00e9diate en cas d\u2019urgence. Le masque agit comme une barri\u00e8re de protection, limitant le contact direct lors du bouche-\u00e0-bouche et r\u00e9duisant les risques de contamination.<\/p>\n<h3 style=\"text-align: center;\" data-start=\"1353\" data-end=\"1373\">\u00a0Avantages cl\u00e9s<\/h3>\n<ul data-start=\"1374\" data-end=\"1634\">\n<li data-start=\"1374\" data-end=\"1424\">\n<p data-start=\"1376\" data-end=\"1424\">Masque d\u2019insufflation int\u00e9gr\u00e9, pr\u00eat \u00e0 l\u2019emploi<\/p>\n<\/li>\n<li data-start=\"1425\" data-end=\"1474\">\n<p data-start=\"1427\" data-end=\"1474\">Format porte-cl\u00e9s discret et ultra-portable<\/p>\n<\/li>\n<li data-start=\"1475\" data-end=\"1531\">\n<p data-start=\"1477\" data-end=\"1531\">Favorise une r\u00e9animation plus s\u00fbre et plus sereine<\/p>\n<\/li>\n<li data-start=\"1532\" data-end=\"1574\">\n<p data-start=\"1534\" data-end=\"1574\">Utilisable partout \u00e0 n&rsquo;importe quel moment<\/p>\n<\/li>\n<li data-start=\"1575\" data-end=\"1634\">\n<p data-start=\"1577\" data-end=\"1634\">Id\u00e9al pour une intervention rapide en situation d\u2019urgence<\/p>\n<\/li>\n<\/ul>\n<h3 style=\"text-align: center;\" data-start=\"1636\" data-end=\"1667\">\u00a0Domaines d\u2019utilisation<\/h3>\n<ul data-start=\"1668\" data-end=\"1881\">\n<li data-start=\"1668\" data-end=\"1694\">\n<p data-start=\"1670\" data-end=\"1694\">Particuliers et familles<\/p>\n<\/li>\n<li data-start=\"1695\" data-end=\"1740\">\n<p data-start=\"1697\" data-end=\"1740\">Professionnels de la s\u00e9curit\u00e9 et du secours<\/p>\n<\/li>\n<li data-start=\"1741\" data-end=\"1765\">\n<p data-start=\"1743\" data-end=\"1765\">Entreprises et bureaux<\/p>\n<\/li>\n<li data-start=\"1766\" data-end=\"1807\">\n<p data-start=\"1768\" data-end=\"1807\">\u00c9tablissements recevant du public (ERP)<\/p>\n<\/li>\n<li data-start=\"1808\" data-end=\"1845\">\n<p data-start=\"1810\" data-end=\"1845\">Collectivit\u00e9s, \u00e9coles, associations<\/p>\n<\/li>\n<li data-start=\"1846\" data-end=\"1881\">\n<p data-start=\"1848\" data-end=\"1881\">Activit\u00e9s sportives et \u00e9v\u00e9nements<\/p>\n<\/li>\n<\/ul>\n<p>Vendu en lot de 5 porte-cl\u00e9s pour \u00eatre distribu\u00e9 \u00e0 votre entourage et\/ou vos coll\u00e8gues de travail<\/p>\n<p style=\"text-align: center;\" data-start=\"1883\" data-end=\"2010\"><span style=\"color: #ff0000;\">Un accessoire petit par la taille mais grand par son efficacit\u00e9<\/span>, en apportant s\u00e9curit\u00e9, hygi\u00e8ne et r\u00e9activit\u00e9 face \u00e0 l\u2019urgence.<\/p>\n<p data-start=\"1883\" data-end=\"2010\"><img fetchpriority=\"high\" decoding=\"async\" class=\"alignnone size-medium wp-image-1765\" src=\"https:\/\/elm-formaction.fr\/wp-content\/uploads\/2026\/02\/4x4.5-vente-2E-1-1-225x300.jpeg\" alt=\"Porte-cl\u00e9s miniature avec masque d\u2019insufflation, pratique et l\u00e9ger, id\u00e9al pour s\u00e9curit\u00e9 et premiers secours.\" width=\"225\" height=\"300\" srcset=\"https:\/\/elm-formaction.fr\/wp-content\/uploads\/2026\/02\/4x4.5-vente-2E-1-1-225x300.jpeg 225w, https:\/\/elm-formaction.fr\/wp-content\/uploads\/2026\/02\/4x4.5-vente-2E-1-1-scaled-300x400.jpeg 300w, https:\/\/elm-formaction.fr\/wp-content\/uploads\/2026\/02\/4x4.5-vente-2E-1-1-768x1024.jpeg 768w, https:\/\/elm-formaction.fr\/wp-content\/uploads\/2026\/02\/4x4.5-vente-2E-1-1-1152x1536.jpeg 1152w, https:\/\/elm-formaction.fr\/wp-content\/uploads\/2026\/02\/4x4.5-vente-2E-1-1-1536x2048.jpeg 1536w, https:\/\/elm-formaction.fr\/wp-content\/uploads\/2026\/02\/4x4.5-vente-2E-1-1-scaled.jpeg 1920w\" sizes=\"(max-width: 225px) 100vw, 225px\" \/><img decoding=\"async\" class=\"alignnone size-medium wp-image-1772\" src=\"https:\/\/elm-formaction.fr\/wp-content\/uploads\/2026\/02\/IMG_2872-225x300.jpeg\" alt=\"Porte-cl\u00e9s miniature avec masque d\u2019insufflation, pratique et l\u00e9ger, id\u00e9al pour s\u00e9curit\u00e9 et premiers secours\" width=\"225\" height=\"300\" srcset=\"https:\/\/elm-formaction.fr\/wp-content\/uploads\/2026\/02\/IMG_2872-225x300.jpeg 225w, https:\/\/elm-formaction.fr\/wp-content\/uploads\/2026\/02\/IMG_2872-scaled-300x400.jpeg 300w, https:\/\/elm-formaction.fr\/wp-content\/uploads\/2026\/02\/IMG_2872-768x1024.jpeg 768w, https:\/\/elm-formaction.fr\/wp-content\/uploads\/2026\/02\/IMG_2872-1152x1536.jpeg 1152w, https:\/\/elm-formaction.fr\/wp-content\/uploads\/2026\/02\/IMG_2872-1536x2048.jpeg 1536w, https:\/\/elm-formaction.fr\/wp-content\/uploads\/2026\/02\/IMG_2872-scaled.jpeg 1920w\" sizes=\"(max-width: 225px) 100vw, 225px\" \/><img decoding=\"async\" class=\"alignnone size-medium wp-image-1770\" src=\"https:\/\/elm-formaction.fr\/wp-content\/uploads\/2026\/02\/IMG_2867-225x300.jpeg\" alt=\"Porte-cl\u00e9s miniature avec masque d\u2019insufflation, pratique et l\u00e9ger, id\u00e9al pour s\u00e9curit\u00e9 et premiers secours\" width=\"225\" height=\"300\" srcset=\"https:\/\/elm-formaction.fr\/wp-content\/uploads\/2026\/02\/IMG_2867-225x300.jpeg 225w, https:\/\/elm-formaction.fr\/wp-content\/uploads\/2026\/02\/IMG_2867-scaled-300x400.jpeg 300w, https:\/\/elm-formaction.fr\/wp-content\/uploads\/2026\/02\/IMG_2867-768x1024.jpeg 768w, https:\/\/elm-formaction.fr\/wp-content\/uploads\/2026\/02\/IMG_2867-1152x1536.jpeg 1152w, https:\/\/elm-formaction.fr\/wp-content\/uploads\/2026\/02\/IMG_2867-1536x2048.jpeg 1536w, https:\/\/elm-formaction.fr\/wp-content\/uploads\/2026\/02\/IMG_2867-scaled.jpeg 1920w\" sizes=\"(max-width: 225px) 100vw, 225px\" \/><\/p>\n","protected":false},"excerpt":{"rendered":"<p>Le porte-cl\u00e9s avec masque d\u2019insufflation est un accessoire de premiers secours indispensable, con\u00e7u pour permettre une intervention rapide, s\u00fbre et hygi\u00e9nique lors d\u2019un arr\u00eat respiratoire ou cardiaque.<\/p>\n<p><img decoding=\"async\" class=\"alignnone size-medium wp-image-1770\" src=\"https:\/\/elm-formaction.fr\/wp-content\/uploads\/2026\/02\/IMG_2867-225x300.jpeg\" alt=\"Porte-cl\u00e9s miniature avec masque d\u2019insufflation, pratique et l\u00e9ger, id\u00e9al pour s\u00e9curit\u00e9 et premiers secours\" width=\"225\" height=\"300\" srcset=\"https:\/\/elm-formaction.fr\/wp-content\/uploads\/2026\/02\/IMG_2867-225x300.jpeg 225w, https:\/\/elm-formaction.fr\/wp-content\/uploads\/2026\/02\/IMG_2867-scaled-300x400.jpeg 300w, https:\/\/elm-formaction.fr\/wp-content\/uploads\/2026\/02\/IMG_2867-768x1024.jpeg 768w, https:\/\/elm-formaction.fr\/wp-content\/uploads\/2026\/02\/IMG_2867-1152x1536.jpeg 1152w, https:\/\/elm-formaction.fr\/wp-content\/uploads\/2026\/02\/IMG_2867-1536x2048.jpeg 1536w, https:\/\/elm-formaction.fr\/wp-content\/uploads\/2026\/02\/IMG_2867-scaled.jpeg 1920w\" sizes=\"(max-width: 225px) 100vw, 225px\" \/><\/p>\n","protected":false},"featured_media":1770,"comment_status":"closed","ping_status":"closed","template":"","meta":[],"product_brand":[],"product_cat":[53],"product_tag":[],"class_list":{"0":"post-1795","1":"product","2":"type-product","3":"status-publish","4":"has-post-thumbnail","6":"product_cat-masque-insufflation-porte-cle","7":"product_shipping_class-colis-classique","9":"first","10":"instock","11":"featured","12":"shipping-taxable","13":"purchasable","14":"product-type-simple"},"yoast_head":"<!-- This site is optimized with the Yoast SEO plugin v27.5 - https:\/\/yoast.com\/product\/yoast-seo-wordpress\/ -->\n<title>Porte-cl\u00e9s avec masque d\u2019insufflation | ELM<\/title>\n<meta name=\"description\" content=\"Porte-cl\u00e9s avec masque d\u2019insufflation compact et hygi\u00e9nique. Accessoire de premiers secours id\u00e9al pour professionnels et particuliers.\" \/>\n<meta name=\"robots\" content=\"index, follow, max-snippet:-1, max-image-preview:large, max-video-preview:-1\" \/>\n<link rel=\"canonical\" href=\"https:\/\/elm-formaction.fr\/index.php\/produit\/porte-cles-masque-insufflation\/\" \/>\n<meta property=\"og:locale\" content=\"fr_FR\" \/>\n<meta property=\"og:type\" content=\"article\" \/>\n<meta property=\"og:title\" content=\"Porte-cl\u00e9s avec masque d\u2019insufflation | ELM\" \/>\n<meta property=\"og:description\" content=\"Porte-cl\u00e9s avec masque d\u2019insufflation compact et hygi\u00e9nique. Accessoire de premiers secours id\u00e9al pour professionnels et particuliers.\" \/>\n<meta property=\"og:url\" content=\"https:\/\/elm-formaction.fr\/index.php\/produit\/porte-cles-masque-insufflation\/\" \/>\n<meta property=\"og:site_name\" content=\"ELM-FORMACTION\" \/>\n<meta property=\"article:publisher\" content=\"https:\/\/www.facebook.com\/people\/ELM-FormAction\/61573750692677\/\" \/>\n<meta property=\"article:modified_time\" content=\"2026-02-13T09:30:07+00:00\" \/>\n<meta property=\"og:image\" content=\"https:\/\/elm-formaction.fr\/wp-content\/uploads\/2026\/02\/IMG_2867-scaled.jpeg\" \/>\n\t<meta property=\"og:image:width\" content=\"1920\" \/>\n\t<meta property=\"og:image:height\" content=\"2560\" \/>\n\t<meta property=\"og:image:type\" content=\"image\/jpeg\" \/>\n<meta name=\"twitter:card\" content=\"summary_large_image\" \/>\n<meta name=\"twitter:label1\" content=\"Dur\u00e9e de lecture estim\u00e9e\" \/>\n\t<meta name=\"twitter:data1\" content=\"2 minutes\" \/>\n<script type=\"application\/ld+json\" class=\"yoast-schema-graph\">{\"@context\":\"https:\\\/\\\/schema.org\",\"@graph\":[{\"@type\":\"WebPage\",\"@id\":\"https:\\\/\\\/elm-formaction.fr\\\/index.php\\\/produit\\\/porte-cles-masque-insufflation\\\/\",\"url\":\"https:\\\/\\\/elm-formaction.fr\\\/index.php\\\/produit\\\/porte-cles-masque-insufflation\\\/\",\"name\":\"Porte-cl\u00e9s avec masque d\u2019insufflation | ELM\",\"isPartOf\":{\"@id\":\"https:\\\/\\\/elm-formaction.fr\\\/#website\"},\"primaryImageOfPage\":{\"@id\":\"https:\\\/\\\/elm-formaction.fr\\\/index.php\\\/produit\\\/porte-cles-masque-insufflation\\\/#primaryimage\"},\"image\":{\"@id\":\"https:\\\/\\\/elm-formaction.fr\\\/index.php\\\/produit\\\/porte-cles-masque-insufflation\\\/#primaryimage\"},\"thumbnailUrl\":\"https:\\\/\\\/elm-formaction.fr\\\/wp-content\\\/uploads\\\/2026\\\/02\\\/IMG_2867-scaled.jpeg\",\"datePublished\":\"2026-02-01T21:49:30+00:00\",\"dateModified\":\"2026-02-13T09:30:07+00:00\",\"description\":\"Porte-cl\u00e9s avec masque d\u2019insufflation compact et hygi\u00e9nique. Accessoire de premiers secours id\u00e9al pour professionnels et particuliers.\",\"breadcrumb\":{\"@id\":\"https:\\\/\\\/elm-formaction.fr\\\/index.php\\\/produit\\\/porte-cles-masque-insufflation\\\/#breadcrumb\"},\"inLanguage\":\"fr-FR\",\"potentialAction\":[{\"@type\":\"ReadAction\",\"target\":[\"https:\\\/\\\/elm-formaction.fr\\\/index.php\\\/produit\\\/porte-cles-masque-insufflation\\\/\"]}]},{\"@type\":\"ImageObject\",\"inLanguage\":\"fr-FR\",\"@id\":\"https:\\\/\\\/elm-formaction.fr\\\/index.php\\\/produit\\\/porte-cles-masque-insufflation\\\/#primaryimage\",\"url\":\"https:\\\/\\\/elm-formaction.fr\\\/wp-content\\\/uploads\\\/2026\\\/02\\\/IMG_2867-scaled.jpeg\",\"contentUrl\":\"https:\\\/\\\/elm-formaction.fr\\\/wp-content\\\/uploads\\\/2026\\\/02\\\/IMG_2867-scaled.jpeg\",\"width\":1920,\"height\":2560,\"caption\":\"Porte-cl\u00e9s miniature avec masque d\u2019insufflation, pratique et l\u00e9ger, id\u00e9al pour s\u00e9curit\u00e9 et premiers secours\"},{\"@type\":\"BreadcrumbList\",\"@id\":\"https:\\\/\\\/elm-formaction.fr\\\/index.php\\\/produit\\\/porte-cles-masque-insufflation\\\/#breadcrumb\",\"itemListElement\":[{\"@type\":\"ListItem\",\"position\":1,\"name\":\"Accueil\",\"item\":\"https:\\\/\\\/elm-formaction.fr\\\/\"},{\"@type\":\"ListItem\",\"position\":2,\"name\":\"Boutique\",\"item\":\"https:\\\/\\\/elm-formaction.fr\\\/index.php\\\/boutique\\\/\"},{\"@type\":\"ListItem\",\"position\":3,\"name\":\"Porte-cl\u00e9s avec masque d&rsquo;insufflation lot de 5\"}]},{\"@type\":\"WebSite\",\"@id\":\"https:\\\/\\\/elm-formaction.fr\\\/#website\",\"url\":\"https:\\\/\\\/elm-formaction.fr\\\/\",\"name\":\"ELM-FORMACTION\",\"description\":\"Formez vous aujourd&#039;hui, agissez demain\",\"publisher\":{\"@id\":\"https:\\\/\\\/elm-formaction.fr\\\/#organization\"},\"potentialAction\":[{\"@type\":\"SearchAction\",\"target\":{\"@type\":\"EntryPoint\",\"urlTemplate\":\"https:\\\/\\\/elm-formaction.fr\\\/?s={search_term_string}\"},\"query-input\":{\"@type\":\"PropertyValueSpecification\",\"valueRequired\":true,\"valueName\":\"search_term_string\"}}],\"inLanguage\":\"fr-FR\"},{\"@type\":\"Organization\",\"@id\":\"https:\\\/\\\/elm-formaction.fr\\\/#organization\",\"name\":\"ELM-FORMACTION\",\"url\":\"https:\\\/\\\/elm-formaction.fr\\\/\",\"logo\":{\"@type\":\"ImageObject\",\"inLanguage\":\"fr-FR\",\"@id\":\"https:\\\/\\\/elm-formaction.fr\\\/#\\\/schema\\\/logo\\\/image\\\/\",\"url\":\"https:\\\/\\\/elm-formaction.fr\\\/wp-content\\\/uploads\\\/2025\\\/06\\\/Logo-pour-fond-blanc-2.svg\",\"contentUrl\":\"https:\\\/\\\/elm-formaction.fr\\\/wp-content\\\/uploads\\\/2025\\\/06\\\/Logo-pour-fond-blanc-2.svg\",\"width\":493,\"height\":158,\"caption\":\"ELM-FORMACTION\"},\"image\":{\"@id\":\"https:\\\/\\\/elm-formaction.fr\\\/#\\\/schema\\\/logo\\\/image\\\/\"},\"sameAs\":[\"https:\\\/\\\/www.facebook.com\\\/people\\\/ELM-FormAction\\\/61573750692677\\\/\",\"https:\\\/\\\/www.instagram.com\\\/elm_formaction\\\/\"]}]}<\/script>\n<!-- \/ Yoast SEO plugin. -->","yoast_head_json":{"title":"Porte-cl\u00e9s avec masque d\u2019insufflation | ELM","description":"Porte-cl\u00e9s avec masque d\u2019insufflation compact et hygi\u00e9nique. Accessoire de premiers secours id\u00e9al pour professionnels et particuliers.","robots":{"index":"index","follow":"follow","max-snippet":"max-snippet:-1","max-image-preview":"max-image-preview:large","max-video-preview":"max-video-preview:-1"},"canonical":"https:\/\/elm-formaction.fr\/index.php\/produit\/porte-cles-masque-insufflation\/","og_locale":"fr_FR","og_type":"article","og_title":"Porte-cl\u00e9s avec masque d\u2019insufflation | ELM","og_description":"Porte-cl\u00e9s avec masque d\u2019insufflation compact et hygi\u00e9nique. Accessoire de premiers secours id\u00e9al pour professionnels et particuliers.","og_url":"https:\/\/elm-formaction.fr\/index.php\/produit\/porte-cles-masque-insufflation\/","og_site_name":"ELM-FORMACTION","article_publisher":"https:\/\/www.facebook.com\/people\/ELM-FormAction\/61573750692677\/","article_modified_time":"2026-02-13T09:30:07+00:00","og_image":[{"width":1920,"height":2560,"url":"https:\/\/elm-formaction.fr\/wp-content\/uploads\/2026\/02\/IMG_2867-scaled.jpeg","type":"image\/jpeg"}],"twitter_card":"summary_large_image","twitter_misc":{"Dur\u00e9e de lecture estim\u00e9e":"2 minutes"},"schema":{"@context":"https:\/\/schema.org","@graph":[{"@type":"WebPage","@id":"https:\/\/elm-formaction.fr\/index.php\/produit\/porte-cles-masque-insufflation\/","url":"https:\/\/elm-formaction.fr\/index.php\/produit\/porte-cles-masque-insufflation\/","name":"Porte-cl\u00e9s avec masque d\u2019insufflation | ELM","isPartOf":{"@id":"https:\/\/elm-formaction.fr\/#website"},"primaryImageOfPage":{"@id":"https:\/\/elm-formaction.fr\/index.php\/produit\/porte-cles-masque-insufflation\/#primaryimage"},"image":{"@id":"https:\/\/elm-formaction.fr\/index.php\/produit\/porte-cles-masque-insufflation\/#primaryimage"},"thumbnailUrl":"https:\/\/elm-formaction.fr\/wp-content\/uploads\/2026\/02\/IMG_2867-scaled.jpeg","datePublished":"2026-02-01T21:49:30+00:00","dateModified":"2026-02-13T09:30:07+00:00","description":"Porte-cl\u00e9s avec masque d\u2019insufflation compact et hygi\u00e9nique. Accessoire de premiers secours id\u00e9al pour professionnels et particuliers.","breadcrumb":{"@id":"https:\/\/elm-formaction.fr\/index.php\/produit\/porte-cles-masque-insufflation\/#breadcrumb"},"inLanguage":"fr-FR","potentialAction":[{"@type":"ReadAction","target":["https:\/\/elm-formaction.fr\/index.php\/produit\/porte-cles-masque-insufflation\/"]}]},{"@type":"ImageObject","inLanguage":"fr-FR","@id":"https:\/\/elm-formaction.fr\/index.php\/produit\/porte-cles-masque-insufflation\/#primaryimage","url":"https:\/\/elm-formaction.fr\/wp-content\/uploads\/2026\/02\/IMG_2867-scaled.jpeg","contentUrl":"https:\/\/elm-formaction.fr\/wp-content\/uploads\/2026\/02\/IMG_2867-scaled.jpeg","width":1920,"height":2560,"caption":"Porte-cl\u00e9s miniature avec masque d\u2019insufflation, pratique et l\u00e9ger, id\u00e9al pour s\u00e9curit\u00e9 et premiers secours"},{"@type":"BreadcrumbList","@id":"https:\/\/elm-formaction.fr\/index.php\/produit\/porte-cles-masque-insufflation\/#breadcrumb","itemListElement":[{"@type":"ListItem","position":1,"name":"Accueil","item":"https:\/\/elm-formaction.fr\/"},{"@type":"ListItem","position":2,"name":"Boutique","item":"https:\/\/elm-formaction.fr\/index.php\/boutique\/"},{"@type":"ListItem","position":3,"name":"Porte-cl\u00e9s avec masque d&rsquo;insufflation lot de 5"}]},{"@type":"WebSite","@id":"https:\/\/elm-formaction.fr\/#website","url":"https:\/\/elm-formaction.fr\/","name":"ELM-FORMACTION","description":"Formez vous aujourd&#039;hui, agissez demain","publisher":{"@id":"https:\/\/elm-formaction.fr\/#organization"},"potentialAction":[{"@type":"SearchAction","target":{"@type":"EntryPoint","urlTemplate":"https:\/\/elm-formaction.fr\/?s={search_term_string}"},"query-input":{"@type":"PropertyValueSpecification","valueRequired":true,"valueName":"search_term_string"}}],"inLanguage":"fr-FR"},{"@type":"Organization","@id":"https:\/\/elm-formaction.fr\/#organization","name":"ELM-FORMACTION","url":"https:\/\/elm-formaction.fr\/","logo":{"@type":"ImageObject","inLanguage":"fr-FR","@id":"https:\/\/elm-formaction.fr\/#\/schema\/logo\/image\/","url":"https:\/\/elm-formaction.fr\/wp-content\/uploads\/2025\/06\/Logo-pour-fond-blanc-2.svg","contentUrl":"https:\/\/elm-formaction.fr\/wp-content\/uploads\/2025\/06\/Logo-pour-fond-blanc-2.svg","width":493,"height":158,"caption":"ELM-FORMACTION"},"image":{"@id":"https:\/\/elm-formaction.fr\/#\/schema\/logo\/image\/"},"sameAs":["https:\/\/www.facebook.com\/people\/ELM-FormAction\/61573750692677\/","https:\/\/www.instagram.com\/elm_formaction\/"]}]}},"_links":{"self":[{"href":"https:\/\/elm-formaction.fr\/index.php\/wp-json\/wp\/v2\/product\/1795","targetHints":{"allow":["GET"]}}],"collection":[{"href":"https:\/\/elm-formaction.fr\/index.php\/wp-json\/wp\/v2\/product"}],"about":[{"href":"https:\/\/elm-formaction.fr\/index.php\/wp-json\/wp\/v2\/types\/product"}],"replies":[{"embeddable":true,"href":"https:\/\/elm-formaction.fr\/index.php\/wp-json\/wp\/v2\/comments?post=1795"}],"wp:featuredmedia":[{"embeddable":true,"href":"https:\/\/elm-formaction.fr\/index.php\/wp-json\/wp\/v2\/media\/1770"}],"wp:attachment":[{"href":"https:\/\/elm-formaction.fr\/index.php\/wp-json\/wp\/v2\/media?parent=1795"}],"wp:term":[{"taxonomy":"product_brand","embeddable":true,"href":"https:\/\/elm-formaction.fr\/index.php\/wp-json\/wp\/v2\/product_brand?post=1795"},{"taxonomy":"product_cat","embeddable":true,"href":"https:\/\/elm-formaction.fr\/index.php\/wp-json\/wp\/v2\/product_cat?post=1795"},{"taxonomy":"product_tag","embeddable":true,"href":"https:\/\/elm-formaction.fr\/index.php\/wp-json\/wp\/v2\/product_tag?post=1795"}],"curies":[{"name":"wp","href":"https:\/\/api.w.org\/{rel}","templated":true}]}}