{"id":1791,"date":"2026-02-01T22:01:58","date_gmt":"2026-02-01T21:01:58","guid":{"rendered":"https:\/\/elm-formaction.fr\/?post_type=product&#038;p=1791"},"modified":"2026-04-24T11:15:05","modified_gmt":"2026-04-24T09:15:05","slug":"couverture-anti-feu","status":"publish","type":"product","link":"https:\/\/elm-formaction.fr\/index.php\/produit\/couverture-anti-feu\/","title":{"rendered":"Couverture anti-feu pour le milieu professionnel et \u00e0 domicile Norme EN-1869:2019"},"content":{"rendered":"<h2 style=\"text-align: left;\" data-start=\"249\" data-end=\"323\">\u00a0<span style=\"color: #ffffff;\">Couverture anti-feu \u2013 Protection imm\u00e9diate contre les feux naissants<\/span><\/h2>\n<p style=\"text-align: left;\" data-start=\"325\" data-end=\"541\"><span style=\"color: #ffffff;\">Con\u00e7ue pour intervenir rapidement face aux d\u00e9parts de feu, cette couverture anti-feu est un \u00e9quipement de s\u00e9curit\u00e9 essentiel, aussi bien \u00e0 domicile, en milieu professionnel que dans les collectivit\u00e9s.<\/span><\/p>\n<p style=\"text-align: left;\" data-start=\"325\" data-end=\"541\"><span style=\"color: #ffffff;\">Elle est con\u00e7ue selon la norme standard EN-1869:2019 sp\u00e9cifique aux exigences r\u00e8glementaires des couvertures anti-feu.<\/span><\/p>\n<p style=\"text-align: left;\" data-start=\"543\" data-end=\"809\"><span style=\"color: #ffffff;\">Elle permet d\u2019\u00e9touffer efficacement les feux naissants, notamment ceux li\u00e9s aux batteries lithium-ion (trottinettes \u00e9lectriques, v\u00e9los, ordinateurs, t\u00e9l\u00e9phones, outils \u00e9lectroportatifs\u2026), en limitant la propagation des flammes, la chaleur et les projections en attendant l&rsquo;arriv\u00e9e des pompiers.<\/span><\/p>\n<h3 style=\"text-align: left;\" data-start=\"811\" data-end=\"829\"><span style=\"color: #ffffff;\">\u00a0Points forts<\/span><\/h3>\n<ul style=\"text-align: left;\" data-start=\"830\" data-end=\"1214\">\n<li data-start=\"830\" data-end=\"890\">\n<p data-start=\"832\" data-end=\"890\"><span style=\"color: #ffffff;\">Sp\u00e9cialement adapt\u00e9e aux feux de batteries lithium-ion<\/span><\/p>\n<\/li>\n<li data-start=\"891\" data-end=\"993\">\n<p data-start=\"893\" data-end=\"993\"><span style=\"color: #ffffff;\">Efficace sur feux domestiques et professionnels (cuisine, \u00e9quipements \u00e9lectriques, v\u00e9hicules l\u00e9gers)<\/span><\/p>\n<\/li>\n<li data-start=\"994\" data-end=\"1062\">\n<p data-start=\"996\" data-end=\"1062\"><span style=\"color: #ffffff;\">Action imm\u00e9diate par \u00e9touffement, sans eau ni produit chimique<\/span><\/p>\n<\/li>\n<li data-start=\"1063\" data-end=\"1112\">\n<p data-start=\"1065\" data-end=\"1112\"><span style=\"color: #ffffff;\">Facile \u00e0 utiliser<\/span><\/p>\n<\/li>\n<li data-start=\"1158\" data-end=\"1214\">\n<p data-start=\"1160\" data-end=\"1214\"><span style=\"color: #ffffff;\">Format compact, facilement accessible en cas d\u2019urgence<\/span><\/p>\n<\/li>\n<\/ul>\n<h3 style=\"text-align: left;\" data-start=\"1216\" data-end=\"1247\"><span style=\"color: #ffffff;\">\u00a0Domaines d\u2019utilisation<\/span><\/h3>\n<ul style=\"text-align: left;\" data-start=\"1248\" data-end=\"1503\">\n<li data-start=\"1248\" data-end=\"1301\">\n<p data-start=\"1250\" data-end=\"1301\"><span style=\"color: #ffffff;\">Habitations (cuisine, garage, recharge d\u2019appareils)<\/span><\/p>\n<\/li>\n<li data-start=\"1302\" data-end=\"1326\">\n<p data-start=\"1304\" data-end=\"1326\"><span style=\"color: #ffffff;\">Entreprises et bureaux<\/span><\/p>\n<\/li>\n<li data-start=\"1327\" data-end=\"1357\">\n<p data-start=\"1329\" data-end=\"1357\"><span style=\"color: #ffffff;\">Ateliers et zones techniques<\/span><\/p>\n<\/li>\n<li data-start=\"1358\" data-end=\"1399\">\n<p data-start=\"1360\" data-end=\"1399\"><span style=\"color: #ffffff;\">\u00c9tablissements recevant du public (ERP)<\/span><\/p>\n<\/li>\n<li data-start=\"1400\" data-end=\"1441\">\n<p data-start=\"1402\" data-end=\"1441\"><span style=\"color: #ffffff;\">Collectivit\u00e9s, \u00e9coles, centres sportifs<\/span><\/p>\n<\/li>\n<li data-start=\"1442\" data-end=\"1503\">\n<p data-start=\"1444\" data-end=\"1503\"><span style=\"color: #ffffff;\">Espaces de recharge pour batteries et appareils \u00e9lectriques<\/span><\/p>\n<\/li>\n<\/ul>\n<h3 style=\"text-align: left;\" data-start=\"1505\" data-end=\"1543\"><span style=\"color: #ffffff;\">Une solution simple et efficace<\/span><\/h3>\n<p style=\"text-align: left;\" data-start=\"1544\" data-end=\"1743\"><span style=\"color: #ffffff;\">Contrairement aux extincteurs, la couverture anti-feu ne projette aucun agent, ne cr\u00e9e pas de d\u00e9g\u00e2ts secondaires et permet une intervention rapide et s\u00e9curis\u00e9e, elle permet de limiter la propagation du feu en attendant les pompiers.<\/span><\/p>\n<p style=\"text-align: left;\" data-start=\"1544\" data-end=\"1743\"><span style=\"color: #ffffff;\">Cette action peux faire toute la diff\u00e9rence !<\/span><\/p>\n<p style=\"text-align: left;\" data-start=\"1745\" data-end=\"1892\"><span style=\"color: #ffffff;\">Un \u00e9quipement de pr\u00e9vention indispensable face \u00e0 la multiplication des appareils \u00e0 batteries lithium-ion et aux risques d\u2019incendie associ\u00e9s.<\/span><\/p>\n<p data-start=\"1745\" data-end=\"1892\">\n","protected":false},"excerpt":{"rendered":"<p><img fetchpriority=\"high\" decoding=\"async\" class=\"alignnone size-full wp-image-1763\" src=\"https:\/\/elm-formaction.fr\/wp-content\/uploads\/2026\/02\/180x120-vente-35-E.jpeg\" alt=\"Couverture anti-feu compacte, r\u00e9sistante \u00e0 la chaleur, id\u00e9ale pour la protection domestique et professionnelle\" width=\"5712\" height=\"4284\" \/><\/p>\n<h2 style=\"text-align: center;\" data-start=\"249\" data-end=\"323\">\u00a0Couverture anti-feu \u2013 Protection imm\u00e9diate contre les feux naissants<\/h2>\n<p data-start=\"325\" data-end=\"541\">Con\u00e7ue pour intervenir rapidement face aux d\u00e9parts de feu, cette couverture anti-feu est un \u00e9quipement de s\u00e9curit\u00e9 essentiel, aussi bien \u00e0 domicile, en milieu professionnel que dans les collectivit\u00e9s.<\/p>\n","protected":false},"featured_media":1763,"comment_status":"closed","ping_status":"closed","template":"","meta":[],"product_brand":[],"product_cat":[50],"product_tag":[],"class_list":{"0":"post-1791","1":"product","2":"type-product","3":"status-publish","4":"has-post-thumbnail","6":"product_cat-couverture-anti-feu","7":"product_shipping_class-colis-classique","9":"first","10":"instock","11":"shipping-taxable","12":"purchasable","13":"product-type-simple"},"yoast_head":"<!-- This site is optimized with the Yoast SEO plugin v27.5 - https:\/\/yoast.com\/product\/yoast-seo-wordpress\/ -->\n<title>Couverture anti-feu \u2013 Protection feux naissants | ELM<\/title>\n<meta name=\"description\" content=\"Couverture anti-feu pour feux naissants et batteries lithium-ion. Solution de s\u00e9curit\u00e9 efficace pour domicile, entreprises et collectivit\u00e9s.\" \/>\n<meta name=\"robots\" content=\"index, follow, max-snippet:-1, max-image-preview:large, max-video-preview:-1\" \/>\n<link rel=\"canonical\" href=\"https:\/\/elm-formaction.fr\/index.php\/produit\/couverture-anti-feu\/\" \/>\n<meta property=\"og:locale\" content=\"fr_FR\" \/>\n<meta property=\"og:type\" content=\"article\" \/>\n<meta property=\"og:title\" content=\"Couverture anti-feu \u2013 Protection feux naissants | ELM\" \/>\n<meta property=\"og:description\" content=\"Couverture anti-feu pour feux naissants et batteries lithium-ion. Solution de s\u00e9curit\u00e9 efficace pour domicile, entreprises et collectivit\u00e9s.\" \/>\n<meta property=\"og:url\" content=\"https:\/\/elm-formaction.fr\/index.php\/produit\/couverture-anti-feu\/\" \/>\n<meta property=\"og:site_name\" content=\"ELM-FORMACTION\" \/>\n<meta property=\"article:publisher\" content=\"https:\/\/www.facebook.com\/people\/ELM-FormAction\/61573750692677\/\" \/>\n<meta property=\"article:modified_time\" content=\"2026-04-24T09:15:05+00:00\" \/>\n<meta property=\"og:image\" content=\"https:\/\/elm-formaction.fr\/wp-content\/uploads\/2026\/02\/180x120-vente-35-E-scaled.jpeg\" \/>\n\t<meta property=\"og:image:width\" content=\"1920\" \/>\n\t<meta property=\"og:image:height\" content=\"2560\" \/>\n\t<meta property=\"og:image:type\" content=\"image\/jpeg\" \/>\n<meta name=\"twitter:card\" content=\"summary_large_image\" \/>\n<meta name=\"twitter:label1\" content=\"Dur\u00e9e de lecture estim\u00e9e\" \/>\n\t<meta name=\"twitter:data1\" content=\"2 minutes\" \/>\n<script type=\"application\/ld+json\" class=\"yoast-schema-graph\">{\"@context\":\"https:\\\/\\\/schema.org\",\"@graph\":[{\"@type\":\"WebPage\",\"@id\":\"https:\\\/\\\/elm-formaction.fr\\\/index.php\\\/produit\\\/couverture-anti-feu\\\/\",\"url\":\"https:\\\/\\\/elm-formaction.fr\\\/index.php\\\/produit\\\/couverture-anti-feu\\\/\",\"name\":\"Couverture anti-feu \u2013 Protection feux naissants | ELM\",\"isPartOf\":{\"@id\":\"https:\\\/\\\/elm-formaction.fr\\\/#website\"},\"primaryImageOfPage\":{\"@id\":\"https:\\\/\\\/elm-formaction.fr\\\/index.php\\\/produit\\\/couverture-anti-feu\\\/#primaryimage\"},\"image\":{\"@id\":\"https:\\\/\\\/elm-formaction.fr\\\/index.php\\\/produit\\\/couverture-anti-feu\\\/#primaryimage\"},\"thumbnailUrl\":\"https:\\\/\\\/elm-formaction.fr\\\/wp-content\\\/uploads\\\/2026\\\/02\\\/180x120-vente-35-E-scaled.jpeg\",\"datePublished\":\"2026-02-01T21:01:58+00:00\",\"dateModified\":\"2026-04-24T09:15:05+00:00\",\"description\":\"Couverture anti-feu pour feux naissants et batteries lithium-ion. Solution de s\u00e9curit\u00e9 efficace pour domicile, entreprises et collectivit\u00e9s.\",\"breadcrumb\":{\"@id\":\"https:\\\/\\\/elm-formaction.fr\\\/index.php\\\/produit\\\/couverture-anti-feu\\\/#breadcrumb\"},\"inLanguage\":\"fr-FR\",\"potentialAction\":[{\"@type\":\"ReadAction\",\"target\":[\"https:\\\/\\\/elm-formaction.fr\\\/index.php\\\/produit\\\/couverture-anti-feu\\\/\"]}]},{\"@type\":\"ImageObject\",\"inLanguage\":\"fr-FR\",\"@id\":\"https:\\\/\\\/elm-formaction.fr\\\/index.php\\\/produit\\\/couverture-anti-feu\\\/#primaryimage\",\"url\":\"https:\\\/\\\/elm-formaction.fr\\\/wp-content\\\/uploads\\\/2026\\\/02\\\/180x120-vente-35-E-scaled.jpeg\",\"contentUrl\":\"https:\\\/\\\/elm-formaction.fr\\\/wp-content\\\/uploads\\\/2026\\\/02\\\/180x120-vente-35-E-scaled.jpeg\",\"width\":1920,\"height\":2560,\"caption\":\"Couverture anti-feu compacte, r\u00e9sistante \u00e0 la chaleur, id\u00e9ale pour la protection domestique et professionnelle\"},{\"@type\":\"BreadcrumbList\",\"@id\":\"https:\\\/\\\/elm-formaction.fr\\\/index.php\\\/produit\\\/couverture-anti-feu\\\/#breadcrumb\",\"itemListElement\":[{\"@type\":\"ListItem\",\"position\":1,\"name\":\"Accueil\",\"item\":\"https:\\\/\\\/elm-formaction.fr\\\/\"},{\"@type\":\"ListItem\",\"position\":2,\"name\":\"Boutique\",\"item\":\"https:\\\/\\\/elm-formaction.fr\\\/index.php\\\/boutique\\\/\"},{\"@type\":\"ListItem\",\"position\":3,\"name\":\"Couverture anti-feu pour le milieu professionnel et \u00e0 domicile Norme EN-1869:2019\"}]},{\"@type\":\"WebSite\",\"@id\":\"https:\\\/\\\/elm-formaction.fr\\\/#website\",\"url\":\"https:\\\/\\\/elm-formaction.fr\\\/\",\"name\":\"ELM-FORMACTION\",\"description\":\"Formez vous aujourd&#039;hui, agissez demain\",\"publisher\":{\"@id\":\"https:\\\/\\\/elm-formaction.fr\\\/#organization\"},\"potentialAction\":[{\"@type\":\"SearchAction\",\"target\":{\"@type\":\"EntryPoint\",\"urlTemplate\":\"https:\\\/\\\/elm-formaction.fr\\\/?s={search_term_string}\"},\"query-input\":{\"@type\":\"PropertyValueSpecification\",\"valueRequired\":true,\"valueName\":\"search_term_string\"}}],\"inLanguage\":\"fr-FR\"},{\"@type\":\"Organization\",\"@id\":\"https:\\\/\\\/elm-formaction.fr\\\/#organization\",\"name\":\"ELM-FORMACTION\",\"url\":\"https:\\\/\\\/elm-formaction.fr\\\/\",\"logo\":{\"@type\":\"ImageObject\",\"inLanguage\":\"fr-FR\",\"@id\":\"https:\\\/\\\/elm-formaction.fr\\\/#\\\/schema\\\/logo\\\/image\\\/\",\"url\":\"https:\\\/\\\/elm-formaction.fr\\\/wp-content\\\/uploads\\\/2025\\\/06\\\/Logo-pour-fond-blanc-2.svg\",\"contentUrl\":\"https:\\\/\\\/elm-formaction.fr\\\/wp-content\\\/uploads\\\/2025\\\/06\\\/Logo-pour-fond-blanc-2.svg\",\"width\":493,\"height\":158,\"caption\":\"ELM-FORMACTION\"},\"image\":{\"@id\":\"https:\\\/\\\/elm-formaction.fr\\\/#\\\/schema\\\/logo\\\/image\\\/\"},\"sameAs\":[\"https:\\\/\\\/www.facebook.com\\\/people\\\/ELM-FormAction\\\/61573750692677\\\/\",\"https:\\\/\\\/www.instagram.com\\\/elm_formaction\\\/\"]}]}<\/script>\n<!-- \/ Yoast SEO plugin. -->","yoast_head_json":{"title":"Couverture anti-feu \u2013 Protection feux naissants | ELM","description":"Couverture anti-feu pour feux naissants et batteries lithium-ion. Solution de s\u00e9curit\u00e9 efficace pour domicile, entreprises et collectivit\u00e9s.","robots":{"index":"index","follow":"follow","max-snippet":"max-snippet:-1","max-image-preview":"max-image-preview:large","max-video-preview":"max-video-preview:-1"},"canonical":"https:\/\/elm-formaction.fr\/index.php\/produit\/couverture-anti-feu\/","og_locale":"fr_FR","og_type":"article","og_title":"Couverture anti-feu \u2013 Protection feux naissants | ELM","og_description":"Couverture anti-feu pour feux naissants et batteries lithium-ion. Solution de s\u00e9curit\u00e9 efficace pour domicile, entreprises et collectivit\u00e9s.","og_url":"https:\/\/elm-formaction.fr\/index.php\/produit\/couverture-anti-feu\/","og_site_name":"ELM-FORMACTION","article_publisher":"https:\/\/www.facebook.com\/people\/ELM-FormAction\/61573750692677\/","article_modified_time":"2026-04-24T09:15:05+00:00","og_image":[{"width":1920,"height":2560,"url":"https:\/\/elm-formaction.fr\/wp-content\/uploads\/2026\/02\/180x120-vente-35-E-scaled.jpeg","type":"image\/jpeg"}],"twitter_card":"summary_large_image","twitter_misc":{"Dur\u00e9e de lecture estim\u00e9e":"2 minutes"},"schema":{"@context":"https:\/\/schema.org","@graph":[{"@type":"WebPage","@id":"https:\/\/elm-formaction.fr\/index.php\/produit\/couverture-anti-feu\/","url":"https:\/\/elm-formaction.fr\/index.php\/produit\/couverture-anti-feu\/","name":"Couverture anti-feu \u2013 Protection feux naissants | ELM","isPartOf":{"@id":"https:\/\/elm-formaction.fr\/#website"},"primaryImageOfPage":{"@id":"https:\/\/elm-formaction.fr\/index.php\/produit\/couverture-anti-feu\/#primaryimage"},"image":{"@id":"https:\/\/elm-formaction.fr\/index.php\/produit\/couverture-anti-feu\/#primaryimage"},"thumbnailUrl":"https:\/\/elm-formaction.fr\/wp-content\/uploads\/2026\/02\/180x120-vente-35-E-scaled.jpeg","datePublished":"2026-02-01T21:01:58+00:00","dateModified":"2026-04-24T09:15:05+00:00","description":"Couverture anti-feu pour feux naissants et batteries lithium-ion. Solution de s\u00e9curit\u00e9 efficace pour domicile, entreprises et collectivit\u00e9s.","breadcrumb":{"@id":"https:\/\/elm-formaction.fr\/index.php\/produit\/couverture-anti-feu\/#breadcrumb"},"inLanguage":"fr-FR","potentialAction":[{"@type":"ReadAction","target":["https:\/\/elm-formaction.fr\/index.php\/produit\/couverture-anti-feu\/"]}]},{"@type":"ImageObject","inLanguage":"fr-FR","@id":"https:\/\/elm-formaction.fr\/index.php\/produit\/couverture-anti-feu\/#primaryimage","url":"https:\/\/elm-formaction.fr\/wp-content\/uploads\/2026\/02\/180x120-vente-35-E-scaled.jpeg","contentUrl":"https:\/\/elm-formaction.fr\/wp-content\/uploads\/2026\/02\/180x120-vente-35-E-scaled.jpeg","width":1920,"height":2560,"caption":"Couverture anti-feu compacte, r\u00e9sistante \u00e0 la chaleur, id\u00e9ale pour la protection domestique et professionnelle"},{"@type":"BreadcrumbList","@id":"https:\/\/elm-formaction.fr\/index.php\/produit\/couverture-anti-feu\/#breadcrumb","itemListElement":[{"@type":"ListItem","position":1,"name":"Accueil","item":"https:\/\/elm-formaction.fr\/"},{"@type":"ListItem","position":2,"name":"Boutique","item":"https:\/\/elm-formaction.fr\/index.php\/boutique\/"},{"@type":"ListItem","position":3,"name":"Couverture anti-feu pour le milieu professionnel et \u00e0 domicile Norme EN-1869:2019"}]},{"@type":"WebSite","@id":"https:\/\/elm-formaction.fr\/#website","url":"https:\/\/elm-formaction.fr\/","name":"ELM-FORMACTION","description":"Formez vous aujourd&#039;hui, agissez demain","publisher":{"@id":"https:\/\/elm-formaction.fr\/#organization"},"potentialAction":[{"@type":"SearchAction","target":{"@type":"EntryPoint","urlTemplate":"https:\/\/elm-formaction.fr\/?s={search_term_string}"},"query-input":{"@type":"PropertyValueSpecification","valueRequired":true,"valueName":"search_term_string"}}],"inLanguage":"fr-FR"},{"@type":"Organization","@id":"https:\/\/elm-formaction.fr\/#organization","name":"ELM-FORMACTION","url":"https:\/\/elm-formaction.fr\/","logo":{"@type":"ImageObject","inLanguage":"fr-FR","@id":"https:\/\/elm-formaction.fr\/#\/schema\/logo\/image\/","url":"https:\/\/elm-formaction.fr\/wp-content\/uploads\/2025\/06\/Logo-pour-fond-blanc-2.svg","contentUrl":"https:\/\/elm-formaction.fr\/wp-content\/uploads\/2025\/06\/Logo-pour-fond-blanc-2.svg","width":493,"height":158,"caption":"ELM-FORMACTION"},"image":{"@id":"https:\/\/elm-formaction.fr\/#\/schema\/logo\/image\/"},"sameAs":["https:\/\/www.facebook.com\/people\/ELM-FormAction\/61573750692677\/","https:\/\/www.instagram.com\/elm_formaction\/"]}]}},"_links":{"self":[{"href":"https:\/\/elm-formaction.fr\/index.php\/wp-json\/wp\/v2\/product\/1791","targetHints":{"allow":["GET"]}}],"collection":[{"href":"https:\/\/elm-formaction.fr\/index.php\/wp-json\/wp\/v2\/product"}],"about":[{"href":"https:\/\/elm-formaction.fr\/index.php\/wp-json\/wp\/v2\/types\/product"}],"replies":[{"embeddable":true,"href":"https:\/\/elm-formaction.fr\/index.php\/wp-json\/wp\/v2\/comments?post=1791"}],"wp:featuredmedia":[{"embeddable":true,"href":"https:\/\/elm-formaction.fr\/index.php\/wp-json\/wp\/v2\/media\/1763"}],"wp:attachment":[{"href":"https:\/\/elm-formaction.fr\/index.php\/wp-json\/wp\/v2\/media?parent=1791"}],"wp:term":[{"taxonomy":"product_brand","embeddable":true,"href":"https:\/\/elm-formaction.fr\/index.php\/wp-json\/wp\/v2\/product_brand?post=1791"},{"taxonomy":"product_cat","embeddable":true,"href":"https:\/\/elm-formaction.fr\/index.php\/wp-json\/wp\/v2\/product_cat?post=1791"},{"taxonomy":"product_tag","embeddable":true,"href":"https:\/\/elm-formaction.fr\/index.php\/wp-json\/wp\/v2\/product_tag?post=1791"}],"curies":[{"name":"wp","href":"https:\/\/api.w.org\/{rel}","templated":true}]}}