{"id":2828,"date":"2026-03-02T16:04:32","date_gmt":"2026-03-02T15:04:32","guid":{"rendered":"https:\/\/elm-formaction.fr\/?page_id=2828"},"modified":"2026-03-02T16:12:01","modified_gmt":"2026-03-02T15:12:01","slug":"conditions-generales-de-vente-boutique","status":"publish","type":"page","link":"https:\/\/elm-formaction.fr\/index.php\/conditions-generales-de-vente-boutique\/","title":{"rendered":"Conditions G\u00e9n\u00e9rales de Vente | Boutique"},"content":{"rendered":"\t\t<div data-elementor-type=\"wp-page\" data-elementor-id=\"2828\" class=\"elementor elementor-2828\" data-elementor-post-type=\"page\">\n\t\t\t\t<div class=\"elementor-element elementor-element-67390311 e-flex e-con-boxed e-con e-parent\" data-id=\"67390311\" data-element_type=\"container\" data-e-type=\"container\" data-settings=\"{&quot;background_background&quot;:&quot;classic&quot;}\">\n\t\t\t\t\t<div class=\"e-con-inner\">\n\t\t<div class=\"elementor-element elementor-element-76065c90 e-con-full e-flex e-con e-child\" data-id=\"76065c90\" data-element_type=\"container\" data-e-type=\"container\">\n\t\t<div class=\"elementor-element elementor-element-46c17383 e-con-full e-flex e-con e-child\" data-id=\"46c17383\" data-element_type=\"container\" data-e-type=\"container\" data-settings=\"{&quot;background_background&quot;:&quot;classic&quot;}\">\n\t\t\t\t<div class=\"elementor-element elementor-element-3cf0b4d8 elementor-widget elementor-widget-heading\" data-id=\"3cf0b4d8\" data-element_type=\"widget\" data-e-type=\"widget\" data-widget_type=\"heading.default\">\n\t\t\t\t<div class=\"elementor-widget-container\">\n\t\t\t\t\t<h2 class=\"elementor-heading-title elementor-size-default\">Conditions G\u00e9n\u00e9rales de Vente | Boutique<\/h2>\t\t\t\t<\/div>\n\t\t\t\t<\/div>\n\t\t\t\t<div class=\"elementor-element elementor-element-60da8747 elementor-widget elementor-widget-text-editor\" data-id=\"60da8747\" data-element_type=\"widget\" data-e-type=\"widget\" data-widget_type=\"text-editor.default\">\n\t\t\t\t<div class=\"elementor-widget-container\">\n\t\t\t\t\t\t\t\t\t<p>Conditions G\u00e9n\u00e9rales de Vente | Boutique ELM FormAction<\/p><p><br \/><span style=\"text-decoration: underline;\">Article 1 \u2013 Objet.<\/span><\/p><p><br \/>Les pr\u00e9sentes Conditions G\u00e9n\u00e9rales de Vente (CGV) r\u00e9gissent les ventes de produits et <br \/>services propos\u00e9s par ELM FormAction, via le site internet accessible \u00e0 l\u2019adresse : <br \/>https:\/\/elm-formaction.fr. <br \/>Toute commande implique l\u2019acceptation sans r\u00e9serve des pr\u00e9sentes CGV par le client.<\/p><p><br \/><span style=\"text-decoration: underline;\">Article 2 \u2013 Identification de la soci\u00e9t\u00e9.<\/span><\/p><p><br \/>\uf0b7 D\u00e9nomination : ELM FormAction <br \/>\uf0b7 Statut juridique : SASU <br \/>\uf0b7 Si\u00e8ge social : 46, Avenue de Rivesaltes 66380 PIA <br \/>\uf0b7 SIREN : 942914136 <br \/>\uf0b7 Email : contact@elm-formaction.fr <br \/>\uf0b7 T\u00e9l\u00e9phone : 06.03.49.30.22<\/p><p><br \/><span style=\"text-decoration: underline;\">Article 3 \u2013 Produits et services.<\/span><\/p><p><br \/>ELM FormAction propose : <br \/>\uf0b7 des formations professionnelles, <br \/>\uf0b7 des produits physiques li\u00e9s \u00e0 la pr\u00e9vention et \u00e0 la s\u00e9curit\u00e9 (ex. trousses de secours), <br \/>\uf0b7 des contenus p\u00e9dagogiques. <br \/>Les caract\u00e9ristiques essentielles sont d\u00e9crites sur chaque fiche produit.<\/p><p><br \/><span style=\"text-decoration: underline;\">Article 4 \u2013 Prix.<\/span><\/p><p><br \/>Les prix sont indiqu\u00e9s en euros (\u20ac), toutes taxes comprises (TTC). <br \/>ELM FormAction se r\u00e9serve le droit de modifier ses prix \u00e0 tout moment, sans effet r\u00e9troactif.<\/p><p><br \/><span style=\"text-decoration: underline;\">Article 5 \u2013 Commande.<\/span><\/p><p><br \/>Le client passe commande via le site internet. <br \/>Toute commande valid\u00e9e vaut acceptation des prix et descriptions des produits. <br \/>Un email de confirmation est envoy\u00e9 apr\u00e8s validation du paiement. <br \/>Elm formaction <br \/>46, Avenue de Rivesaltes <br \/>66380 PIA <br \/>06.03.49.30.22 <br \/>contact@elm-formaction.fr<\/p><p><br \/><span style=\"text-decoration: underline;\">Article 6 \u2013 Paiement.<\/span><\/p><p><br \/>Les paiements sont s\u00e9curis\u00e9s et peuvent \u00eatre effectu\u00e9s par : <br \/>\uf0b7 carte bancaire, <br \/>\uf0b7 virement bancaire, <br \/>La commande est consid\u00e9r\u00e9e comme d\u00e9finitive apr\u00e8s r\u00e9ception du paiement.<\/p><p><br \/><span style=\"text-decoration: underline;\">Article 7 \u2013 Livraison.<\/span><\/p><p><br \/>Les produits physiques sont livr\u00e9s via le transporteur s\u00e9lectionn\u00e9 par le client (Mondial <br \/>Relay). <br \/>Les d\u00e9lais sont donn\u00e9s \u00e0 titre indicatif. <br \/>ELM FormAction ne saurait \u00eatre tenue responsable d\u2019un retard imputable au transporteur.<\/p><p><br \/><span style=\"text-decoration: underline;\">Article 8 \u2013 Droit de r\u00e9tractation.<\/span><\/p><p><br \/>Conform\u00e9ment \u00e0 l\u2019article L221-18 du Code de la consommation, le client dispose d\u2019un d\u00e9lai <br \/>de 14 jours \u00e0 compter de la r\u00e9ception du produit pour exercer son droit de r\u00e9tractation, sauf <br \/>exceptions l\u00e9gales.<\/p><p><br \/><span style=\"text-decoration: underline;\">Article 9 \u2013 Responsabilit\u00e9.<\/span><\/p><p><br \/>ELM FormAction ne saurait \u00eatre tenue responsable d\u2019une mauvaise utilisation des produits.<\/p><p><br \/><span style=\"text-decoration: underline;\">Article 10 \u2013 Donn\u00e9es personnelles.<\/span><\/p><p><br \/>Les donn\u00e9es personnelles sont trait\u00e9es conform\u00e9ment \u00e0 la r\u00e9glementation en vigueur et \u00e0 la <br \/>politique de confidentialit\u00e9 du site.<\/p><p><br \/><span style=\"text-decoration: underline;\">Article 11 \u2013 Droit applicable.<\/span><\/p><p><br \/>Les pr\u00e9sentes CGV sont soumises au droit fran\u00e7ais. <br \/>Tout litige rel\u00e8ve de la comp\u00e9tence des tribunaux fran\u00e7ais.<\/p>\t\t\t\t\t\t\t\t<\/div>\n\t\t\t\t<\/div>\n\t\t\t\t<\/div>\n\t\t\t\t<\/div>\n\t\t<div class=\"elementor-element elementor-element-268054ba e-con-full e-flex e-con e-child\" data-id=\"268054ba\" data-element_type=\"container\" data-e-type=\"container\" data-settings=\"{&quot;background_background&quot;:&quot;classic&quot;}\">\n\t\t\t\t<div class=\"elementor-element elementor-element-2a463233 elementor-widget-divider--view-line elementor-widget elementor-widget-divider\" data-id=\"2a463233\" data-element_type=\"widget\" data-e-type=\"widget\" data-widget_type=\"divider.default\">\n\t\t\t\t<div class=\"elementor-widget-container\">\n\t\t\t\t\t\t\t<div class=\"elementor-divider\">\n\t\t\t<span class=\"elementor-divider-separator\">\n\t\t\t\t\t\t<\/span>\n\t\t<\/div>\n\t\t\t\t\t\t<\/div>\n\t\t\t\t<\/div>\n\t\t\t\t<div class=\"elementor-element elementor-element-1c492878 elementor-align-center elementor-widget elementor-widget-button\" data-id=\"1c492878\" data-element_type=\"widget\" data-e-type=\"widget\" data-widget_type=\"button.default\">\n\t\t\t\t<div class=\"elementor-widget-container\">\n\t\t\t\t\t\t\t\t\t<div class=\"elementor-button-wrapper\">\n\t\t\t\t\t<a class=\"elementor-button elementor-size-sm\" role=\"button\">\n\t\t\t\t\t\t<span class=\"elementor-button-content-wrapper\">\n\t\t\t\t\t\t\t\t\t<span class=\"elementor-button-text\">Conditions G\u00e9n\u00e9rales de Vente | Boutique<\/span>\n\t\t\t\t\t<\/span>\n\t\t\t\t\t<\/a>\n\t\t\t\t<\/div>\n\t\t\t\t\t\t\t\t<\/div>\n\t\t\t\t<\/div>\n\t\t\t\t<div class=\"elementor-element elementor-element-193181ba elementor-align-center elementor-widget elementor-widget-button\" data-id=\"193181ba\" data-element_type=\"widget\" data-e-type=\"widget\" data-widget_type=\"button.default\">\n\t\t\t\t<div class=\"elementor-widget-container\">\n\t\t\t\t\t\t\t\t\t<div class=\"elementor-button-wrapper\">\n\t\t\t\t\t<a class=\"elementor-button elementor-button-link elementor-size-sm\" href=\"https:\/\/elm-formaction.fr\/wp-content\/uploads\/2026\/02\/Conditions-Generales-de-Vente-ELM-FormAction.pdf\" target=\"_blank\">\n\t\t\t\t\t\t<span class=\"elementor-button-content-wrapper\">\n\t\t\t\t\t\t<span class=\"elementor-button-icon\">\n\t\t\t\t<svg aria-hidden=\"true\" class=\"e-font-icon-svg e-fas-file-download\" viewBox=\"0 0 384 512\" xmlns=\"http:\/\/www.w3.org\/2000\/svg\"><path d=\"M224 136V0H24C10.7 0 0 10.7 0 24v464c0 13.3 10.7 24 24 24h336c13.3 0 24-10.7 24-24V160H248c-13.2 0-24-10.8-24-24zm76.45 211.36l-96.42 95.7c-6.65 6.61-17.39 6.61-24.04 0l-96.42-95.7C73.42 337.29 80.54 320 94.82 320H160v-80c0-8.84 7.16-16 16-16h32c8.84 0 16 7.16 16 16v80h65.18c14.28 0 21.4 17.29 11.27 27.36zM377 105L279.1 7c-4.5-4.5-10.6-7-17-7H256v128h128v-6.1c0-6.3-2.5-12.4-7-16.9z\"><\/path><\/svg>\t\t\t<\/span>\n\t\t\t\t\t\t\t\t\t<span class=\"elementor-button-text\">T\u00e9l\u00e9charger nos CGV | Boutique<\/span>\n\t\t\t\t\t<\/span>\n\t\t\t\t\t<\/a>\n\t\t\t\t<\/div>\n\t\t\t\t\t\t\t\t<\/div>\n\t\t\t\t<\/div>\n\t\t\t\t<div class=\"elementor-element elementor-element-5fec471f elementor-widget-divider--view-line elementor-widget elementor-widget-divider\" data-id=\"5fec471f\" data-element_type=\"widget\" data-e-type=\"widget\" data-widget_type=\"divider.default\">\n\t\t\t\t<div class=\"elementor-widget-container\">\n\t\t\t\t\t\t\t<div class=\"elementor-divider\">\n\t\t\t<span class=\"elementor-divider-separator\">\n\t\t\t\t\t\t<\/span>\n\t\t<\/div>\n\t\t\t\t\t\t<\/div>\n\t\t\t\t<\/div>\n\t\t\t\t<div class=\"elementor-element elementor-element-dac28c1 elementor-widget elementor-widget-image\" data-id=\"dac28c1\" data-element_type=\"widget\" data-e-type=\"widget\" data-widget_type=\"image.default\">\n\t\t\t\t<div class=\"elementor-widget-container\">\n\t\t\t\t\t\t\t\t\t\t\t\t\t\t\t<img fetchpriority=\"high\" decoding=\"async\" width=\"800\" height=\"534\" src=\"https:\/\/elm-formaction.fr\/wp-content\/uploads\/2026\/03\/formation-sur-la-conformite.jpg\" class=\"attachment-large size-large wp-image-2756\" alt=\"Conformit\u00e9s et engagements d&#039;ELM Formaction\" srcset=\"https:\/\/elm-formaction.fr\/wp-content\/uploads\/2026\/03\/formation-sur-la-conformite.jpg 1000w, https:\/\/elm-formaction.fr\/wp-content\/uploads\/2026\/03\/formation-sur-la-conformite-300x200.jpg 300w, https:\/\/elm-formaction.fr\/wp-content\/uploads\/2026\/03\/formation-sur-la-conformite-768x512.jpg 768w\" sizes=\"(max-width: 800px) 100vw, 800px\" \/>\t\t\t\t\t\t\t\t\t\t\t\t\t\t\t<\/div>\n\t\t\t\t<\/div>\n\t\t\t\t<\/div>\n\t\t\t\t\t<\/div>\n\t\t\t\t<\/div>\n\t\t\t\t<\/div>\n\t\t","protected":false},"excerpt":{"rendered":"<p>Conditions G\u00e9n\u00e9rales de Vente | Boutique Conditions G\u00e9n\u00e9rales de Vente | Boutique ELM FormAction Article 1 \u2013 Objet. Les pr\u00e9sentes Conditions G\u00e9n\u00e9rales de Vente (CGV) r\u00e9gissent les ventes de produits et services propos\u00e9s par ELM FormAction, via le site internet accessible \u00e0 l\u2019adresse : https:\/\/elm-formaction.fr. Toute commande implique l\u2019acceptation sans r\u00e9serve des pr\u00e9sentes CGV par [&hellip;]<\/p>\n","protected":false},"author":1,"featured_media":2756,"parent":0,"menu_order":0,"comment_status":"closed","ping_status":"closed","template":"","meta":{"footnotes":""},"class_list":["post-2828","page","type-page","status-publish","has-post-thumbnail","hentry"],"yoast_head":"<!-- This site is optimized with the Yoast SEO plugin v27.4 - https:\/\/yoast.com\/product\/yoast-seo-wordpress\/ -->\n<title>Conditions G\u00e9n\u00e9rales de Vente | Boutique - ELM-FORMACTION<\/title>\n<meta name=\"robots\" content=\"index, follow, max-snippet:-1, max-image-preview:large, max-video-preview:-1\" \/>\n<link rel=\"canonical\" href=\"https:\/\/elm-formaction.fr\/index.php\/conditions-generales-de-vente-boutique\/\" \/>\n<meta property=\"og:locale\" content=\"fr_FR\" \/>\n<meta property=\"og:type\" content=\"article\" \/>\n<meta property=\"og:title\" content=\"Conditions G\u00e9n\u00e9rales de Vente | Boutique - ELM-FORMACTION\" \/>\n<meta property=\"og:description\" content=\"Conditions G\u00e9n\u00e9rales de Vente | Boutique Conditions G\u00e9n\u00e9rales de Vente | Boutique ELM FormAction Article 1 \u2013 Objet. Les pr\u00e9sentes Conditions G\u00e9n\u00e9rales de Vente (CGV) r\u00e9gissent les ventes de produits et services propos\u00e9s par ELM FormAction, via le site internet accessible \u00e0 l\u2019adresse : https:\/\/elm-formaction.fr. Toute commande implique l\u2019acceptation sans r\u00e9serve des pr\u00e9sentes CGV par [&hellip;]\" \/>\n<meta property=\"og:url\" content=\"https:\/\/elm-formaction.fr\/index.php\/conditions-generales-de-vente-boutique\/\" \/>\n<meta property=\"og:site_name\" content=\"ELM-FORMACTION\" \/>\n<meta property=\"article:publisher\" content=\"https:\/\/www.facebook.com\/people\/ELM-FormAction\/61573750692677\/\" \/>\n<meta property=\"article:modified_time\" content=\"2026-03-02T15:12:01+00:00\" \/>\n<meta property=\"og:image\" content=\"https:\/\/elm-formaction.fr\/wp-content\/uploads\/2026\/03\/formation-sur-la-conformite.jpg\" \/>\n\t<meta property=\"og:image:width\" content=\"1000\" \/>\n\t<meta property=\"og:image:height\" content=\"667\" \/>\n\t<meta property=\"og:image:type\" content=\"image\/jpeg\" \/>\n<meta name=\"twitter:card\" content=\"summary_large_image\" \/>\n<meta name=\"twitter:label1\" content=\"Dur\u00e9e de lecture estim\u00e9e\" \/>\n\t<meta name=\"twitter:data1\" content=\"3 minutes\" \/>\n<script type=\"application\/ld+json\" class=\"yoast-schema-graph\">{\"@context\":\"https:\\\/\\\/schema.org\",\"@graph\":[{\"@type\":\"WebPage\",\"@id\":\"https:\\\/\\\/elm-formaction.fr\\\/index.php\\\/conditions-generales-de-vente-boutique\\\/\",\"url\":\"https:\\\/\\\/elm-formaction.fr\\\/index.php\\\/conditions-generales-de-vente-boutique\\\/\",\"name\":\"Conditions G\u00e9n\u00e9rales de Vente | Boutique - ELM-FORMACTION\",\"isPartOf\":{\"@id\":\"https:\\\/\\\/elm-formaction.fr\\\/#website\"},\"primaryImageOfPage\":{\"@id\":\"https:\\\/\\\/elm-formaction.fr\\\/index.php\\\/conditions-generales-de-vente-boutique\\\/#primaryimage\"},\"image\":{\"@id\":\"https:\\\/\\\/elm-formaction.fr\\\/index.php\\\/conditions-generales-de-vente-boutique\\\/#primaryimage\"},\"thumbnailUrl\":\"https:\\\/\\\/elm-formaction.fr\\\/wp-content\\\/uploads\\\/2026\\\/03\\\/formation-sur-la-conformite.jpg\",\"datePublished\":\"2026-03-02T15:04:32+00:00\",\"dateModified\":\"2026-03-02T15:12:01+00:00\",\"breadcrumb\":{\"@id\":\"https:\\\/\\\/elm-formaction.fr\\\/index.php\\\/conditions-generales-de-vente-boutique\\\/#breadcrumb\"},\"inLanguage\":\"fr-FR\",\"potentialAction\":[{\"@type\":\"ReadAction\",\"target\":[\"https:\\\/\\\/elm-formaction.fr\\\/index.php\\\/conditions-generales-de-vente-boutique\\\/\"]}]},{\"@type\":\"ImageObject\",\"inLanguage\":\"fr-FR\",\"@id\":\"https:\\\/\\\/elm-formaction.fr\\\/index.php\\\/conditions-generales-de-vente-boutique\\\/#primaryimage\",\"url\":\"https:\\\/\\\/elm-formaction.fr\\\/wp-content\\\/uploads\\\/2026\\\/03\\\/formation-sur-la-conformite.jpg\",\"contentUrl\":\"https:\\\/\\\/elm-formaction.fr\\\/wp-content\\\/uploads\\\/2026\\\/03\\\/formation-sur-la-conformite.jpg\",\"width\":1000,\"height\":667,\"caption\":\"Conformit\u00e9s et engagements d'ELM Formaction\"},{\"@type\":\"BreadcrumbList\",\"@id\":\"https:\\\/\\\/elm-formaction.fr\\\/index.php\\\/conditions-generales-de-vente-boutique\\\/#breadcrumb\",\"itemListElement\":[{\"@type\":\"ListItem\",\"position\":1,\"name\":\"Accueil\",\"item\":\"https:\\\/\\\/elm-formaction.fr\\\/\"},{\"@type\":\"ListItem\",\"position\":2,\"name\":\"Conditions G\u00e9n\u00e9rales de Vente | Boutique\"}]},{\"@type\":\"WebSite\",\"@id\":\"https:\\\/\\\/elm-formaction.fr\\\/#website\",\"url\":\"https:\\\/\\\/elm-formaction.fr\\\/\",\"name\":\"ELM-FORMACTION\",\"description\":\"Formez vous aujourd&#039;hui, agissez demain\",\"publisher\":{\"@id\":\"https:\\\/\\\/elm-formaction.fr\\\/#organization\"},\"potentialAction\":[{\"@type\":\"SearchAction\",\"target\":{\"@type\":\"EntryPoint\",\"urlTemplate\":\"https:\\\/\\\/elm-formaction.fr\\\/?s={search_term_string}\"},\"query-input\":{\"@type\":\"PropertyValueSpecification\",\"valueRequired\":true,\"valueName\":\"search_term_string\"}}],\"inLanguage\":\"fr-FR\"},{\"@type\":\"Organization\",\"@id\":\"https:\\\/\\\/elm-formaction.fr\\\/#organization\",\"name\":\"ELM-FORMACTION\",\"url\":\"https:\\\/\\\/elm-formaction.fr\\\/\",\"logo\":{\"@type\":\"ImageObject\",\"inLanguage\":\"fr-FR\",\"@id\":\"https:\\\/\\\/elm-formaction.fr\\\/#\\\/schema\\\/logo\\\/image\\\/\",\"url\":\"https:\\\/\\\/elm-formaction.fr\\\/wp-content\\\/uploads\\\/2025\\\/06\\\/Logo-pour-fond-blanc-2.svg\",\"contentUrl\":\"https:\\\/\\\/elm-formaction.fr\\\/wp-content\\\/uploads\\\/2025\\\/06\\\/Logo-pour-fond-blanc-2.svg\",\"width\":493,\"height\":158,\"caption\":\"ELM-FORMACTION\"},\"image\":{\"@id\":\"https:\\\/\\\/elm-formaction.fr\\\/#\\\/schema\\\/logo\\\/image\\\/\"},\"sameAs\":[\"https:\\\/\\\/www.facebook.com\\\/people\\\/ELM-FormAction\\\/61573750692677\\\/\",\"https:\\\/\\\/www.instagram.com\\\/elm_formaction\\\/\"]}]}<\/script>\n<!-- \/ Yoast SEO plugin. -->","yoast_head_json":{"title":"Conditions G\u00e9n\u00e9rales de Vente | Boutique - ELM-FORMACTION","robots":{"index":"index","follow":"follow","max-snippet":"max-snippet:-1","max-image-preview":"max-image-preview:large","max-video-preview":"max-video-preview:-1"},"canonical":"https:\/\/elm-formaction.fr\/index.php\/conditions-generales-de-vente-boutique\/","og_locale":"fr_FR","og_type":"article","og_title":"Conditions G\u00e9n\u00e9rales de Vente | Boutique - ELM-FORMACTION","og_description":"Conditions G\u00e9n\u00e9rales de Vente | Boutique Conditions G\u00e9n\u00e9rales de Vente | Boutique ELM FormAction Article 1 \u2013 Objet. Les pr\u00e9sentes Conditions G\u00e9n\u00e9rales de Vente (CGV) r\u00e9gissent les ventes de produits et services propos\u00e9s par ELM FormAction, via le site internet accessible \u00e0 l\u2019adresse : https:\/\/elm-formaction.fr. Toute commande implique l\u2019acceptation sans r\u00e9serve des pr\u00e9sentes CGV par [&hellip;]","og_url":"https:\/\/elm-formaction.fr\/index.php\/conditions-generales-de-vente-boutique\/","og_site_name":"ELM-FORMACTION","article_publisher":"https:\/\/www.facebook.com\/people\/ELM-FormAction\/61573750692677\/","article_modified_time":"2026-03-02T15:12:01+00:00","og_image":[{"width":1000,"height":667,"url":"https:\/\/elm-formaction.fr\/wp-content\/uploads\/2026\/03\/formation-sur-la-conformite.jpg","type":"image\/jpeg"}],"twitter_card":"summary_large_image","twitter_misc":{"Dur\u00e9e de lecture estim\u00e9e":"3 minutes"},"schema":{"@context":"https:\/\/schema.org","@graph":[{"@type":"WebPage","@id":"https:\/\/elm-formaction.fr\/index.php\/conditions-generales-de-vente-boutique\/","url":"https:\/\/elm-formaction.fr\/index.php\/conditions-generales-de-vente-boutique\/","name":"Conditions G\u00e9n\u00e9rales de Vente | Boutique - ELM-FORMACTION","isPartOf":{"@id":"https:\/\/elm-formaction.fr\/#website"},"primaryImageOfPage":{"@id":"https:\/\/elm-formaction.fr\/index.php\/conditions-generales-de-vente-boutique\/#primaryimage"},"image":{"@id":"https:\/\/elm-formaction.fr\/index.php\/conditions-generales-de-vente-boutique\/#primaryimage"},"thumbnailUrl":"https:\/\/elm-formaction.fr\/wp-content\/uploads\/2026\/03\/formation-sur-la-conformite.jpg","datePublished":"2026-03-02T15:04:32+00:00","dateModified":"2026-03-02T15:12:01+00:00","breadcrumb":{"@id":"https:\/\/elm-formaction.fr\/index.php\/conditions-generales-de-vente-boutique\/#breadcrumb"},"inLanguage":"fr-FR","potentialAction":[{"@type":"ReadAction","target":["https:\/\/elm-formaction.fr\/index.php\/conditions-generales-de-vente-boutique\/"]}]},{"@type":"ImageObject","inLanguage":"fr-FR","@id":"https:\/\/elm-formaction.fr\/index.php\/conditions-generales-de-vente-boutique\/#primaryimage","url":"https:\/\/elm-formaction.fr\/wp-content\/uploads\/2026\/03\/formation-sur-la-conformite.jpg","contentUrl":"https:\/\/elm-formaction.fr\/wp-content\/uploads\/2026\/03\/formation-sur-la-conformite.jpg","width":1000,"height":667,"caption":"Conformit\u00e9s et engagements d'ELM Formaction"},{"@type":"BreadcrumbList","@id":"https:\/\/elm-formaction.fr\/index.php\/conditions-generales-de-vente-boutique\/#breadcrumb","itemListElement":[{"@type":"ListItem","position":1,"name":"Accueil","item":"https:\/\/elm-formaction.fr\/"},{"@type":"ListItem","position":2,"name":"Conditions G\u00e9n\u00e9rales de Vente | Boutique"}]},{"@type":"WebSite","@id":"https:\/\/elm-formaction.fr\/#website","url":"https:\/\/elm-formaction.fr\/","name":"ELM-FORMACTION","description":"Formez vous aujourd&#039;hui, agissez demain","publisher":{"@id":"https:\/\/elm-formaction.fr\/#organization"},"potentialAction":[{"@type":"SearchAction","target":{"@type":"EntryPoint","urlTemplate":"https:\/\/elm-formaction.fr\/?s={search_term_string}"},"query-input":{"@type":"PropertyValueSpecification","valueRequired":true,"valueName":"search_term_string"}}],"inLanguage":"fr-FR"},{"@type":"Organization","@id":"https:\/\/elm-formaction.fr\/#organization","name":"ELM-FORMACTION","url":"https:\/\/elm-formaction.fr\/","logo":{"@type":"ImageObject","inLanguage":"fr-FR","@id":"https:\/\/elm-formaction.fr\/#\/schema\/logo\/image\/","url":"https:\/\/elm-formaction.fr\/wp-content\/uploads\/2025\/06\/Logo-pour-fond-blanc-2.svg","contentUrl":"https:\/\/elm-formaction.fr\/wp-content\/uploads\/2025\/06\/Logo-pour-fond-blanc-2.svg","width":493,"height":158,"caption":"ELM-FORMACTION"},"image":{"@id":"https:\/\/elm-formaction.fr\/#\/schema\/logo\/image\/"},"sameAs":["https:\/\/www.facebook.com\/people\/ELM-FormAction\/61573750692677\/","https:\/\/www.instagram.com\/elm_formaction\/"]}]}},"_links":{"self":[{"href":"https:\/\/elm-formaction.fr\/index.php\/wp-json\/wp\/v2\/pages\/2828","targetHints":{"allow":["GET"]}}],"collection":[{"href":"https:\/\/elm-formaction.fr\/index.php\/wp-json\/wp\/v2\/pages"}],"about":[{"href":"https:\/\/elm-formaction.fr\/index.php\/wp-json\/wp\/v2\/types\/page"}],"author":[{"embeddable":true,"href":"https:\/\/elm-formaction.fr\/index.php\/wp-json\/wp\/v2\/users\/1"}],"replies":[{"embeddable":true,"href":"https:\/\/elm-formaction.fr\/index.php\/wp-json\/wp\/v2\/comments?post=2828"}],"version-history":[{"count":4,"href":"https:\/\/elm-formaction.fr\/index.php\/wp-json\/wp\/v2\/pages\/2828\/revisions"}],"predecessor-version":[{"id":2833,"href":"https:\/\/elm-formaction.fr\/index.php\/wp-json\/wp\/v2\/pages\/2828\/revisions\/2833"}],"wp:featuredmedia":[{"embeddable":true,"href":"https:\/\/elm-formaction.fr\/index.php\/wp-json\/wp\/v2\/media\/2756"}],"wp:attachment":[{"href":"https:\/\/elm-formaction.fr\/index.php\/wp-json\/wp\/v2\/media?parent=2828"}],"curies":[{"name":"wp","href":"https:\/\/api.w.org\/{rel}","templated":true}]}}