{"id":2754,"date":"2026-03-02T14:01:04","date_gmt":"2026-03-02T13:01:04","guid":{"rendered":"https:\/\/elm-formaction.fr\/?page_id=2754"},"modified":"2026-03-02T16:30:10","modified_gmt":"2026-03-02T15:30:10","slug":"conformite-engagements","status":"publish","type":"page","link":"https:\/\/elm-formaction.fr\/index.php\/conformite-engagements\/","title":{"rendered":"Conformit\u00e9 et Engagements"},"content":{"rendered":"\t\t<div data-elementor-type=\"wp-page\" data-elementor-id=\"2754\" class=\"elementor elementor-2754\" data-elementor-post-type=\"page\">\n\t\t\t\t<div class=\"elementor-element elementor-element-a2502cd e-flex e-con-boxed e-con e-parent\" data-id=\"a2502cd\" data-element_type=\"container\" data-e-type=\"container\">\n\t\t\t\t\t<div class=\"e-con-inner\">\n\t\t\t\t<div class=\"elementor-element elementor-element-e4ce8e2 elementor-widget elementor-widget-heading\" data-id=\"e4ce8e2\" data-element_type=\"widget\" data-e-type=\"widget\" data-widget_type=\"heading.default\">\n\t\t\t\t<div class=\"elementor-widget-container\">\n\t\t\t\t\t<h1 class=\"elementor-heading-title elementor-size-default\">Bienvenue sur notre page qui regroupe notre politique de conformit\u00e9s et d'engagements <\/h1>\t\t\t\t<\/div>\n\t\t\t\t<\/div>\n\t\t\t\t<div class=\"elementor-element elementor-element-166e873 elementor-widget-divider--view-line elementor-widget elementor-widget-divider\" data-id=\"166e873\" data-element_type=\"widget\" data-e-type=\"widget\" data-widget_type=\"divider.default\">\n\t\t\t\t<div class=\"elementor-widget-container\">\n\t\t\t\t\t\t\t<div class=\"elementor-divider\">\n\t\t\t<span class=\"elementor-divider-separator\">\n\t\t\t\t\t\t<\/span>\n\t\t<\/div>\n\t\t\t\t\t\t<\/div>\n\t\t\t\t<\/div>\n\t\t\t\t\t<\/div>\n\t\t\t\t<\/div>\n\t\t<div class=\"elementor-element elementor-element-8126025 e-flex e-con-boxed e-con e-parent\" data-id=\"8126025\" data-element_type=\"container\" data-e-type=\"container\">\n\t\t\t\t\t<div class=\"e-con-inner\">\n\t\t\t\t<div class=\"elementor-element elementor-element-3491d09 elementor-widget elementor-widget-text-editor\" data-id=\"3491d09\" data-element_type=\"widget\" data-e-type=\"widget\" data-widget_type=\"text-editor.default\">\n\t\t\t\t<div class=\"elementor-widget-container\">\n\t\t\t\t\t\t\t\t\t<p>D\u00e9couvrez l\u2019ensemble des documents juridiques et engagements qualit\u00e9 d\u2019ELM Formaction : CGV formation, r\u00e8glement int\u00e9rieur, conformit\u00e9 RGPD et informations r\u00e9glementaires.<\/p><p>Retrouvez les liens vers les pages correspondantes, vous pouvez soit consulter les diff\u00e9rents documents sur la page d\u00e9di\u00e9e ou bien vous pouvez t\u00e9l\u00e9charger ces documents au format PDF.<\/p><ul><li><a href=\"https:\/\/elm-formaction.fr\/index.php\/conditions-generales-dutilisation-cgu\/\">Conditions G\u00e9n\u00e9rales d&rsquo;Utilisation (CGU)<\/a><\/li><li><a href=\"https:\/\/elm-formaction.fr\/index.php\/politique-de-confidentialite\/\">Politique de confidentialit\u00e9 | RGPD<\/a><\/li><li><a href=\"https:\/\/elm-formaction.fr\/index.php\/politique-des-cookies\/\">Politique des cookies<\/a><\/li><li><a href=\"https:\/\/elm-formaction.fr\/index.php\/reglement-interieur\/\">R\u00e8glement Int\u00e9rieur<\/a><\/li><li><a href=\"https:\/\/elm-formaction.fr\/index.php\/cgv-formation\/\">CGV | Formations<\/a><\/li><li><a href=\"https:\/\/elm-formaction.fr\/index.php\/mentions-legales-elm-formaction\/\">Mentions l\u00e9gales<\/a><\/li><li><a href=\"https:\/\/elm-formaction.fr\/index.php\/conditions-generales-de-vente-boutique\/\">CGV | Boutique<\/a><\/li><li><a href=\"https:\/\/elm-formaction.fr\/index.php\/retours-remboursements\/\">Politique de retours et remboursements<\/a><\/li><\/ul>\t\t\t\t\t\t\t\t<\/div>\n\t\t\t\t<\/div>\n\t\t\t\t\t<\/div>\n\t\t\t\t<\/div>\n\t\t\t\t<\/div>\n\t\t","protected":false},"excerpt":{"rendered":"<p>Bienvenue sur notre page qui regroupe notre politique de conformit\u00e9s et d&rsquo;engagements D\u00e9couvrez l\u2019ensemble des documents juridiques et engagements qualit\u00e9 d\u2019ELM Formaction : CGV formation, r\u00e8glement int\u00e9rieur, conformit\u00e9 RGPD et informations r\u00e9glementaires. Retrouvez les liens vers les pages correspondantes, vous pouvez soit consulter les diff\u00e9rents documents sur la page d\u00e9di\u00e9e ou bien vous pouvez t\u00e9l\u00e9charger [&hellip;]<\/p>\n","protected":false},"author":1,"featured_media":2756,"parent":0,"menu_order":0,"comment_status":"closed","ping_status":"closed","template":"","meta":{"footnotes":""},"class_list":["post-2754","page","type-page","status-publish","has-post-thumbnail","hentry"],"yoast_head":"<!-- This site is optimized with the Yoast SEO plugin v27.4 - https:\/\/yoast.com\/product\/yoast-seo-wordpress\/ -->\n<title>Conformit\u00e9 &amp; engagements | ELM Formaction<\/title>\n<meta name=\"description\" content=\"D\u00e9couvrez l\u2019ensemble des documents juridiques et engagements qualit\u00e9 d\u2019ELM Formaction : CGV, r\u00e8glement int\u00e9rieur, conformit\u00e9 RGPD etc...\" \/>\n<meta name=\"robots\" content=\"index, follow, max-snippet:-1, max-image-preview:large, max-video-preview:-1\" \/>\n<link rel=\"canonical\" href=\"https:\/\/elm-formaction.fr\/index.php\/conformite-engagements\/\" \/>\n<meta property=\"og:locale\" content=\"fr_FR\" \/>\n<meta property=\"og:type\" content=\"article\" \/>\n<meta property=\"og:title\" content=\"Conformit\u00e9 &amp; engagements | ELM Formaction\" \/>\n<meta property=\"og:description\" content=\"D\u00e9couvrez l\u2019ensemble des documents juridiques et engagements qualit\u00e9 d\u2019ELM Formaction : CGV, r\u00e8glement int\u00e9rieur, conformit\u00e9 RGPD etc...\" \/>\n<meta property=\"og:url\" content=\"https:\/\/elm-formaction.fr\/index.php\/conformite-engagements\/\" \/>\n<meta property=\"og:site_name\" content=\"ELM-FORMACTION\" \/>\n<meta property=\"article:publisher\" content=\"https:\/\/www.facebook.com\/people\/ELM-FormAction\/61573750692677\/\" \/>\n<meta property=\"article:modified_time\" content=\"2026-03-02T15:30:10+00:00\" \/>\n<meta property=\"og:image\" content=\"https:\/\/elm-formaction.fr\/wp-content\/uploads\/2026\/03\/formation-sur-la-conformite.jpg\" \/>\n\t<meta property=\"og:image:width\" content=\"1000\" \/>\n\t<meta property=\"og:image:height\" content=\"667\" \/>\n\t<meta property=\"og:image:type\" content=\"image\/jpeg\" \/>\n<meta name=\"twitter:card\" content=\"summary_large_image\" \/>\n<meta name=\"twitter:label1\" content=\"Dur\u00e9e de lecture estim\u00e9e\" \/>\n\t<meta name=\"twitter:data1\" content=\"1 minute\" \/>\n<script type=\"application\/ld+json\" class=\"yoast-schema-graph\">{\"@context\":\"https:\\\/\\\/schema.org\",\"@graph\":[{\"@type\":\"WebPage\",\"@id\":\"https:\\\/\\\/elm-formaction.fr\\\/index.php\\\/conformite-engagements\\\/\",\"url\":\"https:\\\/\\\/elm-formaction.fr\\\/index.php\\\/conformite-engagements\\\/\",\"name\":\"Conformit\u00e9 & engagements | ELM Formaction\",\"isPartOf\":{\"@id\":\"https:\\\/\\\/elm-formaction.fr\\\/#website\"},\"primaryImageOfPage\":{\"@id\":\"https:\\\/\\\/elm-formaction.fr\\\/index.php\\\/conformite-engagements\\\/#primaryimage\"},\"image\":{\"@id\":\"https:\\\/\\\/elm-formaction.fr\\\/index.php\\\/conformite-engagements\\\/#primaryimage\"},\"thumbnailUrl\":\"https:\\\/\\\/elm-formaction.fr\\\/wp-content\\\/uploads\\\/2026\\\/03\\\/formation-sur-la-conformite.jpg\",\"datePublished\":\"2026-03-02T13:01:04+00:00\",\"dateModified\":\"2026-03-02T15:30:10+00:00\",\"description\":\"D\u00e9couvrez l\u2019ensemble des documents juridiques et engagements qualit\u00e9 d\u2019ELM Formaction : CGV, r\u00e8glement int\u00e9rieur, conformit\u00e9 RGPD etc...\",\"breadcrumb\":{\"@id\":\"https:\\\/\\\/elm-formaction.fr\\\/index.php\\\/conformite-engagements\\\/#breadcrumb\"},\"inLanguage\":\"fr-FR\",\"potentialAction\":[{\"@type\":\"ReadAction\",\"target\":[\"https:\\\/\\\/elm-formaction.fr\\\/index.php\\\/conformite-engagements\\\/\"]}]},{\"@type\":\"ImageObject\",\"inLanguage\":\"fr-FR\",\"@id\":\"https:\\\/\\\/elm-formaction.fr\\\/index.php\\\/conformite-engagements\\\/#primaryimage\",\"url\":\"https:\\\/\\\/elm-formaction.fr\\\/wp-content\\\/uploads\\\/2026\\\/03\\\/formation-sur-la-conformite.jpg\",\"contentUrl\":\"https:\\\/\\\/elm-formaction.fr\\\/wp-content\\\/uploads\\\/2026\\\/03\\\/formation-sur-la-conformite.jpg\",\"width\":1000,\"height\":667,\"caption\":\"Conformit\u00e9s et engagements d'ELM Formaction\"},{\"@type\":\"BreadcrumbList\",\"@id\":\"https:\\\/\\\/elm-formaction.fr\\\/index.php\\\/conformite-engagements\\\/#breadcrumb\",\"itemListElement\":[{\"@type\":\"ListItem\",\"position\":1,\"name\":\"Accueil\",\"item\":\"https:\\\/\\\/elm-formaction.fr\\\/\"},{\"@type\":\"ListItem\",\"position\":2,\"name\":\"Conformit\u00e9 et Engagements\"}]},{\"@type\":\"WebSite\",\"@id\":\"https:\\\/\\\/elm-formaction.fr\\\/#website\",\"url\":\"https:\\\/\\\/elm-formaction.fr\\\/\",\"name\":\"ELM-FORMACTION\",\"description\":\"Formez vous aujourd&#039;hui, agissez demain\",\"publisher\":{\"@id\":\"https:\\\/\\\/elm-formaction.fr\\\/#organization\"},\"potentialAction\":[{\"@type\":\"SearchAction\",\"target\":{\"@type\":\"EntryPoint\",\"urlTemplate\":\"https:\\\/\\\/elm-formaction.fr\\\/?s={search_term_string}\"},\"query-input\":{\"@type\":\"PropertyValueSpecification\",\"valueRequired\":true,\"valueName\":\"search_term_string\"}}],\"inLanguage\":\"fr-FR\"},{\"@type\":\"Organization\",\"@id\":\"https:\\\/\\\/elm-formaction.fr\\\/#organization\",\"name\":\"ELM-FORMACTION\",\"url\":\"https:\\\/\\\/elm-formaction.fr\\\/\",\"logo\":{\"@type\":\"ImageObject\",\"inLanguage\":\"fr-FR\",\"@id\":\"https:\\\/\\\/elm-formaction.fr\\\/#\\\/schema\\\/logo\\\/image\\\/\",\"url\":\"https:\\\/\\\/elm-formaction.fr\\\/wp-content\\\/uploads\\\/2025\\\/06\\\/Logo-pour-fond-blanc-2.svg\",\"contentUrl\":\"https:\\\/\\\/elm-formaction.fr\\\/wp-content\\\/uploads\\\/2025\\\/06\\\/Logo-pour-fond-blanc-2.svg\",\"width\":493,\"height\":158,\"caption\":\"ELM-FORMACTION\"},\"image\":{\"@id\":\"https:\\\/\\\/elm-formaction.fr\\\/#\\\/schema\\\/logo\\\/image\\\/\"},\"sameAs\":[\"https:\\\/\\\/www.facebook.com\\\/people\\\/ELM-FormAction\\\/61573750692677\\\/\",\"https:\\\/\\\/www.instagram.com\\\/elm_formaction\\\/\"]}]}<\/script>\n<!-- \/ Yoast SEO plugin. -->","yoast_head_json":{"title":"Conformit\u00e9 & engagements | ELM Formaction","description":"D\u00e9couvrez l\u2019ensemble des documents juridiques et engagements qualit\u00e9 d\u2019ELM Formaction : CGV, r\u00e8glement int\u00e9rieur, conformit\u00e9 RGPD etc...","robots":{"index":"index","follow":"follow","max-snippet":"max-snippet:-1","max-image-preview":"max-image-preview:large","max-video-preview":"max-video-preview:-1"},"canonical":"https:\/\/elm-formaction.fr\/index.php\/conformite-engagements\/","og_locale":"fr_FR","og_type":"article","og_title":"Conformit\u00e9 & engagements | ELM Formaction","og_description":"D\u00e9couvrez l\u2019ensemble des documents juridiques et engagements qualit\u00e9 d\u2019ELM Formaction : CGV, r\u00e8glement int\u00e9rieur, conformit\u00e9 RGPD etc...","og_url":"https:\/\/elm-formaction.fr\/index.php\/conformite-engagements\/","og_site_name":"ELM-FORMACTION","article_publisher":"https:\/\/www.facebook.com\/people\/ELM-FormAction\/61573750692677\/","article_modified_time":"2026-03-02T15:30:10+00:00","og_image":[{"width":1000,"height":667,"url":"https:\/\/elm-formaction.fr\/wp-content\/uploads\/2026\/03\/formation-sur-la-conformite.jpg","type":"image\/jpeg"}],"twitter_card":"summary_large_image","twitter_misc":{"Dur\u00e9e de lecture estim\u00e9e":"1 minute"},"schema":{"@context":"https:\/\/schema.org","@graph":[{"@type":"WebPage","@id":"https:\/\/elm-formaction.fr\/index.php\/conformite-engagements\/","url":"https:\/\/elm-formaction.fr\/index.php\/conformite-engagements\/","name":"Conformit\u00e9 & engagements | ELM Formaction","isPartOf":{"@id":"https:\/\/elm-formaction.fr\/#website"},"primaryImageOfPage":{"@id":"https:\/\/elm-formaction.fr\/index.php\/conformite-engagements\/#primaryimage"},"image":{"@id":"https:\/\/elm-formaction.fr\/index.php\/conformite-engagements\/#primaryimage"},"thumbnailUrl":"https:\/\/elm-formaction.fr\/wp-content\/uploads\/2026\/03\/formation-sur-la-conformite.jpg","datePublished":"2026-03-02T13:01:04+00:00","dateModified":"2026-03-02T15:30:10+00:00","description":"D\u00e9couvrez l\u2019ensemble des documents juridiques et engagements qualit\u00e9 d\u2019ELM Formaction : CGV, r\u00e8glement int\u00e9rieur, conformit\u00e9 RGPD etc...","breadcrumb":{"@id":"https:\/\/elm-formaction.fr\/index.php\/conformite-engagements\/#breadcrumb"},"inLanguage":"fr-FR","potentialAction":[{"@type":"ReadAction","target":["https:\/\/elm-formaction.fr\/index.php\/conformite-engagements\/"]}]},{"@type":"ImageObject","inLanguage":"fr-FR","@id":"https:\/\/elm-formaction.fr\/index.php\/conformite-engagements\/#primaryimage","url":"https:\/\/elm-formaction.fr\/wp-content\/uploads\/2026\/03\/formation-sur-la-conformite.jpg","contentUrl":"https:\/\/elm-formaction.fr\/wp-content\/uploads\/2026\/03\/formation-sur-la-conformite.jpg","width":1000,"height":667,"caption":"Conformit\u00e9s et engagements d'ELM Formaction"},{"@type":"BreadcrumbList","@id":"https:\/\/elm-formaction.fr\/index.php\/conformite-engagements\/#breadcrumb","itemListElement":[{"@type":"ListItem","position":1,"name":"Accueil","item":"https:\/\/elm-formaction.fr\/"},{"@type":"ListItem","position":2,"name":"Conformit\u00e9 et Engagements"}]},{"@type":"WebSite","@id":"https:\/\/elm-formaction.fr\/#website","url":"https:\/\/elm-formaction.fr\/","name":"ELM-FORMACTION","description":"Formez vous aujourd&#039;hui, agissez demain","publisher":{"@id":"https:\/\/elm-formaction.fr\/#organization"},"potentialAction":[{"@type":"SearchAction","target":{"@type":"EntryPoint","urlTemplate":"https:\/\/elm-formaction.fr\/?s={search_term_string}"},"query-input":{"@type":"PropertyValueSpecification","valueRequired":true,"valueName":"search_term_string"}}],"inLanguage":"fr-FR"},{"@type":"Organization","@id":"https:\/\/elm-formaction.fr\/#organization","name":"ELM-FORMACTION","url":"https:\/\/elm-formaction.fr\/","logo":{"@type":"ImageObject","inLanguage":"fr-FR","@id":"https:\/\/elm-formaction.fr\/#\/schema\/logo\/image\/","url":"https:\/\/elm-formaction.fr\/wp-content\/uploads\/2025\/06\/Logo-pour-fond-blanc-2.svg","contentUrl":"https:\/\/elm-formaction.fr\/wp-content\/uploads\/2025\/06\/Logo-pour-fond-blanc-2.svg","width":493,"height":158,"caption":"ELM-FORMACTION"},"image":{"@id":"https:\/\/elm-formaction.fr\/#\/schema\/logo\/image\/"},"sameAs":["https:\/\/www.facebook.com\/people\/ELM-FormAction\/61573750692677\/","https:\/\/www.instagram.com\/elm_formaction\/"]}]}},"_links":{"self":[{"href":"https:\/\/elm-formaction.fr\/index.php\/wp-json\/wp\/v2\/pages\/2754","targetHints":{"allow":["GET"]}}],"collection":[{"href":"https:\/\/elm-formaction.fr\/index.php\/wp-json\/wp\/v2\/pages"}],"about":[{"href":"https:\/\/elm-formaction.fr\/index.php\/wp-json\/wp\/v2\/types\/page"}],"author":[{"embeddable":true,"href":"https:\/\/elm-formaction.fr\/index.php\/wp-json\/wp\/v2\/users\/1"}],"replies":[{"embeddable":true,"href":"https:\/\/elm-formaction.fr\/index.php\/wp-json\/wp\/v2\/comments?post=2754"}],"version-history":[{"count":26,"href":"https:\/\/elm-formaction.fr\/index.php\/wp-json\/wp\/v2\/pages\/2754\/revisions"}],"predecessor-version":[{"id":2848,"href":"https:\/\/elm-formaction.fr\/index.php\/wp-json\/wp\/v2\/pages\/2754\/revisions\/2848"}],"wp:featuredmedia":[{"embeddable":true,"href":"https:\/\/elm-formaction.fr\/index.php\/wp-json\/wp\/v2\/media\/2756"}],"wp:attachment":[{"href":"https:\/\/elm-formaction.fr\/index.php\/wp-json\/wp\/v2\/media?parent=2754"}],"curies":[{"name":"wp","href":"https:\/\/api.w.org\/{rel}","templated":true}]}}