{"id":2212,"date":"2026-02-10T17:39:28","date_gmt":"2026-02-10T16:39:28","guid":{"rendered":"https:\/\/elm-formaction.fr\/?page_id=2212"},"modified":"2026-03-04T10:45:01","modified_gmt":"2026-03-04T09:45:01","slug":"tarifs-formations","status":"publish","type":"page","link":"https:\/\/elm-formaction.fr\/index.php\/tarifs-formations\/","title":{"rendered":"Tarifs"},"content":{"rendered":"\t\t<div data-elementor-type=\"wp-page\" data-elementor-id=\"2212\" class=\"elementor elementor-2212\" data-elementor-post-type=\"page\">\n\t\t\t\t<div class=\"elementor-element elementor-element-c44c1ea e-flex e-con-boxed e-con e-parent\" data-id=\"c44c1ea\" data-element_type=\"container\" data-e-type=\"container\">\n\t\t\t\t\t<div class=\"e-con-inner\">\n\t\t\t\t<div class=\"elementor-element elementor-element-183e113 elementor-widget elementor-widget-text-editor\" data-id=\"183e113\" data-element_type=\"widget\" data-e-type=\"widget\" data-widget_type=\"text-editor.default\">\n\t\t\t\t<div class=\"elementor-widget-container\">\n\t\t\t\t\t\t\t\t\t<h2>Tarifs 2026<\/h2>\t\t\t\t\t\t\t\t<\/div>\n\t\t\t\t<\/div>\n\t\t\t\t<div class=\"elementor-element elementor-element-05c8fe8 elementor-widget elementor-widget-text-editor\" data-id=\"05c8fe8\" data-element_type=\"widget\" data-e-type=\"widget\" data-widget_type=\"text-editor.default\">\n\t\t\t\t<div class=\"elementor-widget-container\">\n\t\t\t\t\t\t\t\t\t<p data-start=\"331\" data-end=\"511\">Chez <a href=\"https:\/\/elm-formaction.fr\/\">ELM FormAction<\/a>, nos tarifs sont \u00e9tablis dans une logique de transparence, de qualit\u00e9 p\u00e9dagogique et d\u2019adaptation aux besoins des entreprises et des apprenants.<\/p><p data-start=\"513\" data-end=\"577\">Le co\u00fbt d\u2019une formation d\u00e9pend de plusieurs crit\u00e8res, tels que :<\/p><ul data-start=\"578\" data-end=\"782\"><li data-start=\"578\" data-end=\"618\"><p data-start=\"580\" data-end=\"618\">la nature et la dur\u00e9e de la formation,<\/p><\/li><li data-start=\"619\" data-end=\"647\"><p data-start=\"621\" data-end=\"647\">le nombre de participants,<\/p><\/li><li data-start=\"648\" data-end=\"713\"><p data-start=\"650\" data-end=\"713\">le lieu d\u2019intervention (intra-entreprise ou inter-entreprises),<\/p><\/li><li data-start=\"714\" data-end=\"782\"><p data-start=\"716\" data-end=\"782\">les sp\u00e9cificit\u00e9s du secteur d\u2019activit\u00e9 et des contraintes terrain.<\/p><\/li><\/ul><p data-start=\"784\" data-end=\"941\">Chaque projet de formation fait l\u2019objet d\u2019une analyse personnalis\u00e9e afin de proposer une solution adapt\u00e9e aux attentes op\u00e9rationnelles et r\u00e9glementaires.<\/p><p data-start=\"784\" data-end=\"941\">Pour obtenir un devis personnalis\u00e9, nous vous invitons \u00e0 nous <a href=\"https:\/\/elm-formaction.fr\/index.php\/contact\/\">contacter<\/a>.<br data-start=\"1041\" data-end=\"1044\" \/>Notre \u00e9quipe se tient \u00e0 votre disposition pour vous accompagner dans la d\u00e9finition de votre besoin.<\/p>\t\t\t\t\t\t\t\t<\/div>\n\t\t\t\t<\/div>\n\t\t\t\t\t<\/div>\n\t\t\t\t<\/div>\n\t\t<div class=\"elementor-element elementor-element-d132189 e-flex e-con-boxed e-con e-parent\" data-id=\"d132189\" data-element_type=\"container\" data-e-type=\"container\">\n\t\t\t\t\t<div class=\"e-con-inner\">\n\t\t\t\t<div class=\"elementor-element elementor-element-83fef97 elementor-align-center elementor-widget elementor-widget-button\" data-id=\"83fef97\" data-element_type=\"widget\" data-e-type=\"widget\" data-widget_type=\"button.default\">\n\t\t\t\t<div class=\"elementor-widget-container\">\n\t\t\t\t\t\t\t\t\t<div class=\"elementor-button-wrapper\">\n\t\t\t\t\t<a class=\"elementor-button elementor-button-link elementor-size-sm\" href=\"https:\/\/elm-formaction.fr\/wp-content\/uploads\/2026\/02\/TARIF-2026-ELM-1.pdf\" target=\"_blank\">\n\t\t\t\t\t\t<span class=\"elementor-button-content-wrapper\">\n\t\t\t\t\t\t<span class=\"elementor-button-icon\">\n\t\t\t\t<svg aria-hidden=\"true\" class=\"e-font-icon-svg e-fas-download\" viewBox=\"0 0 512 512\" xmlns=\"http:\/\/www.w3.org\/2000\/svg\"><path d=\"M216 0h80c13.3 0 24 10.7 24 24v168h87.7c17.8 0 26.7 21.5 14.1 34.1L269.7 378.3c-7.5 7.5-19.8 7.5-27.3 0L90.1 226.1c-12.6-12.6-3.7-34.1 14.1-34.1H192V24c0-13.3 10.7-24 24-24zm296 376v112c0 13.3-10.7 24-24 24H24c-13.3 0-24-10.7-24-24V376c0-13.3 10.7-24 24-24h146.7l49 49c20.1 20.1 52.5 20.1 72.6 0l49-49H488c13.3 0 24 10.7 24 24zm-124 88c0-11-9-20-20-20s-20 9-20 20 9 20 20 20 20-9 20-20zm64 0c0-11-9-20-20-20s-20 9-20 20 9 20 20 20 20-9 20-20z\"><\/path><\/svg>\t\t\t<\/span>\n\t\t\t\t\t\t\t\t\t<span class=\"elementor-button-text\">T\u00e9l\u00e9chargez nos tarifs<\/span>\n\t\t\t\t\t<\/span>\n\t\t\t\t\t<\/a>\n\t\t\t\t<\/div>\n\t\t\t\t\t\t\t\t<\/div>\n\t\t\t\t<\/div>\n\t\t\t\t\t<\/div>\n\t\t\t\t<\/div>\n\t\t\t\t<\/div>\n\t\t","protected":false},"excerpt":{"rendered":"<p>D\u00e9couvrez les tarifs des formations en pr\u00e9vention et s\u00e9curit\u00e9 propos\u00e9es par ELM FormAction, avec des solutions adapt\u00e9es \u00e0 vos besoins professionnels.<\/p>\n","protected":false},"author":1,"featured_media":2875,"parent":0,"menu_order":0,"comment_status":"closed","ping_status":"closed","template":"","meta":{"footnotes":""},"class_list":["post-2212","page","type-page","status-publish","has-post-thumbnail","hentry"],"yoast_head":"<!-- This site is optimized with the Yoast SEO plugin v27.6 - https:\/\/yoast.com\/product\/yoast-seo-wordpress\/ -->\n<title>Tarifs des formations pr\u00e9vention et s\u00e9curit\u00e9 | ELM FormAction<\/title>\n<meta name=\"description\" content=\"D\u00e9couvrez les tarifs des formations en pr\u00e9vention et s\u00e9curit\u00e9 propos\u00e9es par ELM FormAction, avec des solutions adapt\u00e9es \u00e0 vos besoins.\" \/>\n<meta name=\"robots\" content=\"index, follow, max-snippet:-1, max-image-preview:large, max-video-preview:-1\" \/>\n<link rel=\"canonical\" href=\"https:\/\/elm-formaction.fr\/index.php\/tarifs-formations\/\" \/>\n<meta property=\"og:locale\" content=\"fr_FR\" \/>\n<meta property=\"og:type\" content=\"article\" \/>\n<meta property=\"og:title\" content=\"Tarifs des formations pr\u00e9vention et s\u00e9curit\u00e9 | ELM FormAction\" \/>\n<meta property=\"og:description\" content=\"D\u00e9couvrez les tarifs des formations en pr\u00e9vention et s\u00e9curit\u00e9 propos\u00e9es par ELM FormAction, avec des solutions adapt\u00e9es \u00e0 vos besoins.\" \/>\n<meta property=\"og:url\" content=\"https:\/\/elm-formaction.fr\/index.php\/tarifs-formations\/\" \/>\n<meta property=\"og:site_name\" content=\"ELM-FORMACTION\" \/>\n<meta property=\"article:publisher\" content=\"https:\/\/www.facebook.com\/people\/ELM-FormAction\/61573750692677\/\" \/>\n<meta property=\"article:modified_time\" content=\"2026-03-04T09:45:01+00:00\" \/>\n<meta property=\"og:image\" content=\"https:\/\/elm-formaction.fr\/wp-content\/uploads\/2026\/03\/image-tarifs.png\" \/>\n\t<meta property=\"og:image:width\" content=\"1024\" \/>\n\t<meta property=\"og:image:height\" content=\"1024\" \/>\n\t<meta property=\"og:image:type\" content=\"image\/png\" \/>\n<meta name=\"twitter:card\" content=\"summary_large_image\" \/>\n<meta name=\"twitter:label1\" content=\"Dur\u00e9e de lecture estim\u00e9e\" \/>\n\t<meta name=\"twitter:data1\" content=\"1 minute\" \/>\n<script type=\"application\/ld+json\" class=\"yoast-schema-graph\">{\"@context\":\"https:\\\/\\\/schema.org\",\"@graph\":[{\"@type\":\"WebPage\",\"@id\":\"https:\\\/\\\/elm-formaction.fr\\\/index.php\\\/tarifs-formations\\\/\",\"url\":\"https:\\\/\\\/elm-formaction.fr\\\/index.php\\\/tarifs-formations\\\/\",\"name\":\"Tarifs des formations pr\u00e9vention et s\u00e9curit\u00e9 | ELM FormAction\",\"isPartOf\":{\"@id\":\"https:\\\/\\\/elm-formaction.fr\\\/#website\"},\"primaryImageOfPage\":{\"@id\":\"https:\\\/\\\/elm-formaction.fr\\\/index.php\\\/tarifs-formations\\\/#primaryimage\"},\"image\":{\"@id\":\"https:\\\/\\\/elm-formaction.fr\\\/index.php\\\/tarifs-formations\\\/#primaryimage\"},\"thumbnailUrl\":\"https:\\\/\\\/elm-formaction.fr\\\/wp-content\\\/uploads\\\/2026\\\/03\\\/image-tarifs.png\",\"datePublished\":\"2026-02-10T16:39:28+00:00\",\"dateModified\":\"2026-03-04T09:45:01+00:00\",\"description\":\"D\u00e9couvrez les tarifs des formations en pr\u00e9vention et s\u00e9curit\u00e9 propos\u00e9es par ELM FormAction, avec des solutions adapt\u00e9es \u00e0 vos besoins.\",\"breadcrumb\":{\"@id\":\"https:\\\/\\\/elm-formaction.fr\\\/index.php\\\/tarifs-formations\\\/#breadcrumb\"},\"inLanguage\":\"fr-FR\",\"potentialAction\":[{\"@type\":\"ReadAction\",\"target\":[\"https:\\\/\\\/elm-formaction.fr\\\/index.php\\\/tarifs-formations\\\/\"]}]},{\"@type\":\"ImageObject\",\"inLanguage\":\"fr-FR\",\"@id\":\"https:\\\/\\\/elm-formaction.fr\\\/index.php\\\/tarifs-formations\\\/#primaryimage\",\"url\":\"https:\\\/\\\/elm-formaction.fr\\\/wp-content\\\/uploads\\\/2026\\\/03\\\/image-tarifs.png\",\"contentUrl\":\"https:\\\/\\\/elm-formaction.fr\\\/wp-content\\\/uploads\\\/2026\\\/03\\\/image-tarifs.png\",\"width\":1024,\"height\":1024,\"caption\":\"Logo ELM FormAction avec le titre Tarifs des formations en pr\u00e9vention et s\u00e9curit\u00e9\"},{\"@type\":\"BreadcrumbList\",\"@id\":\"https:\\\/\\\/elm-formaction.fr\\\/index.php\\\/tarifs-formations\\\/#breadcrumb\",\"itemListElement\":[{\"@type\":\"ListItem\",\"position\":1,\"name\":\"Accueil\",\"item\":\"https:\\\/\\\/elm-formaction.fr\\\/\"},{\"@type\":\"ListItem\",\"position\":2,\"name\":\"Tarifs\"}]},{\"@type\":\"WebSite\",\"@id\":\"https:\\\/\\\/elm-formaction.fr\\\/#website\",\"url\":\"https:\\\/\\\/elm-formaction.fr\\\/\",\"name\":\"ELM-FORMACTION\",\"description\":\"Formez vous aujourd&#039;hui, agissez demain\",\"publisher\":{\"@id\":\"https:\\\/\\\/elm-formaction.fr\\\/#organization\"},\"potentialAction\":[{\"@type\":\"SearchAction\",\"target\":{\"@type\":\"EntryPoint\",\"urlTemplate\":\"https:\\\/\\\/elm-formaction.fr\\\/?s={search_term_string}\"},\"query-input\":{\"@type\":\"PropertyValueSpecification\",\"valueRequired\":true,\"valueName\":\"search_term_string\"}}],\"inLanguage\":\"fr-FR\"},{\"@type\":\"Organization\",\"@id\":\"https:\\\/\\\/elm-formaction.fr\\\/#organization\",\"name\":\"ELM-FORMACTION\",\"url\":\"https:\\\/\\\/elm-formaction.fr\\\/\",\"logo\":{\"@type\":\"ImageObject\",\"inLanguage\":\"fr-FR\",\"@id\":\"https:\\\/\\\/elm-formaction.fr\\\/#\\\/schema\\\/logo\\\/image\\\/\",\"url\":\"https:\\\/\\\/elm-formaction.fr\\\/wp-content\\\/uploads\\\/2025\\\/06\\\/Logo-pour-fond-blanc-2.svg\",\"contentUrl\":\"https:\\\/\\\/elm-formaction.fr\\\/wp-content\\\/uploads\\\/2025\\\/06\\\/Logo-pour-fond-blanc-2.svg\",\"width\":493,\"height\":158,\"caption\":\"ELM-FORMACTION\"},\"image\":{\"@id\":\"https:\\\/\\\/elm-formaction.fr\\\/#\\\/schema\\\/logo\\\/image\\\/\"},\"sameAs\":[\"https:\\\/\\\/www.facebook.com\\\/people\\\/ELM-FormAction\\\/61573750692677\\\/\",\"https:\\\/\\\/www.instagram.com\\\/elm_formaction\\\/\"]}]}<\/script>\n<!-- \/ Yoast SEO plugin. -->","yoast_head_json":{"title":"Tarifs des formations pr\u00e9vention et s\u00e9curit\u00e9 | ELM FormAction","description":"D\u00e9couvrez les tarifs des formations en pr\u00e9vention et s\u00e9curit\u00e9 propos\u00e9es par ELM FormAction, avec des solutions adapt\u00e9es \u00e0 vos besoins.","robots":{"index":"index","follow":"follow","max-snippet":"max-snippet:-1","max-image-preview":"max-image-preview:large","max-video-preview":"max-video-preview:-1"},"canonical":"https:\/\/elm-formaction.fr\/index.php\/tarifs-formations\/","og_locale":"fr_FR","og_type":"article","og_title":"Tarifs des formations pr\u00e9vention et s\u00e9curit\u00e9 | ELM FormAction","og_description":"D\u00e9couvrez les tarifs des formations en pr\u00e9vention et s\u00e9curit\u00e9 propos\u00e9es par ELM FormAction, avec des solutions adapt\u00e9es \u00e0 vos besoins.","og_url":"https:\/\/elm-formaction.fr\/index.php\/tarifs-formations\/","og_site_name":"ELM-FORMACTION","article_publisher":"https:\/\/www.facebook.com\/people\/ELM-FormAction\/61573750692677\/","article_modified_time":"2026-03-04T09:45:01+00:00","og_image":[{"width":1024,"height":1024,"url":"https:\/\/elm-formaction.fr\/wp-content\/uploads\/2026\/03\/image-tarifs.png","type":"image\/png"}],"twitter_card":"summary_large_image","twitter_misc":{"Dur\u00e9e de lecture estim\u00e9e":"1 minute"},"schema":{"@context":"https:\/\/schema.org","@graph":[{"@type":"WebPage","@id":"https:\/\/elm-formaction.fr\/index.php\/tarifs-formations\/","url":"https:\/\/elm-formaction.fr\/index.php\/tarifs-formations\/","name":"Tarifs des formations pr\u00e9vention et s\u00e9curit\u00e9 | ELM FormAction","isPartOf":{"@id":"https:\/\/elm-formaction.fr\/#website"},"primaryImageOfPage":{"@id":"https:\/\/elm-formaction.fr\/index.php\/tarifs-formations\/#primaryimage"},"image":{"@id":"https:\/\/elm-formaction.fr\/index.php\/tarifs-formations\/#primaryimage"},"thumbnailUrl":"https:\/\/elm-formaction.fr\/wp-content\/uploads\/2026\/03\/image-tarifs.png","datePublished":"2026-02-10T16:39:28+00:00","dateModified":"2026-03-04T09:45:01+00:00","description":"D\u00e9couvrez les tarifs des formations en pr\u00e9vention et s\u00e9curit\u00e9 propos\u00e9es par ELM FormAction, avec des solutions adapt\u00e9es \u00e0 vos besoins.","breadcrumb":{"@id":"https:\/\/elm-formaction.fr\/index.php\/tarifs-formations\/#breadcrumb"},"inLanguage":"fr-FR","potentialAction":[{"@type":"ReadAction","target":["https:\/\/elm-formaction.fr\/index.php\/tarifs-formations\/"]}]},{"@type":"ImageObject","inLanguage":"fr-FR","@id":"https:\/\/elm-formaction.fr\/index.php\/tarifs-formations\/#primaryimage","url":"https:\/\/elm-formaction.fr\/wp-content\/uploads\/2026\/03\/image-tarifs.png","contentUrl":"https:\/\/elm-formaction.fr\/wp-content\/uploads\/2026\/03\/image-tarifs.png","width":1024,"height":1024,"caption":"Logo ELM FormAction avec le titre Tarifs des formations en pr\u00e9vention et s\u00e9curit\u00e9"},{"@type":"BreadcrumbList","@id":"https:\/\/elm-formaction.fr\/index.php\/tarifs-formations\/#breadcrumb","itemListElement":[{"@type":"ListItem","position":1,"name":"Accueil","item":"https:\/\/elm-formaction.fr\/"},{"@type":"ListItem","position":2,"name":"Tarifs"}]},{"@type":"WebSite","@id":"https:\/\/elm-formaction.fr\/#website","url":"https:\/\/elm-formaction.fr\/","name":"ELM-FORMACTION","description":"Formez vous aujourd&#039;hui, agissez demain","publisher":{"@id":"https:\/\/elm-formaction.fr\/#organization"},"potentialAction":[{"@type":"SearchAction","target":{"@type":"EntryPoint","urlTemplate":"https:\/\/elm-formaction.fr\/?s={search_term_string}"},"query-input":{"@type":"PropertyValueSpecification","valueRequired":true,"valueName":"search_term_string"}}],"inLanguage":"fr-FR"},{"@type":"Organization","@id":"https:\/\/elm-formaction.fr\/#organization","name":"ELM-FORMACTION","url":"https:\/\/elm-formaction.fr\/","logo":{"@type":"ImageObject","inLanguage":"fr-FR","@id":"https:\/\/elm-formaction.fr\/#\/schema\/logo\/image\/","url":"https:\/\/elm-formaction.fr\/wp-content\/uploads\/2025\/06\/Logo-pour-fond-blanc-2.svg","contentUrl":"https:\/\/elm-formaction.fr\/wp-content\/uploads\/2025\/06\/Logo-pour-fond-blanc-2.svg","width":493,"height":158,"caption":"ELM-FORMACTION"},"image":{"@id":"https:\/\/elm-formaction.fr\/#\/schema\/logo\/image\/"},"sameAs":["https:\/\/www.facebook.com\/people\/ELM-FormAction\/61573750692677\/","https:\/\/www.instagram.com\/elm_formaction\/"]}]}},"_links":{"self":[{"href":"https:\/\/elm-formaction.fr\/index.php\/wp-json\/wp\/v2\/pages\/2212","targetHints":{"allow":["GET"]}}],"collection":[{"href":"https:\/\/elm-formaction.fr\/index.php\/wp-json\/wp\/v2\/pages"}],"about":[{"href":"https:\/\/elm-formaction.fr\/index.php\/wp-json\/wp\/v2\/types\/page"}],"author":[{"embeddable":true,"href":"https:\/\/elm-formaction.fr\/index.php\/wp-json\/wp\/v2\/users\/1"}],"replies":[{"embeddable":true,"href":"https:\/\/elm-formaction.fr\/index.php\/wp-json\/wp\/v2\/comments?post=2212"}],"version-history":[{"count":7,"href":"https:\/\/elm-formaction.fr\/index.php\/wp-json\/wp\/v2\/pages\/2212\/revisions"}],"predecessor-version":[{"id":2223,"href":"https:\/\/elm-formaction.fr\/index.php\/wp-json\/wp\/v2\/pages\/2212\/revisions\/2223"}],"wp:featuredmedia":[{"embeddable":true,"href":"https:\/\/elm-formaction.fr\/index.php\/wp-json\/wp\/v2\/media\/2875"}],"wp:attachment":[{"href":"https:\/\/elm-formaction.fr\/index.php\/wp-json\/wp\/v2\/media?parent=2212"}],"curies":[{"name":"wp","href":"https:\/\/api.w.org\/{rel}","templated":true}]}}