{"id":1352,"date":"2026-01-12T08:52:30","date_gmt":"2026-01-12T07:52:30","guid":{"rendered":"https:\/\/elm-formaction.fr\/?page_id=1352"},"modified":"2026-04-21T14:52:40","modified_gmt":"2026-04-21T12:52:40","slug":"secourisme","status":"publish","type":"page","link":"https:\/\/elm-formaction.fr\/index.php\/secourisme\/","title":{"rendered":"Secourisme"},"content":{"rendered":"\t\t<div data-elementor-type=\"wp-page\" data-elementor-id=\"1352\" class=\"elementor elementor-1352\" data-elementor-post-type=\"page\">\n\t\t\t\t<div class=\"elementor-element elementor-element-52fe835 e-flex e-con-boxed e-con e-parent\" data-id=\"52fe835\" data-element_type=\"container\" data-e-type=\"container\">\n\t\t\t\t\t<div class=\"e-con-inner\">\n\t\t\t\t<div class=\"elementor-element elementor-element-b4341d9 elementor-grid-2 elementor-grid-tablet-2 elementor-grid-mobile-1 elementor-posts--thumbnail-top elementor-widget elementor-widget-posts\" data-id=\"b4341d9\" data-element_type=\"widget\" data-e-type=\"widget\" data-settings=\"{&quot;classic_columns&quot;:&quot;2&quot;,&quot;classic_columns_tablet&quot;:&quot;2&quot;,&quot;classic_columns_mobile&quot;:&quot;1&quot;,&quot;classic_row_gap&quot;:{&quot;unit&quot;:&quot;px&quot;,&quot;size&quot;:35,&quot;sizes&quot;:[]},&quot;classic_row_gap_tablet&quot;:{&quot;unit&quot;:&quot;px&quot;,&quot;size&quot;:&quot;&quot;,&quot;sizes&quot;:[]},&quot;classic_row_gap_mobile&quot;:{&quot;unit&quot;:&quot;px&quot;,&quot;size&quot;:&quot;&quot;,&quot;sizes&quot;:[]}}\" data-widget_type=\"posts.classic\">\n\t\t\t\t<div class=\"elementor-widget-container\">\n\t\t\t\t\t\t\t<div class=\"elementor-posts-container elementor-posts elementor-posts--skin-classic elementor-grid\" role=\"list\">\n\t\t\t\t<article class=\"elementor-post elementor-grid-item post-255 post type-post status-publish format-standard has-post-thumbnail hentry category-secourisme\" role=\"listitem\">\n\t\t\t\t<a class=\"elementor-post__thumbnail__link\" href=\"https:\/\/elm-formaction.fr\/index.php\/2026\/01\/14\/sst-initial\/\" tabindex=\"-1\" target=&quot;_blank&quot;>\n\t\t\t<div class=\"elementor-post__thumbnail\"><img fetchpriority=\"high\" decoding=\"async\" width=\"768\" height=\"1024\" src=\"https:\/\/elm-formaction.fr\/wp-content\/uploads\/2026\/02\/photo-sst-initial--768x1024.jpg\" class=\"attachment-large size-large wp-image-1837\" alt=\"Formation SST initial \u2013 salari\u00e9 r\u00e9alisant les gestes de premiers secours en entreprise\" srcset=\"https:\/\/elm-formaction.fr\/wp-content\/uploads\/2026\/02\/photo-sst-initial--768x1024.jpg 768w, https:\/\/elm-formaction.fr\/wp-content\/uploads\/2026\/02\/photo-sst-initial--scaled-300x400.jpg 300w, https:\/\/elm-formaction.fr\/wp-content\/uploads\/2026\/02\/photo-sst-initial--225x300.jpg 225w, https:\/\/elm-formaction.fr\/wp-content\/uploads\/2026\/02\/photo-sst-initial--1152x1536.jpg 1152w, https:\/\/elm-formaction.fr\/wp-content\/uploads\/2026\/02\/photo-sst-initial--1536x2048.jpg 1536w, https:\/\/elm-formaction.fr\/wp-content\/uploads\/2026\/02\/photo-sst-initial--scaled.jpg 1920w\" sizes=\"(max-width: 768px) 100vw, 768px\" \/><\/div>\n\t\t<\/a>\n\t\t\t\t<div class=\"elementor-post__text\">\n\t\t\t\t<h3 class=\"elementor-post__title\">\n\t\t\t<a href=\"https:\/\/elm-formaction.fr\/index.php\/2026\/01\/14\/sst-initial\/\" target=&quot;_blank&quot;>\n\t\t\t\tSauveteur Secouriste du Travail (SST)\t\t\t<\/a>\n\t\t<\/h3>\n\t\t\t\t<div class=\"elementor-post__meta-data\">\n\t\t\t\t\t<span class=\"elementor-post-date\">\n\t\t\t14\/01\/2026\t\t<\/span>\n\t\t\t\t<span class=\"elementor-post-avatar\">\n\t\t\tUn commentaire\t\t<\/span>\n\t\t\t\t<\/div>\n\t\t\t\t<div class=\"elementor-post__excerpt\">\n\t\t\t<p>Formation SST Initial Devenez Sauveteur Secouriste du Travail et acteur de la pr\u00e9vention en entreprise. \ud83d\udcc5 Validit\u00e9 du titre24 mois \u23f1\ufe0f Dur\u00e9e2 jours (14h) \ud83d\udc65<\/p>\n\t\t<\/div>\n\t\t\t\t\t<div class=\"elementor-post__read-more-wrapper\">\n\t\t\n\t\t<a class=\"elementor-post__read-more\" href=\"https:\/\/elm-formaction.fr\/index.php\/2026\/01\/14\/sst-initial\/\" aria-label=\"En savoir plus sur Sauveteur Secouriste du Travail (SST)\" tabindex=\"-1\" target=\"_blank\">\n\t\t\tLire la suite \u00bb\t\t<\/a>\n\n\t\t\t\t\t<\/div>\n\t\t\t\t<\/div>\n\t\t\t\t<\/article>\n\t\t\t\t<article class=\"elementor-post elementor-grid-item post-248 post type-post status-publish format-standard has-post-thumbnail hentry category-secourisme\" role=\"listitem\">\n\t\t\t\t<a class=\"elementor-post__thumbnail__link\" href=\"https:\/\/elm-formaction.fr\/index.php\/2026\/01\/14\/sst-mac-recyclage\/\" tabindex=\"-1\" target=&quot;_blank&quot;>\n\t\t\t<div class=\"elementor-post__thumbnail\"><img decoding=\"async\" width=\"631\" height=\"409\" src=\"https:\/\/elm-formaction.fr\/wp-content\/uploads\/2024\/10\/screen-sst.png\" class=\"attachment-large size-large wp-image-901\" alt=\"Formation SST \u2013 Sauveteur Secouriste du Travail en entreprise\" srcset=\"https:\/\/elm-formaction.fr\/wp-content\/uploads\/2024\/10\/screen-sst.png 631w, https:\/\/elm-formaction.fr\/wp-content\/uploads\/2024\/10\/screen-sst-300x194.png 300w\" sizes=\"(max-width: 631px) 100vw, 631px\" \/><\/div>\n\t\t<\/a>\n\t\t\t\t<div class=\"elementor-post__text\">\n\t\t\t\t<h3 class=\"elementor-post__title\">\n\t\t\t<a href=\"https:\/\/elm-formaction.fr\/index.php\/2026\/01\/14\/sst-mac-recyclage\/\" target=&quot;_blank&quot;>\n\t\t\t\tRecyclage SST (Mac)\t\t\t<\/a>\n\t\t<\/h3>\n\t\t\t\t<div class=\"elementor-post__meta-data\">\n\t\t\t\t\t<span class=\"elementor-post-date\">\n\t\t\t14\/01\/2026\t\t<\/span>\n\t\t\t\t<span class=\"elementor-post-avatar\">\n\t\t\tAucun commentaire\t\t<\/span>\n\t\t\t\t<\/div>\n\t\t\t\t<div class=\"elementor-post__excerpt\">\n\t\t\t<p>Recyclage SST (Mac) Maintien et Actualisation des Comp\u00e9tences SST \ud83d\udcc5 Validit\u00e9 du titre24 mois \u23f1\ufe0f Dur\u00e9e1 jour (7h) \ud83d\udc65 PublicTout salari\u00e9 titulaire de la certification<\/p>\n\t\t<\/div>\n\t\t\t\t\t<div class=\"elementor-post__read-more-wrapper\">\n\t\t\n\t\t<a class=\"elementor-post__read-more\" href=\"https:\/\/elm-formaction.fr\/index.php\/2026\/01\/14\/sst-mac-recyclage\/\" aria-label=\"En savoir plus sur Recyclage SST (Mac)\" tabindex=\"-1\" target=\"_blank\">\n\t\t\tLire la suite \u00bb\t\t<\/a>\n\n\t\t\t\t\t<\/div>\n\t\t\t\t<\/div>\n\t\t\t\t<\/article>\n\t\t\t\t<article class=\"elementor-post elementor-grid-item post-3548 post type-post status-publish format-standard has-post-thumbnail hentry category-secourisme\" role=\"listitem\">\n\t\t\t\t<a class=\"elementor-post__thumbnail__link\" href=\"https:\/\/elm-formaction.fr\/index.php\/2026\/01\/14\/formation-ppms\/\" tabindex=\"-1\" target=&quot;_blank&quot;>\n\t\t\t<div class=\"elementor-post__thumbnail\"><img decoding=\"async\" width=\"800\" height=\"800\" src=\"https:\/\/elm-formaction.fr\/wp-content\/uploads\/2026\/04\/ChatGPT-Image-7-avr.-2026-15_53_44.png\" class=\"attachment-large size-large wp-image-3549\" alt=\"Formation PPMS plan particulier de mise en s\u00fbret\u00e9 en \u00e9tablissement scolaire ou entreprise\" srcset=\"https:\/\/elm-formaction.fr\/wp-content\/uploads\/2026\/04\/ChatGPT-Image-7-avr.-2026-15_53_44.png 1024w, https:\/\/elm-formaction.fr\/wp-content\/uploads\/2026\/04\/ChatGPT-Image-7-avr.-2026-15_53_44-100x100.png 100w, https:\/\/elm-formaction.fr\/wp-content\/uploads\/2026\/04\/ChatGPT-Image-7-avr.-2026-15_53_44-300x300.png 300w, https:\/\/elm-formaction.fr\/wp-content\/uploads\/2026\/04\/ChatGPT-Image-7-avr.-2026-15_53_44-150x150.png 150w, https:\/\/elm-formaction.fr\/wp-content\/uploads\/2026\/04\/ChatGPT-Image-7-avr.-2026-15_53_44-768x768.png 768w, https:\/\/elm-formaction.fr\/wp-content\/uploads\/2026\/04\/ChatGPT-Image-7-avr.-2026-15_53_44-50x50.png 50w\" sizes=\"(max-width: 800px) 100vw, 800px\" \/><\/div>\n\t\t<\/a>\n\t\t\t\t<div class=\"elementor-post__text\">\n\t\t\t\t<h3 class=\"elementor-post__title\">\n\t\t\t<a href=\"https:\/\/elm-formaction.fr\/index.php\/2026\/01\/14\/formation-ppms\/\" target=&quot;_blank&quot;>\n\t\t\t\tPlan Particulier de Mise en S\u00e9curit\u00e9\/S\u00fbret\u00e9\t\t\t<\/a>\n\t\t<\/h3>\n\t\t\t\t<div class=\"elementor-post__meta-data\">\n\t\t\t\t\t<span class=\"elementor-post-date\">\n\t\t\t14\/01\/2026\t\t<\/span>\n\t\t\t\t<span class=\"elementor-post-avatar\">\n\t\t\tAucun commentaire\t\t<\/span>\n\t\t\t\t<\/div>\n\t\t\t\t<div class=\"elementor-post__excerpt\">\n\t\t\t<p>Plan particulier de mise en s\u00e9curit\u00e9 (P.P.M.S) Formation Initiale Anticiper les situations d&rsquo;urgence, pour port\u00e9ger efficacement les \u00e9quipes et l&rsquo;\u00e9tablissement \u23f1\ufe0f Dur\u00e9e1 jour (7h) \ud83d\udc65<\/p>\n\t\t<\/div>\n\t\t\t\t\t<div class=\"elementor-post__read-more-wrapper\">\n\t\t\n\t\t<a class=\"elementor-post__read-more\" href=\"https:\/\/elm-formaction.fr\/index.php\/2026\/01\/14\/formation-ppms\/\" aria-label=\"En savoir plus sur Plan Particulier de Mise en S\u00e9curit\u00e9\/S\u00fbret\u00e9\" tabindex=\"-1\" target=\"_blank\">\n\t\t\tLire la suite \u00bb\t\t<\/a>\n\n\t\t\t\t\t<\/div>\n\t\t\t\t<\/div>\n\t\t\t\t<\/article>\n\t\t\t\t<\/div>\n\t\t\n\t\t\t\t\t\t<\/div>\n\t\t\t\t<\/div>\n\t\t\t\t\t<\/div>\n\t\t\t\t<\/div>\n\t\t\t\t<\/div>\n\t\t","protected":false},"excerpt":{"rendered":"","protected":false},"author":1,"featured_media":3965,"parent":0,"menu_order":0,"comment_status":"closed","ping_status":"closed","template":"","meta":{"footnotes":""},"class_list":["post-1352","page","type-page","status-publish","has-post-thumbnail","hentry"],"yoast_head":"<!-- This site is optimized with the Yoast SEO plugin v27.5 - https:\/\/yoast.com\/product\/yoast-seo-wordpress\/ -->\n<title>Secourisme - ELM-FORMACTION<\/title>\n<meta name=\"robots\" content=\"index, follow, max-snippet:-1, max-image-preview:large, max-video-preview:-1\" \/>\n<link rel=\"canonical\" href=\"https:\/\/elm-formaction.fr\/index.php\/secourisme\/\" \/>\n<meta property=\"og:locale\" content=\"fr_FR\" \/>\n<meta property=\"og:type\" content=\"article\" \/>\n<meta property=\"og:title\" content=\"Secourisme - ELM-FORMACTION\" \/>\n<meta property=\"og:url\" content=\"https:\/\/elm-formaction.fr\/index.php\/secourisme\/\" \/>\n<meta property=\"og:site_name\" content=\"ELM-FORMACTION\" \/>\n<meta property=\"article:publisher\" content=\"https:\/\/www.facebook.com\/people\/ELM-FormAction\/61573750692677\/\" \/>\n<meta property=\"article:modified_time\" content=\"2026-04-21T12:52:40+00:00\" \/>\n<meta property=\"og:image\" content=\"https:\/\/elm-formaction.fr\/wp-content\/uploads\/2026\/04\/istockphoto-614989090-612x612-1.jpg\" \/>\n\t<meta property=\"og:image:width\" content=\"612\" \/>\n\t<meta property=\"og:image:height\" content=\"408\" \/>\n\t<meta property=\"og:image:type\" content=\"image\/jpeg\" \/>\n<meta name=\"twitter:card\" content=\"summary_large_image\" \/>\n<meta name=\"twitter:label1\" content=\"Dur\u00e9e de lecture estim\u00e9e\" \/>\n\t<meta name=\"twitter:data1\" content=\"2 minutes\" \/>\n<script type=\"application\/ld+json\" class=\"yoast-schema-graph\">{\"@context\":\"https:\\\/\\\/schema.org\",\"@graph\":[{\"@type\":\"WebPage\",\"@id\":\"https:\\\/\\\/elm-formaction.fr\\\/index.php\\\/secourisme\\\/\",\"url\":\"https:\\\/\\\/elm-formaction.fr\\\/index.php\\\/secourisme\\\/\",\"name\":\"Secourisme - ELM-FORMACTION\",\"isPartOf\":{\"@id\":\"https:\\\/\\\/elm-formaction.fr\\\/#website\"},\"primaryImageOfPage\":{\"@id\":\"https:\\\/\\\/elm-formaction.fr\\\/index.php\\\/secourisme\\\/#primaryimage\"},\"image\":{\"@id\":\"https:\\\/\\\/elm-formaction.fr\\\/index.php\\\/secourisme\\\/#primaryimage\"},\"thumbnailUrl\":\"https:\\\/\\\/elm-formaction.fr\\\/wp-content\\\/uploads\\\/2026\\\/04\\\/istockphoto-614989090-612x612-1.jpg\",\"datePublished\":\"2026-01-12T07:52:30+00:00\",\"dateModified\":\"2026-04-21T12:52:40+00:00\",\"breadcrumb\":{\"@id\":\"https:\\\/\\\/elm-formaction.fr\\\/index.php\\\/secourisme\\\/#breadcrumb\"},\"inLanguage\":\"fr-FR\",\"potentialAction\":[{\"@type\":\"ReadAction\",\"target\":[\"https:\\\/\\\/elm-formaction.fr\\\/index.php\\\/secourisme\\\/\"]}]},{\"@type\":\"ImageObject\",\"inLanguage\":\"fr-FR\",\"@id\":\"https:\\\/\\\/elm-formaction.fr\\\/index.php\\\/secourisme\\\/#primaryimage\",\"url\":\"https:\\\/\\\/elm-formaction.fr\\\/wp-content\\\/uploads\\\/2026\\\/04\\\/istockphoto-614989090-612x612-1.jpg\",\"contentUrl\":\"https:\\\/\\\/elm-formaction.fr\\\/wp-content\\\/uploads\\\/2026\\\/04\\\/istockphoto-614989090-612x612-1.jpg\",\"width\":612,\"height\":408,\"caption\":\"First aid cardiopulmonary resuscitation course using automated external defibrillator device, AED.\"},{\"@type\":\"BreadcrumbList\",\"@id\":\"https:\\\/\\\/elm-formaction.fr\\\/index.php\\\/secourisme\\\/#breadcrumb\",\"itemListElement\":[{\"@type\":\"ListItem\",\"position\":1,\"name\":\"Accueil\",\"item\":\"https:\\\/\\\/elm-formaction.fr\\\/\"},{\"@type\":\"ListItem\",\"position\":2,\"name\":\"Secourisme\"}]},{\"@type\":\"WebSite\",\"@id\":\"https:\\\/\\\/elm-formaction.fr\\\/#website\",\"url\":\"https:\\\/\\\/elm-formaction.fr\\\/\",\"name\":\"ELM-FORMACTION\",\"description\":\"Formez vous aujourd&#039;hui, agissez demain\",\"publisher\":{\"@id\":\"https:\\\/\\\/elm-formaction.fr\\\/#organization\"},\"potentialAction\":[{\"@type\":\"SearchAction\",\"target\":{\"@type\":\"EntryPoint\",\"urlTemplate\":\"https:\\\/\\\/elm-formaction.fr\\\/?s={search_term_string}\"},\"query-input\":{\"@type\":\"PropertyValueSpecification\",\"valueRequired\":true,\"valueName\":\"search_term_string\"}}],\"inLanguage\":\"fr-FR\"},{\"@type\":\"Organization\",\"@id\":\"https:\\\/\\\/elm-formaction.fr\\\/#organization\",\"name\":\"ELM-FORMACTION\",\"url\":\"https:\\\/\\\/elm-formaction.fr\\\/\",\"logo\":{\"@type\":\"ImageObject\",\"inLanguage\":\"fr-FR\",\"@id\":\"https:\\\/\\\/elm-formaction.fr\\\/#\\\/schema\\\/logo\\\/image\\\/\",\"url\":\"https:\\\/\\\/elm-formaction.fr\\\/wp-content\\\/uploads\\\/2025\\\/06\\\/Logo-pour-fond-blanc-2.svg\",\"contentUrl\":\"https:\\\/\\\/elm-formaction.fr\\\/wp-content\\\/uploads\\\/2025\\\/06\\\/Logo-pour-fond-blanc-2.svg\",\"width\":493,\"height\":158,\"caption\":\"ELM-FORMACTION\"},\"image\":{\"@id\":\"https:\\\/\\\/elm-formaction.fr\\\/#\\\/schema\\\/logo\\\/image\\\/\"},\"sameAs\":[\"https:\\\/\\\/www.facebook.com\\\/people\\\/ELM-FormAction\\\/61573750692677\\\/\",\"https:\\\/\\\/www.instagram.com\\\/elm_formaction\\\/\"]}]}<\/script>\n<!-- \/ Yoast SEO plugin. -->","yoast_head_json":{"title":"Secourisme - ELM-FORMACTION","robots":{"index":"index","follow":"follow","max-snippet":"max-snippet:-1","max-image-preview":"max-image-preview:large","max-video-preview":"max-video-preview:-1"},"canonical":"https:\/\/elm-formaction.fr\/index.php\/secourisme\/","og_locale":"fr_FR","og_type":"article","og_title":"Secourisme - ELM-FORMACTION","og_url":"https:\/\/elm-formaction.fr\/index.php\/secourisme\/","og_site_name":"ELM-FORMACTION","article_publisher":"https:\/\/www.facebook.com\/people\/ELM-FormAction\/61573750692677\/","article_modified_time":"2026-04-21T12:52:40+00:00","og_image":[{"width":612,"height":408,"url":"https:\/\/elm-formaction.fr\/wp-content\/uploads\/2026\/04\/istockphoto-614989090-612x612-1.jpg","type":"image\/jpeg"}],"twitter_card":"summary_large_image","twitter_misc":{"Dur\u00e9e de lecture estim\u00e9e":"2 minutes"},"schema":{"@context":"https:\/\/schema.org","@graph":[{"@type":"WebPage","@id":"https:\/\/elm-formaction.fr\/index.php\/secourisme\/","url":"https:\/\/elm-formaction.fr\/index.php\/secourisme\/","name":"Secourisme - ELM-FORMACTION","isPartOf":{"@id":"https:\/\/elm-formaction.fr\/#website"},"primaryImageOfPage":{"@id":"https:\/\/elm-formaction.fr\/index.php\/secourisme\/#primaryimage"},"image":{"@id":"https:\/\/elm-formaction.fr\/index.php\/secourisme\/#primaryimage"},"thumbnailUrl":"https:\/\/elm-formaction.fr\/wp-content\/uploads\/2026\/04\/istockphoto-614989090-612x612-1.jpg","datePublished":"2026-01-12T07:52:30+00:00","dateModified":"2026-04-21T12:52:40+00:00","breadcrumb":{"@id":"https:\/\/elm-formaction.fr\/index.php\/secourisme\/#breadcrumb"},"inLanguage":"fr-FR","potentialAction":[{"@type":"ReadAction","target":["https:\/\/elm-formaction.fr\/index.php\/secourisme\/"]}]},{"@type":"ImageObject","inLanguage":"fr-FR","@id":"https:\/\/elm-formaction.fr\/index.php\/secourisme\/#primaryimage","url":"https:\/\/elm-formaction.fr\/wp-content\/uploads\/2026\/04\/istockphoto-614989090-612x612-1.jpg","contentUrl":"https:\/\/elm-formaction.fr\/wp-content\/uploads\/2026\/04\/istockphoto-614989090-612x612-1.jpg","width":612,"height":408,"caption":"First aid cardiopulmonary resuscitation course using automated external defibrillator device, AED."},{"@type":"BreadcrumbList","@id":"https:\/\/elm-formaction.fr\/index.php\/secourisme\/#breadcrumb","itemListElement":[{"@type":"ListItem","position":1,"name":"Accueil","item":"https:\/\/elm-formaction.fr\/"},{"@type":"ListItem","position":2,"name":"Secourisme"}]},{"@type":"WebSite","@id":"https:\/\/elm-formaction.fr\/#website","url":"https:\/\/elm-formaction.fr\/","name":"ELM-FORMACTION","description":"Formez vous aujourd&#039;hui, agissez demain","publisher":{"@id":"https:\/\/elm-formaction.fr\/#organization"},"potentialAction":[{"@type":"SearchAction","target":{"@type":"EntryPoint","urlTemplate":"https:\/\/elm-formaction.fr\/?s={search_term_string}"},"query-input":{"@type":"PropertyValueSpecification","valueRequired":true,"valueName":"search_term_string"}}],"inLanguage":"fr-FR"},{"@type":"Organization","@id":"https:\/\/elm-formaction.fr\/#organization","name":"ELM-FORMACTION","url":"https:\/\/elm-formaction.fr\/","logo":{"@type":"ImageObject","inLanguage":"fr-FR","@id":"https:\/\/elm-formaction.fr\/#\/schema\/logo\/image\/","url":"https:\/\/elm-formaction.fr\/wp-content\/uploads\/2025\/06\/Logo-pour-fond-blanc-2.svg","contentUrl":"https:\/\/elm-formaction.fr\/wp-content\/uploads\/2025\/06\/Logo-pour-fond-blanc-2.svg","width":493,"height":158,"caption":"ELM-FORMACTION"},"image":{"@id":"https:\/\/elm-formaction.fr\/#\/schema\/logo\/image\/"},"sameAs":["https:\/\/www.facebook.com\/people\/ELM-FormAction\/61573750692677\/","https:\/\/www.instagram.com\/elm_formaction\/"]}]}},"_links":{"self":[{"href":"https:\/\/elm-formaction.fr\/index.php\/wp-json\/wp\/v2\/pages\/1352","targetHints":{"allow":["GET"]}}],"collection":[{"href":"https:\/\/elm-formaction.fr\/index.php\/wp-json\/wp\/v2\/pages"}],"about":[{"href":"https:\/\/elm-formaction.fr\/index.php\/wp-json\/wp\/v2\/types\/page"}],"author":[{"embeddable":true,"href":"https:\/\/elm-formaction.fr\/index.php\/wp-json\/wp\/v2\/users\/1"}],"replies":[{"embeddable":true,"href":"https:\/\/elm-formaction.fr\/index.php\/wp-json\/wp\/v2\/comments?post=1352"}],"version-history":[{"count":4,"href":"https:\/\/elm-formaction.fr\/index.php\/wp-json\/wp\/v2\/pages\/1352\/revisions"}],"predecessor-version":[{"id":3983,"href":"https:\/\/elm-formaction.fr\/index.php\/wp-json\/wp\/v2\/pages\/1352\/revisions\/3983"}],"wp:featuredmedia":[{"embeddable":true,"href":"https:\/\/elm-formaction.fr\/index.php\/wp-json\/wp\/v2\/media\/3965"}],"wp:attachment":[{"href":"https:\/\/elm-formaction.fr\/index.php\/wp-json\/wp\/v2\/media?parent=1352"}],"curies":[{"name":"wp","href":"https:\/\/api.w.org\/{rel}","templated":true}]}}